{"id":105,"date":"2018-10-11T09:50:48","date_gmt":"2018-10-11T07:50:48","guid":{"rendered":"https:\/\/www.kungsberget.se\/?page_id=105"},"modified":"2023-11-22T09:43:31","modified_gmt":"2023-11-22T08:43:31","slug":"stugagare","status":"publish","type":"page","link":"https:\/\/www.kungsberget.se\/da\/stugagare\/","title":{"rendered":"Sommerhusejer"},"content":{"rendered":"<div class=\"ingress\">Vil du eje din egen bolig i Kungsberget? En privat hytte n\u00e6r pisterne er dr\u00f8mmen for mange skielskere. Sommerhusejerportalen er for dig, der allerede ejer et sommerhus eller lejlighed i Kungsberget og \u00f8nsker at leje det ud. Kungsberget Fritidscenter hj\u00e6lper med hele processen fra markedsf\u00f8ring, g\u00e6stekontakt og alt det praktiske omkring udlejningen.<\/div>\n<div><\/div>","protected":false},"excerpt":{"rendered":"<p>Vil du eje din egen bolig i Kungsberget? En privat hytte n\u00e6r pisterne er dr\u00f8mmen for mange skielskere. Sommerhusejerportalen er for dig, der allerede ejer et sommerhus eller lejlighed i Kungsberget og \u00f8nsker at leje det ud. Kungsberget Fritidscenter hj\u00e6lper med hele processen fra markedsf\u00f8ring, g\u00e6stekontakt og alt det praktiske omkring udlejningen.<\/p>","protected":false},"author":2,"featured_media":0,"parent":0,"menu_order":0,"comment_status":"closed","ping_status":"closed","template":"","meta":{"_acf_changed":false,"footnotes":""},"class_list":["post-105","page","type-page","status-publish","hentry"],"acf":[],"_links":{"self":[{"href":"https:\/\/www.kungsberget.se\/da\/wp-json\/wp\/v2\/pages\/105"}],"collection":[{"href":"https:\/\/www.kungsberget.se\/da\/wp-json\/wp\/v2\/pages"}],"about":[{"href":"https:\/\/www.kungsberget.se\/da\/wp-json\/wp\/v2\/types\/page"}],"author":[{"embeddable":true,"href":"https:\/\/www.kungsberget.se\/da\/wp-json\/wp\/v2\/users\/2"}],"replies":[{"embeddable":true,"href":"https:\/\/www.kungsberget.se\/da\/wp-json\/wp\/v2\/comments?post=105"}],"version-history":[{"count":8,"href":"https:\/\/www.kungsberget.se\/da\/wp-json\/wp\/v2\/pages\/105\/revisions"}],"predecessor-version":[{"id":6881,"href":"https:\/\/www.kungsberget.se\/da\/wp-json\/wp\/v2\/pages\/105\/revisions\/6881"}],"wp:attachment":[{"href":"https:\/\/www.kungsberget.se\/da\/wp-json\/wp\/v2\/media?parent=105"}],"curies":[{"name":"wp","href":"https:\/\/api.w.org\/{rel}","templated":true}]}}