{"id":1396,"date":"2018-11-19T15:45:11","date_gmt":"2018-11-19T15:45:11","guid":{"rendered":"https:\/\/www.kungsberget.se\/?page_id=1396"},"modified":"2026-03-06T11:33:55","modified_gmt":"2026-03-06T10:33:55","slug":"boendekarta","status":"publish","type":"page","link":"https:\/\/www.kungsberget.se\/da\/boende\/boendekarta\/","title":{"rendered":"Overnatningskort"},"content":{"rendered":"<p style=\"text-align: center;\">Med vores fleksible oversigtskort f\u00e5r du et godt overblik over hele Kungsberget og kan nemt v\u00e6lge den bolig der passer bedst til dine behov, vi har alt fra hyggelige sommerhuse til luksuri\u00f8se lejligheder. L\u00e6ngere nede p\u00e5 siden finder du kort over alle vores omr\u00e5der.<\/p>\n<p>&nbsp;<\/p>\n<p style=\"text-align: center;\"><a class=\"btn--c--brand btn\" href=\"https:\/\/cdn.branasgruppen.se\/kungsberget\/app\/uploads\/2025\/11\/19114346\/Kungsberget-o%CC%88versiktskarta_25-26.pdf\" target=\"_blank\" rel=\"noopener\">Oversigtskort vinter<\/a><\/p>\n<hr \/>\n<p style=\"text-align: center;\">","protected":false},"excerpt":{"rendered":"<p>Med vores handy oversigtskort f\u00e5r du et godt overblik over hele Kungsberget og kan nemt udv\u00e6lge den bolig, der passer bedst til dine behov, vi har alt fra hyggelige sommerhuse til luksuri\u00f8se lejligheder. L\u00e6ngere nede p\u00e5 siden finder du kort over alle vores omr\u00e5der.  Oversigtskort vinter<\/p>","protected":false},"author":2,"featured_media":0,"parent":79,"menu_order":0,"comment_status":"closed","ping_status":"closed","template":"","meta":{"_acf_changed":false,"footnotes":""},"class_list":["post-1396","page","type-page","status-publish","hentry"],"acf":[],"_links":{"self":[{"href":"https:\/\/www.kungsberget.se\/da\/wp-json\/wp\/v2\/pages\/1396"}],"collection":[{"href":"https:\/\/www.kungsberget.se\/da\/wp-json\/wp\/v2\/pages"}],"about":[{"href":"https:\/\/www.kungsberget.se\/da\/wp-json\/wp\/v2\/types\/page"}],"author":[{"embeddable":true,"href":"https:\/\/www.kungsberget.se\/da\/wp-json\/wp\/v2\/users\/2"}],"replies":[{"embeddable":true,"href":"https:\/\/www.kungsberget.se\/da\/wp-json\/wp\/v2\/comments?post=1396"}],"version-history":[{"count":74,"href":"https:\/\/www.kungsberget.se\/da\/wp-json\/wp\/v2\/pages\/1396\/revisions"}],"predecessor-version":[{"id":9191,"href":"https:\/\/www.kungsberget.se\/da\/wp-json\/wp\/v2\/pages\/1396\/revisions\/9191"}],"up":[{"embeddable":true,"href":"https:\/\/www.kungsberget.se\/da\/wp-json\/wp\/v2\/pages\/79"}],"wp:attachment":[{"href":"https:\/\/www.kungsberget.se\/da\/wp-json\/wp\/v2\/media?parent=1396"}],"curies":[{"name":"wp","href":"https:\/\/api.w.org\/{rel}","templated":true}]}}