{"id":1701,"date":"2018-12-08T17:11:08","date_gmt":"2018-12-08T17:11:08","guid":{"rendered":"https:\/\/www.kungsberget.se\/?page_id=1701"},"modified":"2025-11-24T08:40:41","modified_gmt":"2025-11-24T07:40:41","slug":"kopa-boende","status":"publish","type":"page","link":"https:\/\/www.kungsberget.se\/da\/om-branasgruppen\/kopa-boende\/","title":{"rendered":"K\u00f8b bolig"},"content":{"rendered":"<div class=\"ingress\" style=\"text-align: center;\">\n<p data-start=\"71\" data-end=\"329\">G\u00f8r din dr\u00f8m om dit eget hjem midt i eventyret til virkelighed. Her venter frisk pr\u00e6parerede pister uden for d\u00f8ren om vinteren og cykling i topklasse om sommeren. Med et sommerhus eller en lejlighed i Kungsberget har du aktivitetscentret som dit andet hjem \u2013 hele \u00e5ret rundt.<\/p>\n<p style=\"text-align: center;\"><a class=\"btn btn--action\" href=\"https:\/\/www.booli.se\/sok\/till-salu?areaIds=887145\">Se alle ejendomme til salg p\u00e5 booli<\/a><\/p>\n<p><a class=\"btn btn--action\" href=\"https:\/\/kungsberget.r360owner.se\/r360\/owner\/login.php\">Sommerhusejere: Log ind p\u00e5 sommerhusejerportalen<\/a><\/p>\n<\/div>\n<div style=\"text-align: center;\"><\/div>","protected":false},"excerpt":{"rendered":"<p>G\u00f8r din dr\u00f8m om din egen bolig midt i eventyret til virkelighed. Her venter frisk pr\u00e6parerede pister uden for d\u00f8ren om vinteren og cykling i topklasse i sommerm\u00e5nederne. Med et sommerhus eller en lejlighed i Kungsberget har du aktivitetscentret som dit andet hjem \u2013 \u00e5ret rundt. Se alle boliger til salg p\u00e5 booli. Sommerhusejere: Log ind p\u00e5 sommerhusejerportalen.<\/p>","protected":false},"author":2,"featured_media":0,"parent":579,"menu_order":0,"comment_status":"closed","ping_status":"closed","template":"","meta":{"_acf_changed":false,"footnotes":""},"class_list":["post-1701","page","type-page","status-publish","hentry"],"acf":[],"_links":{"self":[{"href":"https:\/\/www.kungsberget.se\/da\/wp-json\/wp\/v2\/pages\/1701"}],"collection":[{"href":"https:\/\/www.kungsberget.se\/da\/wp-json\/wp\/v2\/pages"}],"about":[{"href":"https:\/\/www.kungsberget.se\/da\/wp-json\/wp\/v2\/types\/page"}],"author":[{"embeddable":true,"href":"https:\/\/www.kungsberget.se\/da\/wp-json\/wp\/v2\/users\/2"}],"replies":[{"embeddable":true,"href":"https:\/\/www.kungsberget.se\/da\/wp-json\/wp\/v2\/comments?post=1701"}],"version-history":[{"count":199,"href":"https:\/\/www.kungsberget.se\/da\/wp-json\/wp\/v2\/pages\/1701\/revisions"}],"predecessor-version":[{"id":8974,"href":"https:\/\/www.kungsberget.se\/da\/wp-json\/wp\/v2\/pages\/1701\/revisions\/8974"}],"up":[{"embeddable":true,"href":"https:\/\/www.kungsberget.se\/da\/wp-json\/wp\/v2\/pages\/579"}],"wp:attachment":[{"href":"https:\/\/www.kungsberget.se\/da\/wp-json\/wp\/v2\/media?parent=1701"}],"curies":[{"name":"wp","href":"https:\/\/api.w.org\/{rel}","templated":true}]}}