{"id":1988,"date":"2018-12-19T15:03:24","date_gmt":"2018-12-19T15:03:24","guid":{"rendered":"https:\/\/www.kungsberget.se\/?page_id=1988"},"modified":"2025-10-27T15:39:36","modified_gmt":"2025-10-27T14:39:36","slug":"take-away","status":"publish","type":"page","link":"https:\/\/www.kungsberget.se\/da\/restauranger\/take-away\/","title":{"rendered":"Take Away og levering"},"content":{"rendered":"<div class=\"ingress\" style=\"text-align: center;\">S\u00e6t dig ned i sofaen, nyd hyggen i sommerhuset og lad os bidrage til stemningen med friskbagte pizzaer fra Sofias Pizzeria.<\/div>\n<div>\n<section class=\"default-page blue--sl--bg\">\n<div class=\"block-text blue--sl--bg\">\n<div class=\"container\">\n<div class=\"default-page__article mx-auto\">\n<div class=\"default-page__content\">\n<p>N\u00e5r man holder ferie i Kungsberget, er det skil\u00f8b og samv\u00e6r. Derfor kan det v\u00e6re rart at fork\u00e6le sig selv med noget ekstra, bruge tid ude p\u00e5 pisterne og lade en anden tage sig af maden.<\/p>\n<p>Sofias pizzeria tilbyder friskbagte pizzaer med solide r\u00e5varer.<\/p>\n<p><a class=\"btn btn--c--brand\" href=\"https:\/\/order.happyorder.io\/sv\/sofiaspizzeria\/1574\/1204\/products\/list\">Bestil take away her\u00a0<\/a><\/p>\n<\/div>\n<\/div>\n<\/div>\n<\/div>\n<\/section>\n<\/div>","protected":false},"excerpt":{"rendered":"<p>S\u00e6t dig ned i sofaen, nyd sommerhusstemningen og lad os bidrage til stemningen med friskbagte pizzaer fra Sofias Pizzeria. N\u00e5r du er p\u00e5 ferie i Kungsberget, er skil\u00f8b og samv\u00e6r det vigtigste. Derfor kan det v\u00e6re rart at fork\u00e6le sig selv med noget ekstra, bruge tid ude p\u00e5 pisterne og lade en anden tage sig af [\u2026]<\/p>","protected":false},"author":2,"featured_media":0,"parent":87,"menu_order":11,"comment_status":"closed","ping_status":"closed","template":"","meta":{"_acf_changed":false,"footnotes":""},"class_list":["post-1988","page","type-page","status-publish","hentry"],"acf":[],"_links":{"self":[{"href":"https:\/\/www.kungsberget.se\/da\/wp-json\/wp\/v2\/pages\/1988"}],"collection":[{"href":"https:\/\/www.kungsberget.se\/da\/wp-json\/wp\/v2\/pages"}],"about":[{"href":"https:\/\/www.kungsberget.se\/da\/wp-json\/wp\/v2\/types\/page"}],"author":[{"embeddable":true,"href":"https:\/\/www.kungsberget.se\/da\/wp-json\/wp\/v2\/users\/2"}],"replies":[{"embeddable":true,"href":"https:\/\/www.kungsberget.se\/da\/wp-json\/wp\/v2\/comments?post=1988"}],"version-history":[{"count":31,"href":"https:\/\/www.kungsberget.se\/da\/wp-json\/wp\/v2\/pages\/1988\/revisions"}],"predecessor-version":[{"id":8848,"href":"https:\/\/www.kungsberget.se\/da\/wp-json\/wp\/v2\/pages\/1988\/revisions\/8848"}],"up":[{"embeddable":true,"href":"https:\/\/www.kungsberget.se\/da\/wp-json\/wp\/v2\/pages\/87"}],"wp:attachment":[{"href":"https:\/\/www.kungsberget.se\/da\/wp-json\/wp\/v2\/media?parent=1988"}],"curies":[{"name":"wp","href":"https:\/\/api.w.org\/{rel}","templated":true}]}}