{"id":2063,"date":"2019-01-07T15:12:10","date_gmt":"2019-01-07T14:12:10","guid":{"rendered":"https:\/\/www.kungsberget.se\/?page_id=2063"},"modified":"2025-05-14T11:04:33","modified_gmt":"2025-05-14T09:04:33","slug":"vagbeskrivning","status":"publish","type":"page","link":"https:\/\/www.kungsberget.se\/da\/vagbeskrivning\/","title":{"rendered":"Vejbeskrivelse"},"content":{"rendered":"<ul>\n<li>K\u00f8r E4 mod G\u00e4vle, drej fra ved G\u00e4vle C mod E16 Oslo, Sandviken.<\/li>\n<li>K\u00f8r til afk\u00f8rslen Sandviken V\u00e4stra, k\u00f8r ligeud i den f\u00f8rste rundk\u00f8rsel, k\u00f8r til venstre i den anden rundk\u00f8rsel.<\/li>\n<li>F\u00f8lg J\u00e4rbov\u00e4gen gennem samfundet J\u00e4rbo, efter ca. 7 km: f\u00f8lg skiltene til Kungsberget.<\/li>\n<\/ul>\n<h3><span style=\"font-size: 18.72px;\">TIL DIG MED EN ELBIL<\/span><\/h3>\n<p>Ankommet med elbilen? Vi har ogs\u00e5 parkering til dig!<\/p>\n<p>&nbsp;<\/p>\n<p><a class=\"btn btn--c--brand\" href=\"https:\/\/www.google.com\/maps\/d\/u\/0\/viewer?msa=0&amp;mid=1ByOtbcJGW5J7O8gLowFQ0dAd3jM\">Kort<\/a><\/p>","protected":false},"excerpt":{"rendered":"<p>K\u00f6r E4 mot G\u00e4vle, sv\u00e4ng av vid G\u00e4vle C mot E16 Oslo, Sandviken. K\u00f6r till avfarten Sandviken V\u00e4stra, k\u00f6r rakt fram i f\u00f6rsta rondellen, k\u00f6r v\u00e4nster i andra rondellen. F\u00f6lj J\u00e4rbov\u00e4gen genom samh\u00e4llet J\u00e4rbo, efter cirka 7 km: f\u00f6lj skyltningen till Kungsberget. F\u00d6R DIG MED ELBIL Framme med elbilen? Vi har parkering f\u00f6r dig ocks\u00e5! [&hellip;]<\/p>","protected":false},"author":14,"featured_media":0,"parent":0,"menu_order":0,"comment_status":"closed","ping_status":"closed","template":"","meta":{"_acf_changed":false,"footnotes":""},"class_list":["post-2063","page","type-page","status-publish","hentry"],"acf":[],"_links":{"self":[{"href":"https:\/\/www.kungsberget.se\/da\/wp-json\/wp\/v2\/pages\/2063"}],"collection":[{"href":"https:\/\/www.kungsberget.se\/da\/wp-json\/wp\/v2\/pages"}],"about":[{"href":"https:\/\/www.kungsberget.se\/da\/wp-json\/wp\/v2\/types\/page"}],"author":[{"embeddable":true,"href":"https:\/\/www.kungsberget.se\/da\/wp-json\/wp\/v2\/users\/14"}],"replies":[{"embeddable":true,"href":"https:\/\/www.kungsberget.se\/da\/wp-json\/wp\/v2\/comments?post=2063"}],"version-history":[{"count":3,"href":"https:\/\/www.kungsberget.se\/da\/wp-json\/wp\/v2\/pages\/2063\/revisions"}],"predecessor-version":[{"id":2104,"href":"https:\/\/www.kungsberget.se\/da\/wp-json\/wp\/v2\/pages\/2063\/revisions\/2104"}],"wp:attachment":[{"href":"https:\/\/www.kungsberget.se\/da\/wp-json\/wp\/v2\/media?parent=2063"}],"curies":[{"name":"wp","href":"https:\/\/api.w.org\/{rel}","templated":true}]}}