{"id":2246,"date":"2019-03-01T10:13:01","date_gmt":"2019-03-01T09:13:01","guid":{"rendered":"https:\/\/www.kungsberget.se\/?page_id=2246"},"modified":"2026-04-06T09:08:35","modified_gmt":"2026-04-06T07:08:35","slug":"sara-hector-als-challenge","status":"publish","type":"page","link":"https:\/\/www.kungsberget.se\/da\/sara-hector-als-challenge\/","title":{"rendered":"Hector ALS Challenge"},"content":{"rendered":"<div class=\"ingress\">Hector ALS Challenge er en folkefestival for alle, der skaber skigl\u00e6de og bek\u00e6mper ALS.<\/div>\n<div>\n<h1>Hector ALS Challenge \u2013 en folkefest for alle skil\u00f8bere!<\/h1>\n<p>Hector als challenge er en uforglemmelig dag p\u00e5 sne, hvor alle er inviteret! I l\u00f8bet af dagen arrangeres et stort velg\u00f8renhedsl\u00f8b, hvor \u00e9n person k\u00f8rer parallelt med hinanden. Der er plads til alle, store som sm\u00e5 \u2013 uanset hvor meget erfaring du har med at st\u00e5 p\u00e5 ski. Fokus er p\u00e5 ridegl\u00e6den! I l\u00f8bet af dagen har du ogs\u00e5 chancen for at udfordre verdensmesteren og begivenhedens initiativtager, Sara Hector, for at se, hvordan du klarer dig mod en olympisk guldvinder. I m\u00e5lomr\u00e5det finder du ogs\u00e5 flere sponsorer, som er med og bidrager til en magisk dag, hvor vi alle har samme m\u00e5l \u2013 at bek\u00e6mpe ALS med gl\u00e6de.<\/p>\n<p>Deltagergebyret g\u00e5r direkte til forskningen for ALS.<\/p>\n<p>Tilmelding sker p\u00e5 stedet.<\/p>\n<\/div>\n<h1>Sara Hector, initiativtager til indsamlingen<\/h1>\n<p>Med en olympisk guldmedalje og adskillige VM-titler under b\u00e6ltet er Sara Hector ikke kun en af Sveriges mest fremtr\u00e6dende alpine stjerner, men ogs\u00e5 en engageret fortaler for ALS-forskning. Hendes mor har i flere \u00e5r k\u00e6mpet mod ALS, som blev drivkraften bag at ville g\u00f8re en forskel. Saras personlige forhold til sygdommen fik hende til at v\u00e6lge at starte Hector ALS Challenge i 2019, en parallel slalomkonkurrence, der har til form\u00e5l at st\u00f8tte forskning i sygdommen. Siden starten har vi samlet rejst over 1 million kroner.<\/p>\n<div>\n<h1>Send dit bidrag<\/h1>\n<p>Vil du bidrage til indsamlingen? G\u00e5 ind <a href=\"https:\/\/sarahector.com\/hector-als-challenge\/\">sarahector.com\/hector-als\/challenge\/<\/a> for mere information.<\/p>\n<\/div>\n<h1>Hector cup \u2013 l\u00f8bskonkurrence for skiklubber<\/h1>\n<p class=\"p1\">I forbindelse med Hector ALS Challenge dyster alpinisterne ogs\u00e5 om at st\u00e5 \u00f8verst p\u00e5 podiet under Hector Cuppen. Sara Hector, G\u00e4vle Alpina, Kungsbergets Alpina og Kungsberget inviterer her foreninger til en weekend fyldt med skigl\u00e6de under konkurrencer i b\u00e5de parallelslalom og storslalom.<\/p>\n<p>Hector ALS Challenge og Hector Cup er et f\u00e6lles arrangement, der gennemf\u00f8res i samarbejde mellem Sara Hector, <a href=\"https:\/\/www.kungsbergetsalpina.se\/start\/?ID=415088\">Kungsberget Alpine<\/a>, <a href=\"https:\/\/www.gavlealpina.nu\/start\/?ID=121928\">Gavle Alpine<\/a> og Kungsbergets Fritidsanl\u00e4ggning, hvor parterne sammen bidrager til at skabe et velorganiseret og engageret arrangement til gavn for ALS-forskning<\/p>\n<div>\n<hr \/>\n<\/div>","protected":false},"excerpt":{"rendered":"<p>Hector ALS Challenge \u00e4r en folkfest f\u00f6r alla som skapar skidgl\u00e4dje och bek\u00e4mpar ALS. Hector ALS Challenge \u2013 en folkfest f\u00f6r alla skid\u00e5kare! Hector als challenge \u00e4r en of\u00f6rgl\u00f6mlig dag p\u00e5 sn\u00f6 d\u00e4r alla \u00e4r inbjudna! Under dagen arrangeras ett stort v\u00e4lg\u00f6renhetslopp d\u00e4r en mot en \u00e5ker parallellt mot varandra. H\u00e4r finns det plats f\u00f6r [&hellip;]<\/p>","protected":false},"author":14,"featured_media":0,"parent":0,"menu_order":0,"comment_status":"closed","ping_status":"closed","template":"","meta":{"_acf_changed":false,"footnotes":""},"class_list":["post-2246","page","type-page","status-publish","hentry"],"acf":[],"_links":{"self":[{"href":"https:\/\/www.kungsberget.se\/da\/wp-json\/wp\/v2\/pages\/2246"}],"collection":[{"href":"https:\/\/www.kungsberget.se\/da\/wp-json\/wp\/v2\/pages"}],"about":[{"href":"https:\/\/www.kungsberget.se\/da\/wp-json\/wp\/v2\/types\/page"}],"author":[{"embeddable":true,"href":"https:\/\/www.kungsberget.se\/da\/wp-json\/wp\/v2\/users\/14"}],"replies":[{"embeddable":true,"href":"https:\/\/www.kungsberget.se\/da\/wp-json\/wp\/v2\/comments?post=2246"}],"version-history":[{"count":83,"href":"https:\/\/www.kungsberget.se\/da\/wp-json\/wp\/v2\/pages\/2246\/revisions"}],"predecessor-version":[{"id":9302,"href":"https:\/\/www.kungsberget.se\/da\/wp-json\/wp\/v2\/pages\/2246\/revisions\/9302"}],"wp:attachment":[{"href":"https:\/\/www.kungsberget.se\/da\/wp-json\/wp\/v2\/media?parent=2246"}],"curies":[{"name":"wp","href":"https:\/\/api.w.org\/{rel}","templated":true}]}}