{"id":307,"date":"2018-10-30T06:34:37","date_gmt":"2018-10-30T06:34:37","guid":{"rendered":"https:\/\/www.kungsberget.se\/?page_id=307"},"modified":"2025-12-17T11:23:48","modified_gmt":"2025-12-17T10:23:48","slug":"pris-och-snogaranti","status":"publish","type":"page","link":"https:\/\/www.kungsberget.se\/da\/bra-att-veta\/pris-och-snogaranti\/","title":{"rendered":"Pris og snegaranti"},"content":{"rendered":"<div class=\"ingress\">\n<div class=\"ingress\">Hos os kan du f\u00f8le dig tryg, n\u00e5r du bestiller en skiferie \u2013 uanset om du booker tidligt eller sent. Med vores sne- og prisgaranti f\u00e5r du altid en fordelagtig pris og du skal selvf\u00f8lgelig aldrig betale for en skitur uden sne.<\/div>\n<h2 style=\"text-align: left;\">Snegaranti - pengene tilbage eller ombooking<\/h2>\n<p style=\"text-align: left;\">En skitur er ikke en skitur uden ski og sne. Eller hvordan? For os er det derfor en selvf\u00f8lge, at du ikke skal betale, hvis vores anl\u00e6g ikke leverer lige pr\u00e6cis det. Med vores snegaranti f\u00e5r du altid dine penge tilbage, eller mulighed for at ombooke din rejse, hvis vi ikke overholder, hvad vi lover. P\u00e5 den m\u00e5de kan du v\u00e6re sikker p\u00e5, at du f\u00e5r det, du bestiller.<\/p>\n<p style=\"text-align: left;\"><strong>Hvad garanterer vi?<br \/>\n<\/strong><span class=\"TextRun SCXW206176917 BCX8\" lang=\"SV-SE\" xml:lang=\"SV-SE\" data-contrast=\"auto\"><span class=\"NormalTextRun SCXW206176917 BCX8\">F\u00f8lgende fem pister er \u00e5bne:<\/span><\/span><span class=\"EOP SCXW206176917 BCX8\" data-ccp-props=\"{&quot;134233117&quot;:true,&quot;134233118&quot;:true}\">\u00a0<\/span><strong><br \/>\n<\/strong><\/p>\n<ul>\n<li style=\"text-align: left;\"><span data-contrast=\"auto\">Mittbacken, fra Fikasv\u00e4ngen og ned \u2013 r\u00f8d skr\u00e6nt<\/span><\/li>\n<li style=\"text-align: left;\"><span class=\"TextRun SCXW216904698 BCX8\" lang=\"SV-SE\" xml:lang=\"SV-SE\" data-contrast=\"auto\"><span class=\"NormalTextRun SCXW216904698 BCX8\">Familiebakke, ned til Fikasv\u00e4ngen, og Korridoren \u2013 to bl\u00e5 bakker<\/span><\/span><span class=\"EOP SCXW216904698 BCX8\" data-ccp-props=\"{&quot;134233117&quot;:true,&quot;134233118&quot;:true}\">\u00a0<\/span><\/li>\n<li style=\"text-align: left;\"><span class=\"TextRun SCXW209792767 BCX8\" lang=\"SV-SE\" xml:lang=\"SV-SE\" data-contrast=\"auto\"><span class=\"NormalTextRun SCXW209792767 BCX8\">Bj\u00f6rnbuseland og Skidskolebacken \u2013 to greens\u00a0<\/span><span class=\"NormalTextRun SCXW209792767 BCX8\">skr\u00e5ninger<\/span><\/span><span class=\"EOP SCXW209792767 BCX8\" data-ccp-props=\"{&quot;134233117&quot;:true,&quot;134233118&quot;:true}\">\u00a0<\/span><\/li>\n<\/ul>\n<p style=\"text-align: left;\"><span class=\"TextRun SCXW206176917 BCX8\" lang=\"SV-SE\" xml:lang=\"SV-SE\" data-contrast=\"auto\"><span class=\"NormalTextRun SCXW206176917 BCX8\">F\u00f8lgende fem lifte er \u00e5bne:<\/span><\/span><span class=\"EOP SCXW206176917 BCX8\" data-ccp-props=\"{&quot;134233117&quot;:true,&quot;134233118&quot;:true}\">\u00a0<\/span><\/p>\n<ul>\n<li style=\"text-align: left;\"><span data-contrast=\"auto\">Kongens 8<\/span><span data-ccp-props=\"{&quot;134233117&quot;:true,&quot;134233118&quot;:true}\">\u00a0<\/span><\/li>\n<li style=\"text-align: left;\"><span class=\"TextRun SCXW153853549 BCX8\" lang=\"SV-SE\" xml:lang=\"SV-SE\" data-contrast=\"auto\"><span class=\"NormalTextRun SCXW153853549 BCX8\">Skiskoleliften<\/span><\/span><span class=\"EOP SCXW153853549 BCX8\" data-ccp-props=\"{&quot;134233117&quot;:true,&quot;134233118&quot;:true}\">\u00a0<\/span><\/li>\n<li style=\"text-align: left;\"><span class=\"TextRun SCXW58414978 BCX8\" lang=\"SV-SE\" xml:lang=\"SV-SE\" data-contrast=\"auto\"><span class=\"NormalTextRun SCXW58414978 BCX8\">Den store bj\u00f8rnelift<\/span><\/span><span class=\"EOP SCXW58414978 BCX8\" data-ccp-props=\"{&quot;134233117&quot;:true,&quot;134233118&quot;:true}\">\u00a0<\/span><\/li>\n<li style=\"text-align: left;\"><span class=\"TextRun SCXW42911350 BCX8\" lang=\"SV-SE\" xml:lang=\"SV-SE\" data-contrast=\"auto\"><span class=\"NormalTextRun SCXW42911350 BCX8\">Lille Bj\u00f8rnelift<\/span><\/span><span class=\"EOP SCXW42911350 BCX8\" data-ccp-props=\"{&quot;134233117&quot;:true,&quot;134233118&quot;:true}\">\u00a0<\/span><\/li>\n<li style=\"text-align: left;\"><span class=\"TextRun SCXW71340064 BCX8\" lang=\"SV-SE\" xml:lang=\"SV-SE\" data-contrast=\"auto\"><span class=\"NormalTextRun SCXW71340064 BCX8\">Bj\u00f6rnbusens transportb\u00e5nd<\/span><\/span><span class=\"EOP SCXW71340064 BCX8\" data-ccp-props=\"{&quot;134233117&quot;:true,&quot;134233118&quot;:true}\">\u00a0<\/span><\/li>\n<\/ul>\n<p style=\"text-align: left;\"><strong>Hvis snegarantien ikke er opfyldt<\/strong><\/p>\n<p style=\"text-align: left;\">Har vi ikke opfyldt vores snegaranti? Indtil 11.00 dagen efter ankomst, kan du v\u00e6lge at afbestille eller aflyse dit ophold og v\u00e6lge mellem mulighederne herunder.<\/p>\n<ul style=\"text-align: left;\">\n<li>Tilbagebetaling af det fulde bel\u00f8b.<\/li>\n<li>Ombestil din rejse til en anden dato eller til vores s\u00f8steranl\u00e6g Bran\u00e4s.<\/li>\n<\/ul>\n<hr \/>\n<h2 style=\"text-align: left;\">Prisgaranti - altid favorable priser<\/h2>\n<p style=\"text-align: left;\">Har du ogs\u00e5 haft den smertefulde oplevelse, n\u00e5r du opdager, at rejsen pludselig er meget billigere kun f\u00e5 dage efter, du har bestilt? N\u00e5r du booker en ferie hos os, beh\u00f8ver du aldrig at bekymre dig. Vi har altid de samme fordelagtige priser \u2013 uanset hvor t\u00e6t p\u00e5 ankomstdatoen du bestiller. Faste priser simpelthen!<\/p>\n<p style=\"text-align: left;\"><strong>Har du fundet en billigere pris?<\/strong><\/p>\n<p style=\"text-align: left;\">Vores priser er fastsat for hver uge f\u00f8r vores ejendomme frigives og \u00e6ndres aldrig i l\u00f8bet af s\u00e6sonen. Har du trods alt fundet en billigere pris p\u00e5 din bolig i samme periode, som du har bestilt? S\u00e5 betaler vi selvf\u00f8lgelig forskellen tilbage.<\/p>\n<hr \/>\n<h2 style=\"text-align: left;\">Ombooking og afbestilling<\/h2>\n<p style=\"text-align: left;\">Udover vores sne- og prisgaranti har vi ogs\u00e5 en af branchens mest gener\u00f8se ombookings- og afbestillingsbeskyttelse. K\u00f8b vores afbestillingsbeskyttelse, og du kan bestille din rejse i god tid og altid f\u00f8le dig tryg. <a href=\"https:\/\/www.kungsberget.se\/da\/bra-att-veta\/om-och-avbokning\/\">L\u00e6s mere om beskyttelsen her. <\/a><\/p>\n<\/div>\n<h2 style=\"text-align: center;\"><a class=\"btn btn--c--brand\" href=\"https:\/\/cdn.branasgruppen.se\/kungsberget\/app\/uploads\/2024\/04\/25091822\/KB-Bokningsregler-se.pdf\" target=\"_blank\" rel=\"noopener\">L\u00e6s vores bookingregler<\/a><\/h2>\n<h2 style=\"text-align: center;\"><a class=\"btn btn--c--brand\" href=\"https:\/\/cdn.branasgruppen.se\/kungsberget\/app\/uploads\/2024\/04\/25091823\/KB-Bokningsregler-engelska.pdf\" target=\"_blank\" rel=\"noopener\">L\u00e6s vores vilk\u00e5r og betingelser her<\/a><\/h2>","protected":false},"excerpt":{"rendered":"<p>Hos os kan du f\u00f8le dig tryg, n\u00e5r du booker en skiferie \u2013 uanset om du booker tidligt eller sent. Med vores sne- og prisgaranti f\u00e5r du altid en fordelagtig pris og du skal selvf\u00f8lgelig aldrig betale for en skitur uden sne. Snegaranti \u2013 pengene tilbage eller ombooking En skitur er ikke en skitur uden ski [\u2026]<\/p>","protected":false},"author":2,"featured_media":0,"parent":887,"menu_order":0,"comment_status":"closed","ping_status":"closed","template":"","meta":{"_acf_changed":false,"footnotes":""},"class_list":["post-307","page","type-page","status-publish","hentry"],"acf":[],"_links":{"self":[{"href":"https:\/\/www.kungsberget.se\/da\/wp-json\/wp\/v2\/pages\/307"}],"collection":[{"href":"https:\/\/www.kungsberget.se\/da\/wp-json\/wp\/v2\/pages"}],"about":[{"href":"https:\/\/www.kungsberget.se\/da\/wp-json\/wp\/v2\/types\/page"}],"author":[{"embeddable":true,"href":"https:\/\/www.kungsberget.se\/da\/wp-json\/wp\/v2\/users\/2"}],"replies":[{"embeddable":true,"href":"https:\/\/www.kungsberget.se\/da\/wp-json\/wp\/v2\/comments?post=307"}],"version-history":[{"count":32,"href":"https:\/\/www.kungsberget.se\/da\/wp-json\/wp\/v2\/pages\/307\/revisions"}],"predecessor-version":[{"id":9014,"href":"https:\/\/www.kungsberget.se\/da\/wp-json\/wp\/v2\/pages\/307\/revisions\/9014"}],"up":[{"embeddable":true,"href":"https:\/\/www.kungsberget.se\/da\/wp-json\/wp\/v2\/pages\/887"}],"wp:attachment":[{"href":"https:\/\/www.kungsberget.se\/da\/wp-json\/wp\/v2\/media?parent=307"}],"curies":[{"name":"wp","href":"https:\/\/api.w.org\/{rel}","templated":true}]}}