{"id":3102,"date":"2019-12-09T13:43:44","date_gmt":"2019-12-09T12:43:44","guid":{"rendered":"https:\/\/www.kungsberget.se\/?page_id=3102"},"modified":"2024-04-19T08:23:19","modified_gmt":"2024-04-19T06:23:19","slug":"miljo","status":"publish","type":"page","link":"https:\/\/www.kungsberget.se\/da\/miljo\/","title":{"rendered":"Holdbarhed"},"content":{"rendered":"<div class=\"ingress\">B\u00e6redygtighed er en naturlig del af os, vores virksomhed og vores forretningskoncept.<\/div>\n<p style=\"text-align: left;\">I vores b\u00e6redygtighedsarbejde arbejder vi med vores p\u00e5virkning af hele vores milj\u00f8.<\/p>\n<p style=\"text-align: left;\">Allerede i 2001 gik Bran\u00e4s-koncernen over til fossilfri elektricitet fra vedvarende kilder. Siden da har vi taget mange skridt fremad, men vi ser det som en kontinuerlig rejse og leder altid efter det n\u00e6ste sp\u00e6ndende skridt.<\/p>\n<h1 style=\"text-align: center;\">Bran\u00e4s-gruppen<\/h1>\n<p style=\"text-align: left;\">Inden for Bran\u00e4s-gruppen har vi altid et b\u00e6redygtighedsperspektiv, n\u00e5r vi designer og udvikler vores faciliteter. Det hele startede med udvidelsen i Bran\u00e4s, hvor vi inds\u00e5 vigtigheden af overnatning, der er ski in - ski out. Ikke at bruge bilen p\u00e5 ferien er ikke kun afslappende og \u00f8konomisk, men ogs\u00e5 b\u00e6redygtigt.<br \/>\nVi har siden bragt tankegangen med alle servicefunktioner p\u00e5 g\u00e5-\/skiafstand her til Kungsberget.<br \/>\nP\u00e5 grund af vores st\u00f8rrelse kan vi foretage investeringer, der ikke ville have v\u00e6ret \u00f8konomisk b\u00e6redygtige p\u00e5 vores mindre anl\u00e6g.<\/p>\n<p style=\"text-align: left;\">I denne s\u00e6son investerer vi massivt inden for hele koncernen i at blive mere milj\u00f8venlige. I dag har vi st\u00f8rstedelen af vores m\u00f8der via digitale m\u00f8desteder og bruger kun fly, n\u00e5r der ikke er andre muligheder. Hele gruppen har selvf\u00f8lgelig overenskomst, og vi har nultolerance over for mobning og diskrimination.<\/p>","protected":false},"excerpt":{"rendered":"<p>B\u00e6redygtighed er en naturlig del af os, vores virksomhed og vores forretningskoncept. I vores b\u00e6redygtighedsarbejde arbejder vi med vores p\u00e5virkning af hele vores milj\u00f8. Tilbage i 2001 gik Bran\u00e4s-koncernen over til fossilfri elektricitet fra vedvarende kilder. Siden da har vi taget mange skridt fremad, men vi ser det som en kontinuerlig rejse og leder altid efter [\u2026]<\/p>","protected":false},"author":14,"featured_media":0,"parent":0,"menu_order":0,"comment_status":"closed","ping_status":"closed","template":"","meta":{"_acf_changed":false,"footnotes":""},"class_list":["post-3102","page","type-page","status-publish","hentry"],"acf":[],"_links":{"self":[{"href":"https:\/\/www.kungsberget.se\/da\/wp-json\/wp\/v2\/pages\/3102"}],"collection":[{"href":"https:\/\/www.kungsberget.se\/da\/wp-json\/wp\/v2\/pages"}],"about":[{"href":"https:\/\/www.kungsberget.se\/da\/wp-json\/wp\/v2\/types\/page"}],"author":[{"embeddable":true,"href":"https:\/\/www.kungsberget.se\/da\/wp-json\/wp\/v2\/users\/14"}],"replies":[{"embeddable":true,"href":"https:\/\/www.kungsberget.se\/da\/wp-json\/wp\/v2\/comments?post=3102"}],"version-history":[{"count":15,"href":"https:\/\/www.kungsberget.se\/da\/wp-json\/wp\/v2\/pages\/3102\/revisions"}],"predecessor-version":[{"id":7352,"href":"https:\/\/www.kungsberget.se\/da\/wp-json\/wp\/v2\/pages\/3102\/revisions\/7352"}],"wp:attachment":[{"href":"https:\/\/www.kungsberget.se\/da\/wp-json\/wp\/v2\/media?parent=3102"}],"curies":[{"name":"wp","href":"https:\/\/api.w.org\/{rel}","templated":true}]}}