{"id":3306,"date":"2020-02-24T09:03:07","date_gmt":"2020-02-24T08:03:07","guid":{"rendered":"https:\/\/www.kungsberget.se\/?page_id=3306"},"modified":"2020-02-24T09:03:07","modified_gmt":"2020-02-24T08:03:07","slug":"hyr-barnvagn","status":"publish","type":"page","link":"https:\/\/www.kungsberget.se\/da\/hyr-barnvagn\/","title":{"rendered":"Lej en barnevogn"},"content":{"rendered":"<div class=\"ingress\" style=\"text-align: center;\">Spar bagageplads i bilen og lej din klapvogn hos os. Tilpasset til sne og terr\u00e6n er Thule Chariot Cross en perfekt vogn til bjergmilj\u00f8er. Du booker i vores skiudlejning eller p\u00e5 054-13 26 00<\/div>\n<div><\/div>","protected":false},"excerpt":{"rendered":"<p>Spar bagageplads i bilen og lej din klapvogn hos os. Tilpasset til sne og terr\u00e6n er Thule Chariot Cross en perfekt vogn til bjergmilj\u00f8er. Du booker i vores skiudlejning eller p\u00e5 054-13 26 00<\/p>","protected":false},"author":14,"featured_media":0,"parent":0,"menu_order":0,"comment_status":"closed","ping_status":"closed","template":"","meta":{"_acf_changed":false,"footnotes":""},"class_list":["post-3306","page","type-page","status-publish","hentry"],"acf":[],"_links":{"self":[{"href":"https:\/\/www.kungsberget.se\/da\/wp-json\/wp\/v2\/pages\/3306"}],"collection":[{"href":"https:\/\/www.kungsberget.se\/da\/wp-json\/wp\/v2\/pages"}],"about":[{"href":"https:\/\/www.kungsberget.se\/da\/wp-json\/wp\/v2\/types\/page"}],"author":[{"embeddable":true,"href":"https:\/\/www.kungsberget.se\/da\/wp-json\/wp\/v2\/users\/14"}],"replies":[{"embeddable":true,"href":"https:\/\/www.kungsberget.se\/da\/wp-json\/wp\/v2\/comments?post=3306"}],"version-history":[{"count":4,"href":"https:\/\/www.kungsberget.se\/da\/wp-json\/wp\/v2\/pages\/3306\/revisions"}],"predecessor-version":[{"id":3314,"href":"https:\/\/www.kungsberget.se\/da\/wp-json\/wp\/v2\/pages\/3306\/revisions\/3314"}],"wp:attachment":[{"href":"https:\/\/www.kungsberget.se\/da\/wp-json\/wp\/v2\/media?parent=3306"}],"curies":[{"name":"wp","href":"https:\/\/api.w.org\/{rel}","templated":true}]}}