{"id":3470,"date":"2020-04-27T14:28:48","date_gmt":"2020-04-27T12:28:48","guid":{"rendered":"https:\/\/www.kungsberget.se\/?page_id=3470"},"modified":"2026-03-19T14:53:11","modified_gmt":"2026-03-19T13:53:11","slug":"boendeomraden","status":"publish","type":"page","link":"https:\/\/www.kungsberget.se\/da\/boende\/boendeomraden\/","title":{"rendered":"Boligomr\u00e5der"},"content":{"rendered":"<div class=\"ingress\">En varm velkomst til Kungsberget og vores indkvarteringsomr\u00e5der. Hos os finder du alt fra moderne lejligheder i klassisk lodgestil til moderne og komfortabel indkvartering t\u00e6t p\u00e5 pisterne.<\/div>\n<div style=\"text-align: center;\"><a class=\"btn btn--action btn--c--white--brand\" href=\"https:\/\/www.kungsberget.se\/da\/bokning\/#\/boenden\">Book overnatning<\/a><\/div>\n<div><\/div>","protected":false},"excerpt":{"rendered":"<p>Varmt v\u00e4lkommen till Kungsberget och v\u00e5ra boendeomr\u00e5den. Hos oss hittar du alltifr\u00e5n moderna l\u00e4genheter i klassisk lodge-stil till moderna och bekv\u00e4ma boenden som \u00e4r pistn\u00e4ra. Boka boende<\/p>","protected":false},"author":14,"featured_media":0,"parent":79,"menu_order":0,"comment_status":"closed","ping_status":"closed","template":"","meta":{"_acf_changed":false,"footnotes":""},"class_list":["post-3470","page","type-page","status-publish","hentry"],"acf":[],"_links":{"self":[{"href":"https:\/\/www.kungsberget.se\/da\/wp-json\/wp\/v2\/pages\/3470"}],"collection":[{"href":"https:\/\/www.kungsberget.se\/da\/wp-json\/wp\/v2\/pages"}],"about":[{"href":"https:\/\/www.kungsberget.se\/da\/wp-json\/wp\/v2\/types\/page"}],"author":[{"embeddable":true,"href":"https:\/\/www.kungsberget.se\/da\/wp-json\/wp\/v2\/users\/14"}],"replies":[{"embeddable":true,"href":"https:\/\/www.kungsberget.se\/da\/wp-json\/wp\/v2\/comments?post=3470"}],"version-history":[{"count":47,"href":"https:\/\/www.kungsberget.se\/da\/wp-json\/wp\/v2\/pages\/3470\/revisions"}],"predecessor-version":[{"id":9223,"href":"https:\/\/www.kungsberget.se\/da\/wp-json\/wp\/v2\/pages\/3470\/revisions\/9223"}],"up":[{"embeddable":true,"href":"https:\/\/www.kungsberget.se\/da\/wp-json\/wp\/v2\/pages\/79"}],"wp:attachment":[{"href":"https:\/\/www.kungsberget.se\/da\/wp-json\/wp\/v2\/media?parent=3470"}],"curies":[{"name":"wp","href":"https:\/\/api.w.org\/{rel}","templated":true}]}}