{"id":374,"date":"2018-10-30T09:39:15","date_gmt":"2018-10-30T09:39:15","guid":{"rendered":"https:\/\/www.kungsberget.se\/?page_id=374"},"modified":"2025-12-03T13:34:30","modified_gmt":"2025-12-03T12:34:30","slug":"hyra-skidor","status":"publish","type":"page","link":"https:\/\/www.kungsberget.se\/da\/hyra-skidor\/","title":{"rendered":"Lej ski"},"content":{"rendered":"<div class=\"ingress\">Vi har alt for at g\u00f8re din ferie s\u00e5 problemfri som muligt. Her tilbyder vi, udover fuldt serviceret skiudstyr, snowracere, skit\u00f8j og skibriller. Du finder skiudlejningen centralt beliggende ved den store parkeringsplads og t\u00e6t p\u00e5 vores store stolelift Kungs8:an.<\/div>\n<div style=\"text-align: center;\"><a class=\"btn--c--brand btn\" href=\"https:\/\/hyra.kungsberget.se\/vinter\/#\/\">book skiudstyr<\/a><\/div>","protected":false},"excerpt":{"rendered":"<p>Vi har alt for at g\u00f8re din ferie s\u00e5 problemfri som muligt. Her tilbyder vi, udover fuldt serviceret skiudstyr, snowracere, skit\u00f8j og skibriller. Du finder skiudlejningen centralt beliggende ved den store parkeringsplads og t\u00e6t p\u00e5 vores store stolelift Kungs8:an. book skiudstyr<\/p>","protected":false},"author":2,"featured_media":0,"parent":0,"menu_order":0,"comment_status":"closed","ping_status":"closed","template":"","meta":{"_acf_changed":false,"footnotes":""},"class_list":["post-374","page","type-page","status-publish","hentry"],"acf":[],"_links":{"self":[{"href":"https:\/\/www.kungsberget.se\/da\/wp-json\/wp\/v2\/pages\/374"}],"collection":[{"href":"https:\/\/www.kungsberget.se\/da\/wp-json\/wp\/v2\/pages"}],"about":[{"href":"https:\/\/www.kungsberget.se\/da\/wp-json\/wp\/v2\/types\/page"}],"author":[{"embeddable":true,"href":"https:\/\/www.kungsberget.se\/da\/wp-json\/wp\/v2\/users\/2"}],"replies":[{"embeddable":true,"href":"https:\/\/www.kungsberget.se\/da\/wp-json\/wp\/v2\/comments?post=374"}],"version-history":[{"count":154,"href":"https:\/\/www.kungsberget.se\/da\/wp-json\/wp\/v2\/pages\/374\/revisions"}],"predecessor-version":[{"id":8981,"href":"https:\/\/www.kungsberget.se\/da\/wp-json\/wp\/v2\/pages\/374\/revisions\/8981"}],"wp:attachment":[{"href":"https:\/\/www.kungsberget.se\/da\/wp-json\/wp\/v2\/media?parent=374"}],"curies":[{"name":"wp","href":"https:\/\/api.w.org\/{rel}","templated":true}]}}