{"id":3800,"date":"2020-11-22T14:01:38","date_gmt":"2020-11-22T13:01:38","guid":{"rendered":"https:\/\/www.kungsberget.se\/?page_id=3800"},"modified":"2026-01-11T16:16:07","modified_gmt":"2026-01-11T15:16:07","slug":"app-skidhyra-information","status":"publish","type":"page","link":"https:\/\/www.kungsberget.se\/da\/app-skidhyra-information\/","title":{"rendered":"[APP: SKIUDLEJNING] \u2013 Information"},"content":{"rendered":"<h4>INFORMATION SKIUDSTYR<\/h4>\n<p><strong>Lej udstyr<\/strong><br \/>\nI Kungsberget booker du alt udstyr hurtigt og nemt via online booking p\u00e5 hjemmesiden eller direkte p\u00e5 din mobiltelefon, booker du i mindst to dage, s\u00e5 leverer vi ogs\u00e5 skiene til din bolig helt gratis. Skal du afhente dit udstyr hos skiudlejningen, beder vi dig om ikke at komme ind, f\u00f8r du har modtaget din sms med instruktioner. Skulle du have behov for at skifte p\u00e5 grund af st\u00f8rrelse eller andet, s\u00e5 hj\u00e6lper vi dig selvf\u00f8lgelig med det.<\/p>\n<p><strong>Gratis levering<\/strong><br \/>\nBenyt lejligheden til at bestille en gratis tur, bestil i mindst to dage og du har skiene i boligen ved ankomst. Det kunne ikke v\u00e6re mere praktisk end det. Du kan booke op til kl. 8 to dage f\u00f8r ankomst for at f\u00e5 udstyret rullet ud.<\/p>\n<p><strong>Hvad betyder begynder, mellemliggende og avanceret?<\/strong><br \/>\nBegyndere \u2013 Velegnet til dem, der skal l\u00e6re at ride og bremse.<br \/>\nMedium \u2013 Velegnet til dem, der \u00f8nsker at udvikle deres skil\u00f8b og st\u00e5 p\u00e5 ski fra toppen og f\u00e5 mere fart.<br \/>\nAvanceret \u2013 Velegnet til dem, der k\u00f8rer p\u00e5 alle pister og \u00f8nsker at kunne tilpasse deres skil\u00f8b. Vi har alt fra slalomski til Allmountain.<\/p>\n<p><strong>Multilejer<\/strong><br \/>\nHvis du bestiller en multileje, har du mulighed for at skifte udstyr under dit ophold, st\u00e5 p\u00e5 alpint den ene dag og pr\u00f8ve snowboard eller twintip den n\u00e6ste! Hvis du ikke angiver andre \u00f8nsker, starter du med ski.<\/p>\n<p><strong>Udlejningst\u00f8j<\/strong><br \/>\nHar du glemt din skijakke derhjemme, eller er det lidt koldere end du troede? Intet problem \u2013 vi tilbyder ogs\u00e5 udlejning af skit\u00f8j, s\u00e5 du ikke fryser p\u00e5 pisterne. Du kan leje et helt s\u00e6t eller bare en jakke eller bukser. Du beh\u00f8ver simpelthen ikke bekymre dig om ikke at v\u00e6re ordentligt kl\u00e6dt p\u00e5 p\u00e5 pisterne. Du kan leje dit skit\u00f8j p\u00e5 stedet hos skiudlejningen.<\/p>\n<p><strong>Bj\u00f6rnbusarnas v\u00e6kstpakke<\/strong><br \/>\nBj\u00f6rnbusarnas V\u00e6kstpakke er en udstyrspakke, der f\u00f8lger dit barns h\u00f8jde og udvikling. Pakken inkluderer ski (HEAD) &amp; st\u00f8vler. Du v\u00e6lger indgangsl\u00e6ngden og kan s\u00e5 skifte til den rigtige st\u00f8rrelse, n\u00e5r barnet vokser. Byttepakken er ny eller nyserviceret. Skift s\u00e5 ofte du vil, indtil barnet har 130 cm lange ski. Skal du flytte eller p\u00e5 skiferie, er det fint at \u00e6ndre pakken ogs\u00e5 i Bran\u00e4s. Vi anbefaler den lille pakke til b\u00f8rn 80-120 cm og den st\u00f8rre til b\u00f8rn 120-130 cm h\u00f8je. Vi forbeholder os ret til at visse l\u00e6ngder kan v\u00e6re udsolgt. Udskiftning skal ske inden for 24 m\u00e5neder.<\/p>\n<p>Udvekslingsgebyrer:<\/p>\n<p>\u2022 Ski &amp; St\u00f8vler 450 kr<br \/>\n\u2022 Kun ski 350 kr<br \/>\n\u2022 St\u00f8vler kun 200 kr<\/p>\n<p><strong>Service dit skiudstyr<\/strong><br \/>\nDit udstyrs tilstand spiller en stor rolle for din oplevelse p\u00e5 pisterne. Hvis det er l\u00e6nge siden, du har serviceret dine ski, f\u00e5r du helt sikkert en ny oplevelse. Kom ind i skiudlejningen i Kungsberget landsby, s\u00e5 hj\u00e6lper vi dig med, hvilken form for service dine ski har brug for!<\/p>\n<p><strong>Egne st\u00f8vler<\/strong><br \/>\nHvis du bestiller ski, men har dine egne st\u00f8vler, s\u00e5 husk at du skal f\u00e5 tilpasset skiene korrekt, da alle st\u00f8vler har forskellige yderm\u00e5l. Vores skiudlejning vil med gl\u00e6de hj\u00e6lpe dig.<\/p>\n<p><strong>Sikkerhedspakke<\/strong><br \/>\nTilf\u00f8j en sikkerhedspakke til dit reserverede udstyr. Sikkerhedspakken sikrer dig mod un\u00f8dvendige udgifter i tilf\u00e6lde af, at lejet udstyr bliver stj\u00e5let, eller hvis uheldet er ude. Den d\u00e6kker dog ikke skader p\u00e5 udstyr ved tydelige tegn p\u00e5 sk\u00f8desl\u00f8s omgang, s\u00e5som: ridser opst\u00e5et ved k\u00f8rsel uden for en afm\u00e6rket bakke eller p\u00e5 en parkeringsplads. Selvrisikoen ved tyveri, st\u00e5lkantsbrud eller en kn\u00e6kket ski er 300 SEK.<\/p>\n<p><strong>Klage<\/strong><br \/>\nEventuelle bem\u00e6rkninger skal frems\u00e6ttes straks. Erstatningskrav skal, for at komme i betragtning, v\u00e6re Kungsbergets Fritidsanlagningar AB i h\u00e6nde senest 14 dage efter rejsens afslutning og skal meddeles skriftligt.<\/p>\n<h4><\/h4>\n<p>&nbsp;<\/p>\n<h4>TILG\u00c6NGELIGHEDSRAPPORT<\/h4>\n<p>Bran\u00e4sgruppen AB st\u00e5r bag denne hjemmeside. Vi \u00f8nsker, at s\u00e5 mange som muligt skal kunne bruge den. Vores &quot;Tilg\u00e6ngelighedserkl\u00e6ring&quot; beskriver, hvordan hjemmesiden overholder loven om tilg\u00e6ngelighed til digitale offentlige tjenester, eventuelle kendte tilg\u00e6ngelighedsproblemer, og hvordan du kan rapportere mangler til os, s\u00e5 vi kan udbedre dem. <a href=\"https:\/\/www.kungsberget.se\/da\/tillganglighetsredogorelse\/\">L\u00e6s vores tilg\u00e6ngelighedserkl\u00e6ring her<\/a><\/p>","protected":false},"excerpt":{"rendered":"<p>INFORMATION SKIUDSTYR Lej udstyr I Kungsberget kan du hurtigt og nemt booke alt udstyr via online booking p\u00e5 hjemmesiden eller direkte p\u00e5 din mobiltelefon. Hvis du booker for mindst to dage, leverer vi ogs\u00e5 skiene gratis til din indkvartering. Hvis du skal hente dit udstyr fra skiudlejningen, beder vi dig om ikke at komme, f\u00f8r du [\u2026]<\/p>","protected":false},"author":2,"featured_media":0,"parent":0,"menu_order":0,"comment_status":"closed","ping_status":"closed","template":"","meta":{"_acf_changed":false,"footnotes":""},"class_list":["post-3800","page","type-page","status-publish","hentry"],"acf":[],"_links":{"self":[{"href":"https:\/\/www.kungsberget.se\/da\/wp-json\/wp\/v2\/pages\/3800"}],"collection":[{"href":"https:\/\/www.kungsberget.se\/da\/wp-json\/wp\/v2\/pages"}],"about":[{"href":"https:\/\/www.kungsberget.se\/da\/wp-json\/wp\/v2\/types\/page"}],"author":[{"embeddable":true,"href":"https:\/\/www.kungsberget.se\/da\/wp-json\/wp\/v2\/users\/2"}],"replies":[{"embeddable":true,"href":"https:\/\/www.kungsberget.se\/da\/wp-json\/wp\/v2\/comments?post=3800"}],"version-history":[{"count":13,"href":"https:\/\/www.kungsberget.se\/da\/wp-json\/wp\/v2\/pages\/3800\/revisions"}],"predecessor-version":[{"id":9052,"href":"https:\/\/www.kungsberget.se\/da\/wp-json\/wp\/v2\/pages\/3800\/revisions\/9052"}],"wp:attachment":[{"href":"https:\/\/www.kungsberget.se\/da\/wp-json\/wp\/v2\/media?parent=3800"}],"curies":[{"name":"wp","href":"https:\/\/api.w.org\/{rel}","templated":true}]}}