{"id":39,"date":"2018-10-11T09:42:12","date_gmt":"2018-10-11T07:42:12","guid":{"rendered":"https:\/\/www.kungsberget.se\/?page_id=39"},"modified":"2025-10-13T07:56:32","modified_gmt":"2025-10-13T05:56:32","slug":"gruppskidskola","status":"publish","type":"page","link":"https:\/\/www.kungsberget.se\/da\/skidskolor\/gruppskidskola\/","title":{"rendered":"Gruppe skiskole"},"content":{"rendered":"<div class=\"ingress\">I Kungsberget tilbyder vi gruppeskiskoler for b\u00f8rn og voksne p\u00e5 alle niveauer og aldre. Her forbedrer du din egen skiteknik eller ser b\u00f8rnene tage deres f\u00f8rste skridt ind i skiverdenen. Uanset \u00e5rsagen, vil du aldrig fortryde et bes\u00f8g p\u00e5 skiskolen.<\/div>\n<div style=\"text-align: center;\"><a class=\"btn btn--c--brand\" href=\"https:\/\/www.kungsberget.se\/da\/bokning\/#\/skidskola\/oversikt?type=group\">Book gruppe skiskole<\/a><\/div>","protected":false},"excerpt":{"rendered":"<p>I Kungsberget tilbyder vi gruppeskiskoler for b\u00f8rn og voksne p\u00e5 alle niveauer og aldre. Her forbedrer du din egen skiteknik eller ser b\u00f8rnene tage deres f\u00f8rste skridt ind i skiverdenen. Uanset \u00e5rsagen, vil du aldrig fortryde et bes\u00f8g p\u00e5 skiskolen. Book gruppe skiskole<\/p>","protected":false},"author":2,"featured_media":0,"parent":340,"menu_order":2,"comment_status":"closed","ping_status":"closed","template":"","meta":{"_acf_changed":false,"footnotes":""},"class_list":["post-39","page","type-page","status-publish","hentry"],"acf":[],"_links":{"self":[{"href":"https:\/\/www.kungsberget.se\/da\/wp-json\/wp\/v2\/pages\/39"}],"collection":[{"href":"https:\/\/www.kungsberget.se\/da\/wp-json\/wp\/v2\/pages"}],"about":[{"href":"https:\/\/www.kungsberget.se\/da\/wp-json\/wp\/v2\/types\/page"}],"author":[{"embeddable":true,"href":"https:\/\/www.kungsberget.se\/da\/wp-json\/wp\/v2\/users\/2"}],"replies":[{"embeddable":true,"href":"https:\/\/www.kungsberget.se\/da\/wp-json\/wp\/v2\/comments?post=39"}],"version-history":[{"count":51,"href":"https:\/\/www.kungsberget.se\/da\/wp-json\/wp\/v2\/pages\/39\/revisions"}],"predecessor-version":[{"id":8817,"href":"https:\/\/www.kungsberget.se\/da\/wp-json\/wp\/v2\/pages\/39\/revisions\/8817"}],"up":[{"embeddable":true,"href":"https:\/\/www.kungsberget.se\/da\/wp-json\/wp\/v2\/pages\/340"}],"wp:attachment":[{"href":"https:\/\/www.kungsberget.se\/da\/wp-json\/wp\/v2\/media?parent=39"}],"curies":[{"name":"wp","href":"https:\/\/api.w.org\/{rel}","templated":true}]}}