{"id":3932,"date":"2020-12-22T09:47:50","date_gmt":"2020-12-22T08:47:50","guid":{"rendered":"https:\/\/www.kungsberget.se\/?page_id=3932"},"modified":"2020-12-22T09:47:50","modified_gmt":"2020-12-22T08:47:50","slug":"hur-gor-man-sno","status":"publish","type":"page","link":"https:\/\/www.kungsberget.se\/da\/hur-gor-man-sno\/","title":{"rendered":"S\u00e5dan laver du sne"},"content":{"rendered":"<div class=\"ingress\">Hvordan laver man egentlig sne, hvorfor k\u00f8rer man ikke pistemaskinen om dagen og hvad adskiller produceret sne fra naturlig sne? Det er nogle af de sp\u00f8rgsm\u00e5l, vi f\u00e5r hver s\u00e6son om det n\u00e6rmest mytiske arbejde med at lave sne. Her forklarer vi alt dette og mere til!<\/div>","protected":false},"excerpt":{"rendered":"<p>Hvordan laver man egentlig sne, hvorfor k\u00f8rer man ikke pistemaskinen om dagen og hvad adskiller produceret sne fra naturlig sne? Det er nogle af de sp\u00f8rgsm\u00e5l, vi f\u00e5r hver s\u00e6son om det n\u00e6rmest mytiske arbejde med at lave sne. Her forklarer vi alt dette og mere til!<\/p>","protected":false},"author":14,"featured_media":0,"parent":0,"menu_order":0,"comment_status":"closed","ping_status":"closed","template":"","meta":{"_acf_changed":false,"footnotes":""},"class_list":["post-3932","page","type-page","status-publish","hentry"],"acf":[],"_links":{"self":[{"href":"https:\/\/www.kungsberget.se\/da\/wp-json\/wp\/v2\/pages\/3932"}],"collection":[{"href":"https:\/\/www.kungsberget.se\/da\/wp-json\/wp\/v2\/pages"}],"about":[{"href":"https:\/\/www.kungsberget.se\/da\/wp-json\/wp\/v2\/types\/page"}],"author":[{"embeddable":true,"href":"https:\/\/www.kungsberget.se\/da\/wp-json\/wp\/v2\/users\/14"}],"replies":[{"embeddable":true,"href":"https:\/\/www.kungsberget.se\/da\/wp-json\/wp\/v2\/comments?post=3932"}],"version-history":[{"count":2,"href":"https:\/\/www.kungsberget.se\/da\/wp-json\/wp\/v2\/pages\/3932\/revisions"}],"predecessor-version":[{"id":3935,"href":"https:\/\/www.kungsberget.se\/da\/wp-json\/wp\/v2\/pages\/3932\/revisions\/3935"}],"wp:attachment":[{"href":"https:\/\/www.kungsberget.se\/da\/wp-json\/wp\/v2\/media?parent=3932"}],"curies":[{"name":"wp","href":"https:\/\/api.w.org\/{rel}","templated":true}]}}