{"id":4460,"date":"2021-05-19T14:14:21","date_gmt":"2021-05-19T12:14:21","guid":{"rendered":"https:\/\/www.kungsberget.se\/?page_id=4460"},"modified":"2024-06-03T13:51:12","modified_gmt":"2024-06-03T11:51:12","slug":"padel","status":"publish","type":"page","link":"https:\/\/www.kungsberget.se\/da\/sommar\/upptack\/padel\/","title":{"rendered":"Padel"},"content":{"rendered":"<div class=\"ingress\">Udfordr hinanden i den sport, alle kan spille, padel. Efter du har afsluttet kampen, er det kun en kort g\u00e5tur til Fr\u00f6ken Filipssons udend\u00f8rsservering - en perfekt m\u00e5de at slappe af efter en svedig kamp.<\/div>\n<div style=\"text-align: center;\"><a class=\"btn btn--c--brand\" href=\"https:\/\/www.matchi.se\/facilities\/kungsberget?date=2021-06-29&amp;sport=\" target=\"_blank\" rel=\"noopener\">Book padeltid her<\/a><\/div>","protected":false},"excerpt":{"rendered":"<p>Udfordr hinanden i den sport, alle kan spille, padel. Efter du har afsluttet kampen, er det kun en kort g\u00e5tur til Fr\u00f6ken Filipssons udend\u00f8rs siddepladser - en perfekt m\u00e5de at slappe af efter en svedig kamp. Book padeltid her<\/p>","protected":false},"author":14,"featured_media":0,"parent":807,"menu_order":0,"comment_status":"closed","ping_status":"closed","template":"","meta":{"_acf_changed":false,"footnotes":""},"class_list":["post-4460","page","type-page","status-publish","hentry"],"acf":[],"_links":{"self":[{"href":"https:\/\/www.kungsberget.se\/da\/wp-json\/wp\/v2\/pages\/4460"}],"collection":[{"href":"https:\/\/www.kungsberget.se\/da\/wp-json\/wp\/v2\/pages"}],"about":[{"href":"https:\/\/www.kungsberget.se\/da\/wp-json\/wp\/v2\/types\/page"}],"author":[{"embeddable":true,"href":"https:\/\/www.kungsberget.se\/da\/wp-json\/wp\/v2\/users\/14"}],"replies":[{"embeddable":true,"href":"https:\/\/www.kungsberget.se\/da\/wp-json\/wp\/v2\/comments?post=4460"}],"version-history":[{"count":16,"href":"https:\/\/www.kungsberget.se\/da\/wp-json\/wp\/v2\/pages\/4460\/revisions"}],"predecessor-version":[{"id":7460,"href":"https:\/\/www.kungsberget.se\/da\/wp-json\/wp\/v2\/pages\/4460\/revisions\/7460"}],"up":[{"embeddable":true,"href":"https:\/\/www.kungsberget.se\/da\/wp-json\/wp\/v2\/pages\/807"}],"wp:attachment":[{"href":"https:\/\/www.kungsberget.se\/da\/wp-json\/wp\/v2\/media?parent=4460"}],"curies":[{"name":"wp","href":"https:\/\/api.w.org\/{rel}","templated":true}]}}