{"id":476,"date":"2018-10-30T14:26:21","date_gmt":"2018-10-30T14:26:21","guid":{"rendered":"https:\/\/www.kungsberget.se\/?page_id=476"},"modified":"2022-02-02T11:46:59","modified_gmt":"2022-02-02T10:46:59","slug":"sa-har-gar-det-till","status":"publish","type":"page","link":"https:\/\/www.kungsberget.se\/da\/sa-har-gar-det-till\/","title":{"rendered":"S\u00e5dan foreg\u00e5r det"},"content":{"rendered":"<div class=\"ingress\">\n<p>Vi har indf\u00f8rt et maksimalt loft over antallet af bes\u00f8gende, der kan bes\u00f8ge os. Det betyder, at du nu skal forudbestille b\u00e5de skiudstyr og liftkort, inden du kommer til os. Vi anbefaler, at g\u00e6ster, der bor hos os og lejer i mindst to dage, v\u00e6lger gratis levering af deres udstyr i bookingen for et smidigere bes\u00f8g. Kommer du over p\u00e5 dagen og skal hente dit udstyr hos skiudlejningen, beder vi dig om ikke at komme ind, f\u00f8r du har modtaget din SMS med instruktioner.<\/p>\n<div>Husk at bestille liftkort samtidig med dit lejeudstyr for at undg\u00e5 risikoen for, at et er fuldt booket, hvis du venter for l\u00e6nge.<\/div>\n<\/div>\n<p style=\"text-align: center;\"><a class=\"btn btn--action\" href=\"https:\/\/hyra.kungsberget.se\/#\/\">Lej dit udstyr<\/a><\/p>\n<p style=\"text-align: center;\"><a class=\"btn btn--action\" href=\"https:\/\/www.kungsberget.se\/da\/skidakning-i-kungsberget\/liftkort\/\">l\u00e6s mere om forudbestilling af liftkort<\/a><\/p>\n<p style=\"text-align: center;\"><a class=\"btn btn--action\" href=\"https:\/\/www.kungsberget.se\/da\/hyra-skidor\/prislista-skiduthyrning\/\">Prisliste<\/a><\/p>\n<hr \/>\n<h2>Godt at vide<\/h2>","protected":false},"excerpt":{"rendered":"<p>Vi har indf\u00f8rt en maksimal gr\u00e6nse for antallet af bes\u00f8gende, der kan bes\u00f8ge os. Det betyder, at du nu skal forudbestille b\u00e5de skiudstyr og liftkort, inden du kommer til os. Vi anbefaler, at g\u00e6ster, der skal bo hos os og leje i mindst to dage, v\u00e6lger gratis levering af deres udstyr i bookingen for et mere smidigt bes\u00f8g. Vil [\u2026]<\/p>","protected":false},"author":2,"featured_media":0,"parent":0,"menu_order":1,"comment_status":"closed","ping_status":"closed","template":"","meta":{"_acf_changed":false,"footnotes":""},"class_list":["post-476","page","type-page","status-publish","hentry"],"acf":[],"_links":{"self":[{"href":"https:\/\/www.kungsberget.se\/da\/wp-json\/wp\/v2\/pages\/476"}],"collection":[{"href":"https:\/\/www.kungsberget.se\/da\/wp-json\/wp\/v2\/pages"}],"about":[{"href":"https:\/\/www.kungsberget.se\/da\/wp-json\/wp\/v2\/types\/page"}],"author":[{"embeddable":true,"href":"https:\/\/www.kungsberget.se\/da\/wp-json\/wp\/v2\/users\/2"}],"replies":[{"embeddable":true,"href":"https:\/\/www.kungsberget.se\/da\/wp-json\/wp\/v2\/comments?post=476"}],"version-history":[{"count":54,"href":"https:\/\/www.kungsberget.se\/da\/wp-json\/wp\/v2\/pages\/476\/revisions"}],"predecessor-version":[{"id":4184,"href":"https:\/\/www.kungsberget.se\/da\/wp-json\/wp\/v2\/pages\/476\/revisions\/4184"}],"wp:attachment":[{"href":"https:\/\/www.kungsberget.se\/da\/wp-json\/wp\/v2\/media?parent=476"}],"curies":[{"name":"wp","href":"https:\/\/api.w.org\/{rel}","templated":true}]}}