{"id":51,"date":"2018-10-11T09:43:30","date_gmt":"2018-10-11T07:43:30","guid":{"rendered":"https:\/\/www.kungsberget.se\/?page_id=51"},"modified":"2026-01-13T15:14:35","modified_gmt":"2026-01-13T14:14:35","slug":"skidverkstad","status":"publish","type":"page","link":"https:\/\/www.kungsberget.se\/da\/hyra-skidor\/skidverkstad\/","title":{"rendered":"Skiv\u00e6rksted"},"content":{"rendered":"<div class=\"ingress\"><span class=\"TextRun SCXW28827384 BCX4\" lang=\"SV-SE\" xml:lang=\"SV-SE\" data-contrast=\"none\"><span class=\"NormalTextRun SCXW28827384 BCX4\">Vil du have bedre glid, skarpere kanter og en nemmere dag p\u00e5 pisterne? Velkommen til vores v\u00e6rksted, s\u00e5 s\u00f8rger vi for at passe p\u00e5 dit udstyr, s\u00e5 du kan nyde en endnu bedre oplevelse p\u00e5 pisterne! <\/span><\/span><span class=\"EOP SCXW28827384 BCX4\" data-ccp-props=\"{}\">\u00a0<\/span><\/div>","protected":false},"excerpt":{"rendered":"<p>Vil du have bedre glid, skarpere kanter og en nemmere dag p\u00e5 pisterne? Velkommen til vores v\u00e6rksted, s\u00e5 s\u00f8rger vi for at passe p\u00e5 dit udstyr, s\u00e5 du kan nyde en endnu bedre oplevelse p\u00e5 pisterne! \u00a0<\/p>","protected":false},"author":2,"featured_media":0,"parent":374,"menu_order":8,"comment_status":"closed","ping_status":"closed","template":"","meta":{"_acf_changed":false,"footnotes":""},"class_list":["post-51","page","type-page","status-publish","hentry"],"acf":[],"_links":{"self":[{"href":"https:\/\/www.kungsberget.se\/da\/wp-json\/wp\/v2\/pages\/51"}],"collection":[{"href":"https:\/\/www.kungsberget.se\/da\/wp-json\/wp\/v2\/pages"}],"about":[{"href":"https:\/\/www.kungsberget.se\/da\/wp-json\/wp\/v2\/types\/page"}],"author":[{"embeddable":true,"href":"https:\/\/www.kungsberget.se\/da\/wp-json\/wp\/v2\/users\/2"}],"replies":[{"embeddable":true,"href":"https:\/\/www.kungsberget.se\/da\/wp-json\/wp\/v2\/comments?post=51"}],"version-history":[{"count":30,"href":"https:\/\/www.kungsberget.se\/da\/wp-json\/wp\/v2\/pages\/51\/revisions"}],"predecessor-version":[{"id":9054,"href":"https:\/\/www.kungsberget.se\/da\/wp-json\/wp\/v2\/pages\/51\/revisions\/9054"}],"up":[{"embeddable":true,"href":"https:\/\/www.kungsberget.se\/da\/wp-json\/wp\/v2\/pages\/374"}],"wp:attachment":[{"href":"https:\/\/www.kungsberget.se\/da\/wp-json\/wp\/v2\/media?parent=51"}],"curies":[{"name":"wp","href":"https:\/\/api.w.org\/{rel}","templated":true}]}}