{"id":5301,"date":"2022-04-08T09:12:43","date_gmt":"2022-04-08T07:12:43","guid":{"rendered":"https:\/\/www.kungsberget.se\/?page_id=5301"},"modified":"2025-09-30T14:36:44","modified_gmt":"2025-09-30T12:36:44","slug":"pask","status":"publish","type":"page","link":"https:\/\/www.kungsberget.se\/da\/hogtider\/pask\/","title":{"rendered":"p\u00e5ske"},"content":{"rendered":"<div class=\"ingress\">P\u00e5skeuge i Kungsberget - sk\u00f8nt socialt samv\u00e6r med venner og familie sammen med traditioner og fantastisk sjove aktiviteter. Kort vej til skil\u00f8b, samv\u00e6r og p\u00e5skeeventyr!<\/div>\n<div style=\"text-align: center;\"><a class=\"btn btn--c--prim\" href=\"https:\/\/www.kungsberget.se\/da\/bokning\/#\/boenden\">Book p\u00e5skeferien<\/a><\/div>","protected":false},"excerpt":{"rendered":"<p>P\u00e5skeuge i Kungsberget - sk\u00f8nt socialt samv\u00e6r med venner og familie sammen med traditioner og fantastisk sjove aktiviteter. Kort vej til skil\u00f8b, samv\u00e6r og p\u00e5skeeventyr! Book p\u00e5skeferien<\/p>","protected":false},"author":14,"featured_media":0,"parent":5673,"menu_order":0,"comment_status":"closed","ping_status":"closed","template":"","meta":{"_acf_changed":false,"footnotes":""},"class_list":["post-5301","page","type-page","status-publish","hentry"],"acf":[],"_links":{"self":[{"href":"https:\/\/www.kungsberget.se\/da\/wp-json\/wp\/v2\/pages\/5301"}],"collection":[{"href":"https:\/\/www.kungsberget.se\/da\/wp-json\/wp\/v2\/pages"}],"about":[{"href":"https:\/\/www.kungsberget.se\/da\/wp-json\/wp\/v2\/types\/page"}],"author":[{"embeddable":true,"href":"https:\/\/www.kungsberget.se\/da\/wp-json\/wp\/v2\/users\/14"}],"replies":[{"embeddable":true,"href":"https:\/\/www.kungsberget.se\/da\/wp-json\/wp\/v2\/comments?post=5301"}],"version-history":[{"count":27,"href":"https:\/\/www.kungsberget.se\/da\/wp-json\/wp\/v2\/pages\/5301\/revisions"}],"predecessor-version":[{"id":8796,"href":"https:\/\/www.kungsberget.se\/da\/wp-json\/wp\/v2\/pages\/5301\/revisions\/8796"}],"up":[{"embeddable":true,"href":"https:\/\/www.kungsberget.se\/da\/wp-json\/wp\/v2\/pages\/5673"}],"wp:attachment":[{"href":"https:\/\/www.kungsberget.se\/da\/wp-json\/wp\/v2\/media?parent=5301"}],"curies":[{"name":"wp","href":"https:\/\/api.w.org\/{rel}","templated":true}]}}