{"id":5308,"date":"2022-04-11T11:41:48","date_gmt":"2022-04-11T09:41:48","guid":{"rendered":"https:\/\/www.kungsberget.se\/?page_id=5308"},"modified":"2025-01-02T11:39:07","modified_gmt":"2025-01-02T10:39:07","slug":"infor-resan","status":"publish","type":"page","link":"https:\/\/www.kungsberget.se\/da\/bra-att-veta\/infor-resan\/","title":{"rendered":"F\u00f8r turen"},"content":{"rendered":"<div class=\"ingress\">Udover at forudbestille liftkort og skileje sammen med overnatningen, er pakning til skiferien en vigtig del, her finder du information om hvad der er i overnatningsstedet og en pakkeliste der giver dig de bedste foruds\u00e6tninger for en hyggelig start p\u00e5 din ferie.<\/div>\n<h2>Hvad skal jeg tage med?<\/h2>\n<p>I vores bolig er der som standard opvaskeb\u00f8rste, h\u00e5ndvaskemiddel, opvaskepulver, engangsklude, affaldsposer og toiletrulle. Der er reng\u00f8ringsmidler som st\u00f8vsugere, mopper og reng\u00f8ringsmidler.<\/p>\n<p><span style=\"font-size: 1.25rem;\">Vores boliger er udstyret med k\u00f8kkenudstyr tilpasset antallet af faste g\u00e6ster i boligen, kaffemaskine, barneseng og h\u00f8jstol. Hvad der ikke er i boligen if\u00f8lge vores standard er h\u00e5rt\u00f8rrer, elpisker og vaffeljern. P\u00e5 din reservationsbekr\u00e6ftelse kan du se information om, hvorvidt senget\u00f8j, h\u00e5ndkl\u00e6der eller reng\u00f8ring er inkluderet.<\/span><\/p>\n<p style=\"text-align: center;\"><a class=\"btn btn--c--brand\" href=\"https:\/\/cdn.branasgruppen.se\/kungsberget\/app\/uploads\/2025\/01\/02113856\/KB_packlista.pdf\">Pakkeliste til skiferien (PDF)<\/a><\/p>","protected":false},"excerpt":{"rendered":"<p>Udover at forudbestille liftkort og skileje sammen med overnatningen, er pakning til din skiferie en vigtig del. Her finder du information om, hvad der findes i boligen og en pakkeliste, der giver dig de bedste foruds\u00e6tninger for en behagelig start p\u00e5 din ferie. Hvad skal jeg tage med? Vores boliger leveres som standard med en opvaskeb\u00f8rste, opvaskemiddel, opvaskemaskinepulver, engangsklude, affaldss\u00e6kke [\u2026]<\/p>","protected":false},"author":14,"featured_media":0,"parent":887,"menu_order":0,"comment_status":"closed","ping_status":"closed","template":"","meta":{"_acf_changed":false,"footnotes":""},"class_list":["post-5308","page","type-page","status-publish","hentry"],"acf":[],"_links":{"self":[{"href":"https:\/\/www.kungsberget.se\/da\/wp-json\/wp\/v2\/pages\/5308"}],"collection":[{"href":"https:\/\/www.kungsberget.se\/da\/wp-json\/wp\/v2\/pages"}],"about":[{"href":"https:\/\/www.kungsberget.se\/da\/wp-json\/wp\/v2\/types\/page"}],"author":[{"embeddable":true,"href":"https:\/\/www.kungsberget.se\/da\/wp-json\/wp\/v2\/users\/14"}],"replies":[{"embeddable":true,"href":"https:\/\/www.kungsberget.se\/da\/wp-json\/wp\/v2\/comments?post=5308"}],"version-history":[{"count":8,"href":"https:\/\/www.kungsberget.se\/da\/wp-json\/wp\/v2\/pages\/5308\/revisions"}],"predecessor-version":[{"id":7971,"href":"https:\/\/www.kungsberget.se\/da\/wp-json\/wp\/v2\/pages\/5308\/revisions\/7971"}],"up":[{"embeddable":true,"href":"https:\/\/www.kungsberget.se\/da\/wp-json\/wp\/v2\/pages\/887"}],"wp:attachment":[{"href":"https:\/\/www.kungsberget.se\/da\/wp-json\/wp\/v2\/media?parent=5308"}],"curies":[{"name":"wp","href":"https:\/\/api.w.org\/{rel}","templated":true}]}}