{"id":536,"date":"2018-10-30T17:36:40","date_gmt":"2018-10-30T17:36:40","guid":{"rendered":"https:\/\/www.kungsberget.se\/?page_id=536"},"modified":"2025-10-13T08:08:52","modified_gmt":"2025-10-13T06:08:52","slug":"snowboardlektioner","status":"publish","type":"page","link":"https:\/\/www.kungsberget.se\/da\/skidskolor\/snowboardlektioner\/","title":{"rendered":"Snowboard lektioner"},"content":{"rendered":"<div class=\"p1 ingress\">Mange har dr\u00f8mt om at pr\u00f8ve snowboard p\u00e5 et tidspunkt. I Kungsberget kan begyndere realisere den dr\u00f8m, og takket v\u00e6re vores dygtige og engagerede instrukt\u00f8rer er den ogs\u00e5 velegnet til dem, der har st\u00e5et p\u00e5 ski f\u00f8r.<\/div>\n<p>&nbsp;<\/p>","protected":false},"excerpt":{"rendered":"<p>Mange har dr\u00f8mt om at pr\u00f8ve snowboard p\u00e5 et tidspunkt. I Kungsberget kan begyndere realisere den dr\u00f8m, og takket v\u00e6re vores dygtige og engagerede instrukt\u00f8rer er den ogs\u00e5 velegnet til dem, der har st\u00e5et p\u00e5 ski f\u00f8r. &nbsp;<\/p>","protected":false},"author":2,"featured_media":0,"parent":340,"menu_order":4,"comment_status":"closed","ping_status":"closed","template":"","meta":{"_acf_changed":false,"footnotes":""},"class_list":["post-536","page","type-page","status-publish","hentry"],"acf":[],"_links":{"self":[{"href":"https:\/\/www.kungsberget.se\/da\/wp-json\/wp\/v2\/pages\/536"}],"collection":[{"href":"https:\/\/www.kungsberget.se\/da\/wp-json\/wp\/v2\/pages"}],"about":[{"href":"https:\/\/www.kungsberget.se\/da\/wp-json\/wp\/v2\/types\/page"}],"author":[{"embeddable":true,"href":"https:\/\/www.kungsberget.se\/da\/wp-json\/wp\/v2\/users\/2"}],"replies":[{"embeddable":true,"href":"https:\/\/www.kungsberget.se\/da\/wp-json\/wp\/v2\/comments?post=536"}],"version-history":[{"count":44,"href":"https:\/\/www.kungsberget.se\/da\/wp-json\/wp\/v2\/pages\/536\/revisions"}],"predecessor-version":[{"id":8821,"href":"https:\/\/www.kungsberget.se\/da\/wp-json\/wp\/v2\/pages\/536\/revisions\/8821"}],"up":[{"embeddable":true,"href":"https:\/\/www.kungsberget.se\/da\/wp-json\/wp\/v2\/pages\/340"}],"wp:attachment":[{"href":"https:\/\/www.kungsberget.se\/da\/wp-json\/wp\/v2\/media?parent=536"}],"curies":[{"name":"wp","href":"https:\/\/api.w.org\/{rel}","templated":true}]}}