{"id":5433,"date":"2022-05-18T11:34:34","date_gmt":"2022-05-18T09:34:34","guid":{"rendered":"https:\/\/www.kungsberget.se\/?page_id=5433"},"modified":"2025-11-17T14:28:25","modified_gmt":"2025-11-17T13:28:25","slug":"nyheter","status":"publish","type":"page","link":"https:\/\/www.kungsberget.se\/da\/nyheter\/","title":{"rendered":"Nyheder"},"content":{"rendered":"<div class=\"ingress\">\n<p>Forud for vinteren har vi investeret kraftigt i at styrke snesystemet i hele Kungsberget. Det betyder en mere sikker s\u00e6sonstart, flere snesikre pister og endnu flere sk\u00f8nne skioplevelser for hele familien, mindre afh\u00e6ngige af vejret.<\/p>\n<\/div>\n<h2>Udvidet og forbedret snesystem<\/h2>\n<h2><strong>Vestliftene<\/strong><\/h2>\n<ul>\n<li>Et helt nyt snesystem i liftgaden betyder, at vi nu kan l\u00e6gge sne i begge lifter p\u00e5 samme tid.<\/li>\n<li>Stien har ogs\u00e5 fastmonterede snekanoner, der g\u00f8r det muligt for os at \u00e5bne liften hurtigere, n\u00e5r det kolde vejr melder sig.<br \/>\n<h2><strong>Familiebakken<\/strong><\/h2>\n<\/li>\n<li>Vi forst\u00e6rker med tre moderne snekanoner, der kan h\u00e5ndtere sneproduktion selv ved mildere temperaturer.<\/li>\n<\/ul>\n<h2><strong>Kaffepausen\/Rundvisningen<\/strong><span style=\"font-size: 1.25rem;\">\u00a0<\/span><\/h2>\n<ul>\n<li>Her har vi installeret et fast snesystem, der giver hurtigere opstart og \u00f8get effektivitet.<\/li>\n<\/ul>\n<h2><strong>Gammelbacken og Gammelflacken<\/strong><\/h2>\n<ul>\n<li>Nye snekanoner med h\u00f8j kapacitet, der producerer meget sne p\u00e5 kolde vinterdage, samtidig med at de kan starte op og begynde at producere sne, n\u00e5r det ikke er s\u00e5 koldt.<\/li>\n<\/ul>\n<h2><strong>Skiskolebakken<\/strong><\/h2>\n<ul>\n<li>Vi installerer flere stikkontakter for at \u00f8ge mulighederne for at l\u00e6gge sne, selv i mildere perioder.<\/li>\n<\/ul>\n<h2><strong>Sydliftene<\/strong><\/h2>\n<p>Stien har f\u00e5et et forst\u00e6rket snesystem ved nedk\u00f8rslen.<\/p>\n<p style=\"text-align: center;\"><a class=\"btn btn--c--brand\" href=\"https:\/\/www.kungsberget.se\/da\/bokning\/#\/boenden\">Book dit bes\u00f8g p\u00e5 Kungsberget her<\/a><\/p>\n<hr \/>\n<p>&nbsp;<\/p>","protected":false},"excerpt":{"rendered":"<p>Forud for vinteren har vi investeret kraftigt i at styrke snesystemet i hele Kungsberget. Det betyder en mere sikker s\u00e6sonstart, flere snesikre pister og endnu flere sk\u00f8nne skioplevelser for hele familien, mindre afh\u00e6ngige af vejret. Udvidet og forbedret snesystem til de vestlige lifter Et helt nyt snesystem i liftgaden betyder, at vi nu kan l\u00e6gge sne i begge lifter p\u00e5 samme tid. Nedk\u00f8rslen [\u2026]<\/p>","protected":false},"author":14,"featured_media":0,"parent":0,"menu_order":0,"comment_status":"closed","ping_status":"closed","template":"","meta":{"_acf_changed":false,"footnotes":""},"class_list":["post-5433","page","type-page","status-publish","hentry"],"acf":[],"_links":{"self":[{"href":"https:\/\/www.kungsberget.se\/da\/wp-json\/wp\/v2\/pages\/5433"}],"collection":[{"href":"https:\/\/www.kungsberget.se\/da\/wp-json\/wp\/v2\/pages"}],"about":[{"href":"https:\/\/www.kungsberget.se\/da\/wp-json\/wp\/v2\/types\/page"}],"author":[{"embeddable":true,"href":"https:\/\/www.kungsberget.se\/da\/wp-json\/wp\/v2\/users\/14"}],"replies":[{"embeddable":true,"href":"https:\/\/www.kungsberget.se\/da\/wp-json\/wp\/v2\/comments?post=5433"}],"version-history":[{"count":58,"href":"https:\/\/www.kungsberget.se\/da\/wp-json\/wp\/v2\/pages\/5433\/revisions"}],"predecessor-version":[{"id":8956,"href":"https:\/\/www.kungsberget.se\/da\/wp-json\/wp\/v2\/pages\/5433\/revisions\/8956"}],"wp:attachment":[{"href":"https:\/\/www.kungsberget.se\/da\/wp-json\/wp\/v2\/media?parent=5433"}],"curies":[{"name":"wp","href":"https:\/\/api.w.org\/{rel}","templated":true}]}}