{"id":547,"date":"2018-10-30T20:12:17","date_gmt":"2018-10-30T20:12:17","guid":{"rendered":"https:\/\/www.kungsberget.se\/?page_id=547"},"modified":"2021-12-06T15:29:20","modified_gmt":"2021-12-06T14:29:20","slug":"boka-bord","status":"publish","type":"page","link":"https:\/\/www.kungsberget.se\/da\/restauranger\/boka-bord\/","title":{"rendered":"Bestil bord"},"content":{"rendered":"<h1 style=\"text-align: center;\">Book bord i Kungsberget<\/h1>\n<div class=\"ingress\">Book din middag hos Fr\u00f6ken Filipsson allerede nu og slip madplanerne. I stedet for at t\u00e6nke p\u00e5, hvad der skal p\u00e5 bordet, kan du nyde at st\u00e5 p\u00e5 ski, mens vi s\u00f8rger for aftensmaden.<\/div>","protected":false},"excerpt":{"rendered":"<p>Book bord i Kungsberget Book din middag hos Fr\u00f6ken Filipsson nu og slip dine madplaner. I stedet for at t\u00e6nke p\u00e5, hvad du skal stille p\u00e5 bordet, kan du nyde at st\u00e5 p\u00e5 ski, mens vi s\u00f8rger for aftensmaden.<\/p>","protected":false},"author":2,"featured_media":0,"parent":87,"menu_order":0,"comment_status":"closed","ping_status":"closed","template":"","meta":{"_acf_changed":false,"footnotes":""},"class_list":["post-547","page","type-page","status-publish","hentry"],"acf":[],"_links":{"self":[{"href":"https:\/\/www.kungsberget.se\/da\/wp-json\/wp\/v2\/pages\/547"}],"collection":[{"href":"https:\/\/www.kungsberget.se\/da\/wp-json\/wp\/v2\/pages"}],"about":[{"href":"https:\/\/www.kungsberget.se\/da\/wp-json\/wp\/v2\/types\/page"}],"author":[{"embeddable":true,"href":"https:\/\/www.kungsberget.se\/da\/wp-json\/wp\/v2\/users\/2"}],"replies":[{"embeddable":true,"href":"https:\/\/www.kungsberget.se\/da\/wp-json\/wp\/v2\/comments?post=547"}],"version-history":[{"count":9,"href":"https:\/\/www.kungsberget.se\/da\/wp-json\/wp\/v2\/pages\/547\/revisions"}],"predecessor-version":[{"id":4910,"href":"https:\/\/www.kungsberget.se\/da\/wp-json\/wp\/v2\/pages\/547\/revisions\/4910"}],"up":[{"embeddable":true,"href":"https:\/\/www.kungsberget.se\/da\/wp-json\/wp\/v2\/pages\/87"}],"wp:attachment":[{"href":"https:\/\/www.kungsberget.se\/da\/wp-json\/wp\/v2\/media?parent=547"}],"curies":[{"name":"wp","href":"https:\/\/api.w.org\/{rel}","templated":true}]}}