{"id":549,"date":"2018-10-30T20:12:38","date_gmt":"2018-10-30T20:12:38","guid":{"rendered":"https:\/\/www.kungsberget.se\/?page_id=549"},"modified":"2025-11-04T13:15:19","modified_gmt":"2025-11-04T12:15:19","slug":"matsack-i-backen","status":"publish","type":"page","link":"https:\/\/www.kungsberget.se\/da\/restauranger\/matsack-i-backen\/","title":{"rendered":"Madpose p\u00e5 bakken"},"content":{"rendered":"<div class=\"ingress\">\n<p>At nyde mad udend\u00f8rs, som du selv har grillet over \u00e5ben ild, er sv\u00e6rt at sl\u00e5. I Kungsberget er der flere muligheder for, at du kan finde dit yndlingssted at grille. Br\u00e6nde og opt\u00e6ndingsmaterialer er tilg\u00e6ngelige p\u00e5 hver grillplads.<\/p>\n<\/div>\n<div>\n<p style=\"text-align: left;\"><strong>Grillpladser i Kungsberget<\/strong><\/p>\n<p>Ved 3-s\u00e6det \u2013 4 stk.<\/p>\n<p>Toppingrill \u2013 4 stk.<\/p>\n<p>Bj\u00f8rnebuseland \u2013 6 stk.<\/p>\n<p>Turen\/V\u00e6selen \u2013 2 stk<\/p>\n<p>Solsv\u00e4ngen \u2013 3 stk<\/p>\n<p>Solstinget \u2013 1 stk<\/p>\n<p>Prinsbacken \u2013 2 stk.<\/p>\n<p>Du finder vores opvarmede hytter og grillpladser kl <a href=\"https:\/\/www.kungsberget.se\/da\/pistkarta\/\">pistkortet<\/a>.<\/p>\n<\/div>","protected":false},"excerpt":{"rendered":"<p>At nyde mad udend\u00f8rs, som du selv har grillet over \u00e5ben ild, er sv\u00e6rt at sl\u00e5. I Kungsberget er der flere muligheder for at finde dit yndlingssted at grille. Br\u00e6nde og opt\u00e6ndingsmaterialer er tilg\u00e6ngelige ved hver grill. Grillpladser i Kungsberget Ved 3-stolen \u2013 4 stk. Toppengrillen \u2013 4 stk. Bj\u00f6rnbuseland \u2013 6 stk. Rundturen\/Vesslan \u2013 [\u2026]<\/p>","protected":false},"author":2,"featured_media":0,"parent":87,"menu_order":0,"comment_status":"closed","ping_status":"closed","template":"","meta":{"_acf_changed":false,"footnotes":""},"class_list":["post-549","page","type-page","status-publish","hentry"],"acf":[],"_links":{"self":[{"href":"https:\/\/www.kungsberget.se\/da\/wp-json\/wp\/v2\/pages\/549"}],"collection":[{"href":"https:\/\/www.kungsberget.se\/da\/wp-json\/wp\/v2\/pages"}],"about":[{"href":"https:\/\/www.kungsberget.se\/da\/wp-json\/wp\/v2\/types\/page"}],"author":[{"embeddable":true,"href":"https:\/\/www.kungsberget.se\/da\/wp-json\/wp\/v2\/users\/2"}],"replies":[{"embeddable":true,"href":"https:\/\/www.kungsberget.se\/da\/wp-json\/wp\/v2\/comments?post=549"}],"version-history":[{"count":28,"href":"https:\/\/www.kungsberget.se\/da\/wp-json\/wp\/v2\/pages\/549\/revisions"}],"predecessor-version":[{"id":8906,"href":"https:\/\/www.kungsberget.se\/da\/wp-json\/wp\/v2\/pages\/549\/revisions\/8906"}],"up":[{"embeddable":true,"href":"https:\/\/www.kungsberget.se\/da\/wp-json\/wp\/v2\/pages\/87"}],"wp:attachment":[{"href":"https:\/\/www.kungsberget.se\/da\/wp-json\/wp\/v2\/media?parent=549"}],"curies":[{"name":"wp","href":"https:\/\/api.w.org\/{rel}","templated":true}]}}