{"id":554,"date":"2018-10-30T20:16:14","date_gmt":"2018-10-30T20:16:14","guid":{"rendered":"https:\/\/www.kungsberget.se\/?page_id=554"},"modified":"2026-02-05T11:10:09","modified_gmt":"2026-02-05T10:10:09","slug":"butik","status":"publish","type":"page","link":"https:\/\/www.kungsberget.se\/da\/butik\/","title":{"rendered":"Butik"},"content":{"rendered":"<div class=\"ingress\">I samme bygning som vores skiudlejning finder du ogs\u00e5 vores velassorterede sportsbutik og vores miniliv. K\u00f8b s\u00e6sonnyheder, suppler dit udstyr eller din morgenmad \u2013 alt sammen under \u00e9t tag.<\/div>\n<div style=\"text-align: center;\"><a class=\"btn btn--c--brand\" href=\"https:\/\/www.kungsberget.se\/da\/skidakning-i-kungsberget\/backar-och-vader\/oppettider\/?_gl=1*18uc2iv*_up*MQ..*_ga*Mjg5MzE5OTYzLjE3NzAyODU2MTU.*_ga_0GLC602TE0*czE3NzAyODU2MTQkbzEkZzEkdDE3NzAyODYxODYkajU4JGwwJGgw#\/anlaggning\">Til vores \u00e5bningstider<\/a><\/div>","protected":false},"excerpt":{"rendered":"<p>I samme bygning som vores skiudlejning finder du ogs\u00e5 vores velassorterede sportsbutik og vores minimarked. K\u00f8b s\u00e6sonens nye varer, f\u00e6rdigg\u00f8r dit udstyr eller din morgenmad \u2013 alt under \u00e9t tag. Til vores \u00e5bningstider<\/p>","protected":false},"author":2,"featured_media":0,"parent":0,"menu_order":0,"comment_status":"closed","ping_status":"closed","template":"","meta":{"_acf_changed":false,"footnotes":""},"class_list":["post-554","page","type-page","status-publish","hentry"],"acf":[],"_links":{"self":[{"href":"https:\/\/www.kungsberget.se\/da\/wp-json\/wp\/v2\/pages\/554"}],"collection":[{"href":"https:\/\/www.kungsberget.se\/da\/wp-json\/wp\/v2\/pages"}],"about":[{"href":"https:\/\/www.kungsberget.se\/da\/wp-json\/wp\/v2\/types\/page"}],"author":[{"embeddable":true,"href":"https:\/\/www.kungsberget.se\/da\/wp-json\/wp\/v2\/users\/2"}],"replies":[{"embeddable":true,"href":"https:\/\/www.kungsberget.se\/da\/wp-json\/wp\/v2\/comments?post=554"}],"version-history":[{"count":30,"href":"https:\/\/www.kungsberget.se\/da\/wp-json\/wp\/v2\/pages\/554\/revisions"}],"predecessor-version":[{"id":9074,"href":"https:\/\/www.kungsberget.se\/da\/wp-json\/wp\/v2\/pages\/554\/revisions\/9074"}],"wp:attachment":[{"href":"https:\/\/www.kungsberget.se\/da\/wp-json\/wp\/v2\/media?parent=554"}],"curies":[{"name":"wp","href":"https:\/\/api.w.org\/{rel}","templated":true}]}}