{"id":5631,"date":"2022-09-15T16:04:48","date_gmt":"2022-09-15T14:04:48","guid":{"rendered":"https:\/\/www.kungsberget.se\/?page_id=5631"},"modified":"2024-03-05T15:05:46","modified_gmt":"2024-03-05T14:05:46","slug":"cookies","status":"publish","type":"page","link":"https:\/\/www.kungsberget.se\/da\/om-branasgruppen\/personuppgiftspolicy\/cookies\/","title":{"rendered":"Cookies"},"content":{"rendered":"<p>P\u00e5 vores hjemmeside bruger vi cookies for at kunne se statistik over, hvilke sider der bes\u00f8ges (trafik) p\u00e5 vores hjemmeside. En cookie er en lille tekstfil, som den hjemmeside, du bes\u00f8ger, anmoder om at gemme p\u00e5 din computer og hj\u00e6lper os med at f\u00e5 et overblik over bes\u00f8gsstatistikken. Bes\u00f8gsstatistik er et vigtigt v\u00e6rkt\u00f8j for at kunne give den bedst mulige brugeroplevelse og facilitere vores udvikling af hjemmesiden. Ved at analysere, hvordan bes\u00f8gende bruger vores hjemmeside, kan vi i Bran\u00e4sgruppen l\u00f8bende arbejde med identificerede forbedringsomr\u00e5der.<\/p>\n<p>Nedenfor er en oversigt over de cookies, der bruges p\u00e5 vores hjemmeside. Bem\u00e6rk venligst, at der kan v\u00e6re cookies, der er knyttet til en bestemt del\/funktion af hjemmesiden, som ikke er generel. Du kan l\u00e6se mere om, hvordan vi behandler dine personoplysninger i vores <a href=\"https:\/\/www.kungsberget.se\/da\/om-branasgruppen\/personuppgiftspolicy\/\">persondatapolitik.<\/a><\/p>\n<div class= \"cky-audit-table-element\"><\/div>","protected":false},"excerpt":{"rendered":"<p>P\u00e5 vores hjemmeside bruger vi cookies for at kunne se statistik over, hvilke sider der bes\u00f8ges (trafik) p\u00e5 vores hjemmeside. En cookie er en lille tekstfil, som den hjemmeside, du bes\u00f8ger, anmoder om at gemme p\u00e5 din computer og hj\u00e6lper os med at f\u00e5 et overblik over bes\u00f8gsstatistikken. Bes\u00f8gsstatistik er et vigtigt v\u00e6rkt\u00f8j for at kunne levere de bedste [...]<\/p>","protected":false},"author":2,"featured_media":0,"parent":843,"menu_order":0,"comment_status":"closed","ping_status":"closed","template":"","meta":{"_acf_changed":false,"footnotes":""},"class_list":["post-5631","page","type-page","status-publish","hentry"],"acf":[],"_links":{"self":[{"href":"https:\/\/www.kungsberget.se\/da\/wp-json\/wp\/v2\/pages\/5631"}],"collection":[{"href":"https:\/\/www.kungsberget.se\/da\/wp-json\/wp\/v2\/pages"}],"about":[{"href":"https:\/\/www.kungsberget.se\/da\/wp-json\/wp\/v2\/types\/page"}],"author":[{"embeddable":true,"href":"https:\/\/www.kungsberget.se\/da\/wp-json\/wp\/v2\/users\/2"}],"replies":[{"embeddable":true,"href":"https:\/\/www.kungsberget.se\/da\/wp-json\/wp\/v2\/comments?post=5631"}],"version-history":[{"count":2,"href":"https:\/\/www.kungsberget.se\/da\/wp-json\/wp\/v2\/pages\/5631\/revisions"}],"predecessor-version":[{"id":7256,"href":"https:\/\/www.kungsberget.se\/da\/wp-json\/wp\/v2\/pages\/5631\/revisions\/7256"}],"up":[{"embeddable":true,"href":"https:\/\/www.kungsberget.se\/da\/wp-json\/wp\/v2\/pages\/843"}],"wp:attachment":[{"href":"https:\/\/www.kungsberget.se\/da\/wp-json\/wp\/v2\/media?parent=5631"}],"curies":[{"name":"wp","href":"https:\/\/api.w.org\/{rel}","templated":true}]}}