{"id":579,"date":"2018-10-30T20:34:40","date_gmt":"2018-10-30T20:34:40","guid":{"rendered":"https:\/\/www.kungsberget.se\/?page_id=579"},"modified":"2026-04-02T11:51:32","modified_gmt":"2026-04-02T09:51:32","slug":"om-branasgruppen","status":"publish","type":"page","link":"https:\/\/www.kungsberget.se\/da\/om-branasgruppen\/","title":{"rendered":"Om Kungsberget"},"content":{"rendered":"<div class=\"ingress\">Den f\u00f8rste lift op ad bjerget blev bygget i 1954, men det siges, at entusiaster har st\u00e5et p\u00e5 ski ned ad Kungsberget l\u00e6nge f\u00f8r det. Siden da har turen udviklet sig til det skisportssted, det er i dag.<\/div>\n<p>&nbsp;<\/p>\n<p class=\"ingress\"><iframe loading=\"lazy\" src=\"https:\/\/player.vimeo.com\/video\/397957925?color=ffffff&amp;title=0&amp;byline=0&amp;portrait=0\" width=\"640\" height=\"360\" frameborder=\"0\" allowfullscreen=\"allowfullscreen\"><\/iframe><br \/>\nLad os tage dig med p\u00e5 en rejse gennem tiden, om vores historie og sande skil\u00f8bsgl\u00e6de, fortalt af Gun Larsson, nu Lyrberg \u2013 datter af Johan Larsson, som var med til at bygge Kungsberget i 1930&#039;erne, og hvis arv vi forvalter i dag.<\/p>\n<h2 style=\"text-align: left;\">En del af Bran\u00e4s-gruppen siden 2004<\/h2>\n<p>Kungsberget var i lang tid ejet i f\u00e6llesskab af G\u00e4vle og Sandviken kommuner, og var derefter fuldt ejet af Sandviken kommune. I 2004 erhvervede Bran\u00e4s-koncernen anl\u00e6gget. Bran\u00e4s-koncernen omfatter ogs\u00e5 Bran\u00e4s Fritidscenter, som er Sveriges fjerdest\u00f8rste anl\u00e6g.<\/p>\n<div>\n<h2 style=\"text-align: left;\">Fed fakta om Kungsberget<\/h2>\n<ul style=\"text-align: center;\">\n<li style=\"text-align: left;\">25 pister og 14 lifter<\/li>\n<li style=\"text-align: left;\">Op til 1.700 meter lange ture<\/li>\n<li style=\"text-align: left;\">3.700 sengepladser i ski-in\/ski-out indkvarteringer<\/li>\n<li style=\"text-align: left;\">To parker samt Big Jump, Beginner&#039;s Park<\/li>\n<li style=\"text-align: left;\">B\u00f8rneomr\u00e5de<\/li>\n<li style=\"text-align: left;\">Nintendo Land<\/li>\n<li style=\"text-align: left;\">Skiskole for alle aldre<\/li>\n<li style=\"text-align: left;\">Aftenskil\u00f8b til kl.21 om torsdagen<\/li>\n<li style=\"text-align: left;\">Faldh\u00f8jde p\u00e5 200 meter<\/li>\n<\/ul>\n<hr \/>\n<p style=\"text-align: center;\">\n<\/div>","protected":false},"excerpt":{"rendered":"<p>Den f\u00f8rste lift op ad bjerget blev bygget i 1954, men det siges, at entusiaster har st\u00e5et p\u00e5 ski ned ad Kungsberget l\u00e6nge f\u00f8r det. Siden da har rejsen udviklet sig til det skisportssted, det er i dag. Lad os tage dig med p\u00e5 en rejse gennem tiden, om vores historie og den sande gl\u00e6de ved skil\u00f8b, fortalt af Gun Larsson, nu Lyrberg \u2013 [\u2026]<\/p>","protected":false},"author":2,"featured_media":0,"parent":0,"menu_order":0,"comment_status":"closed","ping_status":"closed","template":"","meta":{"_acf_changed":false,"footnotes":""},"class_list":["post-579","page","type-page","status-publish","hentry"],"acf":[],"_links":{"self":[{"href":"https:\/\/www.kungsberget.se\/da\/wp-json\/wp\/v2\/pages\/579"}],"collection":[{"href":"https:\/\/www.kungsberget.se\/da\/wp-json\/wp\/v2\/pages"}],"about":[{"href":"https:\/\/www.kungsberget.se\/da\/wp-json\/wp\/v2\/types\/page"}],"author":[{"embeddable":true,"href":"https:\/\/www.kungsberget.se\/da\/wp-json\/wp\/v2\/users\/2"}],"replies":[{"embeddable":true,"href":"https:\/\/www.kungsberget.se\/da\/wp-json\/wp\/v2\/comments?post=579"}],"version-history":[{"count":47,"href":"https:\/\/www.kungsberget.se\/da\/wp-json\/wp\/v2\/pages\/579\/revisions"}],"predecessor-version":[{"id":9269,"href":"https:\/\/www.kungsberget.se\/da\/wp-json\/wp\/v2\/pages\/579\/revisions\/9269"}],"wp:attachment":[{"href":"https:\/\/www.kungsberget.se\/da\/wp-json\/wp\/v2\/media?parent=579"}],"curies":[{"name":"wp","href":"https:\/\/api.w.org\/{rel}","templated":true}]}}