{"id":6062,"date":"2022-12-22T14:25:56","date_gmt":"2022-12-22T13:25:56","guid":{"rendered":"https:\/\/www.kungsberget.se\/?page_id=6062"},"modified":"2025-01-03T15:10:38","modified_gmt":"2025-01-03T14:10:38","slug":"magiska-aventyr","status":"publish","type":"page","link":"https:\/\/www.kungsberget.se\/da\/barn\/magiska-aventyr\/","title":{"rendered":"Magiske eventyr"},"content":{"rendered":"<h1 style=\"line-height: 115%; text-align: center;\">Tobbe the Wizard &amp; the Bj\u00f6rnbusarna<\/h1>\n<div class=\"ingress\">Denne vinter tager Bj\u00f6rnbusarna og bedsteven Tobbe troldmanden alle b\u00f8rn i Kungsberget med p\u00e5 et magisk eventyr. Der vil v\u00e6re skattejagt i pisterne og hekseskole i Miss Filipssons. Vil du v\u00e6re med?<\/div>","protected":false},"excerpt":{"rendered":"<p>Tobbe the Magician &amp; the Bj\u00f6rnbusarna Denne vinter vil Bj\u00f6rnbusarna og deres bedste ven Tobbe the Magician tage alle b\u00f8rn i Kungsberget med p\u00e5 magiske eventyr. Der vil v\u00e6re skattejagt p\u00e5 pisterne og en trylleskole i Fr\u00f6ken Filipssons. Vil du v\u00e6re med?<\/p>","protected":false},"author":14,"featured_media":0,"parent":63,"menu_order":0,"comment_status":"closed","ping_status":"closed","template":"","meta":{"_acf_changed":false,"footnotes":""},"class_list":["post-6062","page","type-page","status-publish","hentry"],"acf":[],"_links":{"self":[{"href":"https:\/\/www.kungsberget.se\/da\/wp-json\/wp\/v2\/pages\/6062"}],"collection":[{"href":"https:\/\/www.kungsberget.se\/da\/wp-json\/wp\/v2\/pages"}],"about":[{"href":"https:\/\/www.kungsberget.se\/da\/wp-json\/wp\/v2\/types\/page"}],"author":[{"embeddable":true,"href":"https:\/\/www.kungsberget.se\/da\/wp-json\/wp\/v2\/users\/14"}],"replies":[{"embeddable":true,"href":"https:\/\/www.kungsberget.se\/da\/wp-json\/wp\/v2\/comments?post=6062"}],"version-history":[{"count":14,"href":"https:\/\/www.kungsberget.se\/da\/wp-json\/wp\/v2\/pages\/6062\/revisions"}],"predecessor-version":[{"id":7983,"href":"https:\/\/www.kungsberget.se\/da\/wp-json\/wp\/v2\/pages\/6062\/revisions\/7983"}],"up":[{"embeddable":true,"href":"https:\/\/www.kungsberget.se\/da\/wp-json\/wp\/v2\/pages\/63"}],"wp:attachment":[{"href":"https:\/\/www.kungsberget.se\/da\/wp-json\/wp\/v2\/media?parent=6062"}],"curies":[{"name":"wp","href":"https:\/\/api.w.org\/{rel}","templated":true}]}}