{"id":6149,"date":"2023-01-26T08:28:57","date_gmt":"2023-01-26T07:28:57","guid":{"rendered":"https:\/\/www.kungsberget.se\/?page_id=6149"},"modified":"2025-09-30T14:37:52","modified_gmt":"2025-09-30T12:37:52","slug":"sportlov","status":"publish","type":"page","link":"https:\/\/www.kungsberget.se\/da\/hogtider\/sportlov\/","title":{"rendered":"Sport orlov"},"content":{"rendered":"<div class=\"ingress\">Sportsferien i Kungsberget er familiens aktive ferie og en m\u00e5de at tilbringe ferien udend\u00f8rs med verdens sjoveste sport, skil\u00f8b. Her finder du perfekte begynderomr\u00e5der, eventyrbanen Nintendo Land, skiskole for alle aldre og meget mere.<\/div>\n<p>&nbsp;<\/p>\n<div style=\"text-align: center;\"><a class=\"btn btn--c--prim\" href=\"https:\/\/www.kungsberget.se\/da\/bokning\/#\/boenden\">Book din sportsferie<\/a><\/div>","protected":false},"excerpt":{"rendered":"<p>Sportsferien i Kungsberget er familiens aktive ferie og en m\u00e5de at tilbringe ferien udend\u00f8rs med verdens sjoveste sport, skil\u00f8b. Her finder du perfekte begynderomr\u00e5der, eventyrkurset Nintendo Land, en skiskole for alle aldre og meget mere.  Book din sportsferie<\/p>","protected":false},"author":14,"featured_media":0,"parent":5673,"menu_order":0,"comment_status":"closed","ping_status":"closed","template":"","meta":{"_acf_changed":false,"footnotes":""},"class_list":["post-6149","page","type-page","status-publish","hentry"],"acf":[],"_links":{"self":[{"href":"https:\/\/www.kungsberget.se\/da\/wp-json\/wp\/v2\/pages\/6149"}],"collection":[{"href":"https:\/\/www.kungsberget.se\/da\/wp-json\/wp\/v2\/pages"}],"about":[{"href":"https:\/\/www.kungsberget.se\/da\/wp-json\/wp\/v2\/types\/page"}],"author":[{"embeddable":true,"href":"https:\/\/www.kungsberget.se\/da\/wp-json\/wp\/v2\/users\/14"}],"replies":[{"embeddable":true,"href":"https:\/\/www.kungsberget.se\/da\/wp-json\/wp\/v2\/comments?post=6149"}],"version-history":[{"count":13,"href":"https:\/\/www.kungsberget.se\/da\/wp-json\/wp\/v2\/pages\/6149\/revisions"}],"predecessor-version":[{"id":8797,"href":"https:\/\/www.kungsberget.se\/da\/wp-json\/wp\/v2\/pages\/6149\/revisions\/8797"}],"up":[{"embeddable":true,"href":"https:\/\/www.kungsberget.se\/da\/wp-json\/wp\/v2\/pages\/5673"}],"wp:attachment":[{"href":"https:\/\/www.kungsberget.se\/da\/wp-json\/wp\/v2\/media?parent=6149"}],"curies":[{"name":"wp","href":"https:\/\/api.w.org\/{rel}","templated":true}]}}