{"id":651,"date":"2018-10-31T13:31:06","date_gmt":"2018-10-31T13:31:06","guid":{"rendered":"https:\/\/www.kungsberget.se\/?page_id=651"},"modified":"2025-11-27T14:26:19","modified_gmt":"2025-11-27T13:26:19","slug":"kontaktuppgifter","status":"publish","type":"page","link":"https:\/\/www.kungsberget.se\/da\/om-branasgruppen\/kontaktuppgifter\/","title":{"rendered":"Kontaktoplysninger"},"content":{"rendered":"<div>\n<h2>Postadresse<\/h2>\n<p>Kungsbergets Leisure Facilities AB, Kungsbergsv\u00e4gen 51, 811 95 J\u00e4rbo<br \/>\nOrg. nr.: 556528-0434<\/p>\n<h2>Hovedkontor<\/h2>\n<p>Bran\u00e4s-gruppen. Drottninggatan 40. 652 25 Karlstad<br \/>\nTelefon: +46(0)54-13 26 00<\/p>\n<\/div>","protected":false},"excerpt":{"rendered":"<p>Postadresse Kungsbergets Fritidsn\u00e4llingar AB, Kungsbergsv\u00e4gen 51, 811 95 J\u00e4rbo Org. nr: 556528-0434 Bran\u00e4s Group Head Office. Drottninggatan 40. 652 25 Karlstad Telefon:+46(0)54-13 26 00<\/p>","protected":false},"author":2,"featured_media":0,"parent":579,"menu_order":0,"comment_status":"closed","ping_status":"closed","template":"","meta":{"_acf_changed":false,"footnotes":""},"class_list":["post-651","page","type-page","status-publish","hentry"],"acf":[],"_links":{"self":[{"href":"https:\/\/www.kungsberget.se\/da\/wp-json\/wp\/v2\/pages\/651"}],"collection":[{"href":"https:\/\/www.kungsberget.se\/da\/wp-json\/wp\/v2\/pages"}],"about":[{"href":"https:\/\/www.kungsberget.se\/da\/wp-json\/wp\/v2\/types\/page"}],"author":[{"embeddable":true,"href":"https:\/\/www.kungsberget.se\/da\/wp-json\/wp\/v2\/users\/2"}],"replies":[{"embeddable":true,"href":"https:\/\/www.kungsberget.se\/da\/wp-json\/wp\/v2\/comments?post=651"}],"version-history":[{"count":35,"href":"https:\/\/www.kungsberget.se\/da\/wp-json\/wp\/v2\/pages\/651\/revisions"}],"predecessor-version":[{"id":8979,"href":"https:\/\/www.kungsberget.se\/da\/wp-json\/wp\/v2\/pages\/651\/revisions\/8979"}],"up":[{"embeddable":true,"href":"https:\/\/www.kungsberget.se\/da\/wp-json\/wp\/v2\/pages\/579"}],"wp:attachment":[{"href":"https:\/\/www.kungsberget.se\/da\/wp-json\/wp\/v2\/media?parent=651"}],"curies":[{"name":"wp","href":"https:\/\/api.w.org\/{rel}","templated":true}]}}