{"id":7024,"date":"2023-12-22T14:09:46","date_gmt":"2023-12-22T13:09:46","guid":{"rendered":"https:\/\/www.kungsberget.se\/?page_id=7024"},"modified":"2024-01-02T13:30:04","modified_gmt":"2024-01-02T12:30:04","slug":"skidskola-for-nyborjare","status":"publish","type":"page","link":"https:\/\/www.kungsberget.se\/da\/skidskolor\/skidskola-for-nyborjare\/","title":{"rendered":"Skiskole for begyndere"},"content":{"rendered":"<div class=\"ingress\">G\u00f8r dig klar til det f\u00f8rste store eventyr p\u00e5 ski! Vi tager dig med bag kulisserne p\u00e5 Kungsbergets skiskole, hvor skigl\u00e6de bliver en realitet for alle aldre uanset erfaring. Her er alt, hvad du beh\u00f8ver at vide om, hvordan en dag p\u00e5 skiskolen ser ud.<\/div>","protected":false},"excerpt":{"rendered":"<p>G\u00f8r dig klar til det f\u00f8rste store eventyr p\u00e5 ski! Vi tager dig med bag kulisserne p\u00e5 Kungsbergets skiskole, hvor skigl\u00e6de bliver en realitet for alle aldre uanset erfaring. Her er alt, hvad du beh\u00f8ver at vide om, hvordan en dag p\u00e5 skiskolen ser ud.<\/p>","protected":false},"author":14,"featured_media":0,"parent":340,"menu_order":0,"comment_status":"closed","ping_status":"closed","template":"","meta":{"_acf_changed":false,"footnotes":""},"class_list":["post-7024","page","type-page","status-publish","hentry"],"acf":[],"_links":{"self":[{"href":"https:\/\/www.kungsberget.se\/da\/wp-json\/wp\/v2\/pages\/7024"}],"collection":[{"href":"https:\/\/www.kungsberget.se\/da\/wp-json\/wp\/v2\/pages"}],"about":[{"href":"https:\/\/www.kungsberget.se\/da\/wp-json\/wp\/v2\/types\/page"}],"author":[{"embeddable":true,"href":"https:\/\/www.kungsberget.se\/da\/wp-json\/wp\/v2\/users\/14"}],"replies":[{"embeddable":true,"href":"https:\/\/www.kungsberget.se\/da\/wp-json\/wp\/v2\/comments?post=7024"}],"version-history":[{"count":6,"href":"https:\/\/www.kungsberget.se\/da\/wp-json\/wp\/v2\/pages\/7024\/revisions"}],"predecessor-version":[{"id":7057,"href":"https:\/\/www.kungsberget.se\/da\/wp-json\/wp\/v2\/pages\/7024\/revisions\/7057"}],"up":[{"embeddable":true,"href":"https:\/\/www.kungsberget.se\/da\/wp-json\/wp\/v2\/pages\/340"}],"wp:attachment":[{"href":"https:\/\/www.kungsberget.se\/da\/wp-json\/wp\/v2\/media?parent=7024"}],"curies":[{"name":"wp","href":"https:\/\/api.w.org\/{rel}","templated":true}]}}