{"id":7086,"date":"2024-01-05T12:00:18","date_gmt":"2024-01-05T11:00:18","guid":{"rendered":"https:\/\/www.kungsberget.se\/?page_id=7086"},"modified":"2025-01-30T14:40:29","modified_gmt":"2025-01-30T13:40:29","slug":"atervinning","status":"publish","type":"page","link":"https:\/\/www.kungsberget.se\/da\/atervinning\/","title":{"rendered":"Genbrug"},"content":{"rendered":"<div class=\"ingress\">I Kungsberget arbejder vi h\u00e5rdt p\u00e5 at holde anl\u00e6gget rent og p\u00e6nt, for dig som g\u00e6st, men ogs\u00e5 for naturen. Tak fordi du vil hj\u00e6lpe med genbrug.<\/div>","protected":false},"excerpt":{"rendered":"<p>I Kungsberget arbejder vi h\u00e5rdt p\u00e5 at holde anl\u00e6gget rent og p\u00e6nt, for dig som g\u00e6st, men ogs\u00e5 for naturen. Tak fordi du vil hj\u00e6lpe med genbrug.<\/p>","protected":false},"author":14,"featured_media":0,"parent":0,"menu_order":0,"comment_status":"closed","ping_status":"closed","template":"","meta":{"_acf_changed":false,"footnotes":""},"class_list":["post-7086","page","type-page","status-publish","hentry"],"acf":[],"_links":{"self":[{"href":"https:\/\/www.kungsberget.se\/da\/wp-json\/wp\/v2\/pages\/7086"}],"collection":[{"href":"https:\/\/www.kungsberget.se\/da\/wp-json\/wp\/v2\/pages"}],"about":[{"href":"https:\/\/www.kungsberget.se\/da\/wp-json\/wp\/v2\/types\/page"}],"author":[{"embeddable":true,"href":"https:\/\/www.kungsberget.se\/da\/wp-json\/wp\/v2\/users\/14"}],"replies":[{"embeddable":true,"href":"https:\/\/www.kungsberget.se\/da\/wp-json\/wp\/v2\/comments?post=7086"}],"version-history":[{"count":5,"href":"https:\/\/www.kungsberget.se\/da\/wp-json\/wp\/v2\/pages\/7086\/revisions"}],"predecessor-version":[{"id":8030,"href":"https:\/\/www.kungsberget.se\/da\/wp-json\/wp\/v2\/pages\/7086\/revisions\/8030"}],"wp:attachment":[{"href":"https:\/\/www.kungsberget.se\/da\/wp-json\/wp\/v2\/media?parent=7086"}],"curies":[{"name":"wp","href":"https:\/\/api.w.org\/{rel}","templated":true}]}}