{"id":7358,"date":"2024-04-22T14:54:56","date_gmt":"2024-04-22T12:54:56","guid":{"rendered":"https:\/\/www.kungsberget.se\/?page_id=7358"},"modified":"2025-04-30T11:11:51","modified_gmt":"2025-04-30T09:11:51","slug":"nyheter","status":"publish","type":"page","link":"https:\/\/www.kungsberget.se\/da\/sommar\/nyheter\/","title":{"rendered":"Nyheder"},"content":{"rendered":"<div class=\"ingress\">\u00c5rets nyheder fokuserer p\u00e5 at g\u00f8re vores eksisterende sortiment endnu bedre. Blandt andet vil flere stier blive forbedret, naturstien bliver opdateret og oplevelsen for b\u00f8rn bliver endnu sjovere. Velkommen til sommer i Kungsberget!<\/div>","protected":false},"excerpt":{"rendered":"<p>\u00c5rets nyheder fokuserer p\u00e5 at g\u00f8re vores eksisterende sortiment endnu bedre. Blandt andet vil flere stier blive forbedret, naturstien bliver opdateret og oplevelsen for b\u00f8rn bliver endnu sjovere. Velkommen til sommer i Kungsberget!<\/p>","protected":false},"author":14,"featured_media":0,"parent":5271,"menu_order":0,"comment_status":"closed","ping_status":"closed","template":"","meta":{"_acf_changed":false,"footnotes":""},"class_list":["post-7358","page","type-page","status-publish","hentry"],"acf":[],"_links":{"self":[{"href":"https:\/\/www.kungsberget.se\/da\/wp-json\/wp\/v2\/pages\/7358"}],"collection":[{"href":"https:\/\/www.kungsberget.se\/da\/wp-json\/wp\/v2\/pages"}],"about":[{"href":"https:\/\/www.kungsberget.se\/da\/wp-json\/wp\/v2\/types\/page"}],"author":[{"embeddable":true,"href":"https:\/\/www.kungsberget.se\/da\/wp-json\/wp\/v2\/users\/14"}],"replies":[{"embeddable":true,"href":"https:\/\/www.kungsberget.se\/da\/wp-json\/wp\/v2\/comments?post=7358"}],"version-history":[{"count":13,"href":"https:\/\/www.kungsberget.se\/da\/wp-json\/wp\/v2\/pages\/7358\/revisions"}],"predecessor-version":[{"id":8481,"href":"https:\/\/www.kungsberget.se\/da\/wp-json\/wp\/v2\/pages\/7358\/revisions\/8481"}],"up":[{"embeddable":true,"href":"https:\/\/www.kungsberget.se\/da\/wp-json\/wp\/v2\/pages\/5271"}],"wp:attachment":[{"href":"https:\/\/www.kungsberget.se\/da\/wp-json\/wp\/v2\/media?parent=7358"}],"curies":[{"name":"wp","href":"https:\/\/api.w.org\/{rel}","templated":true}]}}