{"id":7402,"date":"2024-04-29T14:09:59","date_gmt":"2024-04-29T12:09:59","guid":{"rendered":"https:\/\/www.kungsberget.se\/?page_id=7402"},"modified":"2025-11-12T09:02:42","modified_gmt":"2025-11-12T08:02:42","slug":"liftkort","status":"publish","type":"page","link":"https:\/\/www.kungsberget.se\/da\/sommar\/liftkort\/","title":{"rendered":"liftkort"},"content":{"rendered":"<div class=\"ingress\"><span class=\"TextRun SCXW158894704 BCX9\" lang=\"SV-SE\" xml:lang=\"SV-SE\" data-contrast=\"auto\"><span class=\"NormalTextRun SCXW158894704 BCX9\">Velkommen til Kungsberget og sommerens eventyr.<\/span><\/span><span class=\"EOP SCXW158894704 BCX9\" data-ccp-props=\"{}\">\u00a0Her finder du i alt 14 l\u00f8jper i forskellige sv\u00e6rhedsgrader, der passer til alle skil\u00f8bere i familien. V\u00e6lg at forudbestille din liftbillet inden ankomst ved at k\u00f8be digitalt og afhente i vores liftkortautomater eller indl\u00e6se et kort fra et tidligere bes\u00f8g via hjemmesiden. B\u00f8rn mellem 0-6 \u00e5r k\u00f8rer gratis i vores anl\u00e6g, hvis de har et elevatorkort med b\u00f8rn.\u00a0<\/span><\/div>","protected":false},"excerpt":{"rendered":"<p>Velkommen til Kungsberget og sommerens eventyr. Her finder du i alt 14 l\u00f8jper i forskellige sv\u00e6rhedsgrader, der passer til alle skil\u00f8bere i familien. V\u00e6lg at forudbestille din liftbillet inden ankomst ved at k\u00f8be digitalt og afhente i vores liftkortautomater eller indl\u00e6se et kort fra et tidligere bes\u00f8g via hjemmesiden. B\u00f8rn mellem 0-6 \u00e5r g\u00e5r gratis i vores [\u2026]<\/p>","protected":false},"author":14,"featured_media":0,"parent":5271,"menu_order":0,"comment_status":"closed","ping_status":"closed","template":"","meta":{"_acf_changed":false,"footnotes":""},"class_list":["post-7402","page","type-page","status-publish","hentry"],"acf":[],"_links":{"self":[{"href":"https:\/\/www.kungsberget.se\/da\/wp-json\/wp\/v2\/pages\/7402"}],"collection":[{"href":"https:\/\/www.kungsberget.se\/da\/wp-json\/wp\/v2\/pages"}],"about":[{"href":"https:\/\/www.kungsberget.se\/da\/wp-json\/wp\/v2\/types\/page"}],"author":[{"embeddable":true,"href":"https:\/\/www.kungsberget.se\/da\/wp-json\/wp\/v2\/users\/14"}],"replies":[{"embeddable":true,"href":"https:\/\/www.kungsberget.se\/da\/wp-json\/wp\/v2\/comments?post=7402"}],"version-history":[{"count":21,"href":"https:\/\/www.kungsberget.se\/da\/wp-json\/wp\/v2\/pages\/7402\/revisions"}],"predecessor-version":[{"id":8929,"href":"https:\/\/www.kungsberget.se\/da\/wp-json\/wp\/v2\/pages\/7402\/revisions\/8929"}],"up":[{"embeddable":true,"href":"https:\/\/www.kungsberget.se\/da\/wp-json\/wp\/v2\/pages\/5271"}],"wp:attachment":[{"href":"https:\/\/www.kungsberget.se\/da\/wp-json\/wp\/v2\/media?parent=7402"}],"curies":[{"name":"wp","href":"https:\/\/api.w.org\/{rel}","templated":true}]}}