{"id":7444,"date":"2024-06-03T08:50:10","date_gmt":"2024-06-03T06:50:10","guid":{"rendered":"https:\/\/www.kungsberget.se\/?page_id=7444"},"modified":"2025-05-19T11:10:30","modified_gmt":"2025-05-19T09:10:30","slug":"singletrack-vs-flowled","status":"publish","type":"page","link":"https:\/\/www.kungsberget.se\/da\/sommar\/cykel\/singletrack-vs-flowled\/","title":{"rendered":"Enkeltspor vs flow-led"},"content":{"rendered":"<div class=\"ingress\">Jo mere du ved jo bedre. Her kan du l\u00e6se, hvad der adskiller vores stier, hvad er et singletrack og hvad er et flowled? Som bonus kan du ogs\u00e5 l\u00e6se om xc trails og se, hvilke stier der er hvad hos os.<\/div>","protected":false},"excerpt":{"rendered":"<p>Jo mere du ved jo bedre. Her kan du l\u00e6se, hvad der adskiller vores stier, hvad er et singletrack og hvad er et flowled? Som bonus kan du ogs\u00e5 l\u00e6se om xc trails og se, hvilke stier der er hvad hos os.<\/p>","protected":false},"author":14,"featured_media":0,"parent":4454,"menu_order":0,"comment_status":"closed","ping_status":"closed","template":"","meta":{"_acf_changed":false,"footnotes":""},"class_list":["post-7444","page","type-page","status-publish","hentry"],"acf":[],"_links":{"self":[{"href":"https:\/\/www.kungsberget.se\/da\/wp-json\/wp\/v2\/pages\/7444"}],"collection":[{"href":"https:\/\/www.kungsberget.se\/da\/wp-json\/wp\/v2\/pages"}],"about":[{"href":"https:\/\/www.kungsberget.se\/da\/wp-json\/wp\/v2\/types\/page"}],"author":[{"embeddable":true,"href":"https:\/\/www.kungsberget.se\/da\/wp-json\/wp\/v2\/users\/14"}],"replies":[{"embeddable":true,"href":"https:\/\/www.kungsberget.se\/da\/wp-json\/wp\/v2\/comments?post=7444"}],"version-history":[{"count":8,"href":"https:\/\/www.kungsberget.se\/da\/wp-json\/wp\/v2\/pages\/7444\/revisions"}],"predecessor-version":[{"id":8621,"href":"https:\/\/www.kungsberget.se\/da\/wp-json\/wp\/v2\/pages\/7444\/revisions\/8621"}],"up":[{"embeddable":true,"href":"https:\/\/www.kungsberget.se\/da\/wp-json\/wp\/v2\/pages\/4454"}],"wp:attachment":[{"href":"https:\/\/www.kungsberget.se\/da\/wp-json\/wp\/v2\/media?parent=7444"}],"curies":[{"name":"wp","href":"https:\/\/api.w.org\/{rel}","templated":true}]}}