{"id":7483,"date":"2024-06-13T09:10:57","date_gmt":"2024-06-13T07:10:57","guid":{"rendered":"https:\/\/www.kungsberget.se\/?page_id=7483"},"modified":"2025-05-21T08:48:22","modified_gmt":"2025-05-21T06:48:22","slug":"naturstigen","status":"publish","type":"page","link":"https:\/\/www.kungsberget.se\/da\/sommar\/naturstigen\/","title":{"rendered":"Naturstien"},"content":{"rendered":"<div class=\"ingress\">Velkommen til en fortryllende vandretur langs floden i Kungsberget. Et sp\u00e6ndende eventyr, hvor b\u00f8rn kan l\u00e6re om dyr og natur p\u00e5 ni forskellige stationer, mens de leger p\u00e5 forhindringsbanen og i den omkringliggende skov. \u00c5bent hele sommers\u00e6sonen og gratis for alle!<\/div>","protected":false},"excerpt":{"rendered":"<p>Velkommen til en fortryllende vandretur langs floden i Kungsberget. Et sp\u00e6ndende eventyr, hvor b\u00f8rn kan l\u00e6re om dyr og natur p\u00e5 ni forskellige stationer, mens de leger p\u00e5 forhindringsbanen og i den omkringliggende skov. \u00c5bent hele sommers\u00e6sonen og gratis for alle!<\/p>","protected":false},"author":14,"featured_media":0,"parent":5271,"menu_order":0,"comment_status":"closed","ping_status":"closed","template":"","meta":{"_acf_changed":false,"footnotes":""},"class_list":["post-7483","page","type-page","status-publish","hentry"],"acf":[],"_links":{"self":[{"href":"https:\/\/www.kungsberget.se\/da\/wp-json\/wp\/v2\/pages\/7483"}],"collection":[{"href":"https:\/\/www.kungsberget.se\/da\/wp-json\/wp\/v2\/pages"}],"about":[{"href":"https:\/\/www.kungsberget.se\/da\/wp-json\/wp\/v2\/types\/page"}],"author":[{"embeddable":true,"href":"https:\/\/www.kungsberget.se\/da\/wp-json\/wp\/v2\/users\/14"}],"replies":[{"embeddable":true,"href":"https:\/\/www.kungsberget.se\/da\/wp-json\/wp\/v2\/comments?post=7483"}],"version-history":[{"count":17,"href":"https:\/\/www.kungsberget.se\/da\/wp-json\/wp\/v2\/pages\/7483\/revisions"}],"predecessor-version":[{"id":8634,"href":"https:\/\/www.kungsberget.se\/da\/wp-json\/wp\/v2\/pages\/7483\/revisions\/8634"}],"up":[{"embeddable":true,"href":"https:\/\/www.kungsberget.se\/da\/wp-json\/wp\/v2\/pages\/5271"}],"wp:attachment":[{"href":"https:\/\/www.kungsberget.se\/da\/wp-json\/wp\/v2\/media?parent=7483"}],"curies":[{"name":"wp","href":"https:\/\/api.w.org\/{rel}","templated":true}]}}