{"id":7873,"date":"2024-12-09T15:18:04","date_gmt":"2024-12-09T14:18:04","guid":{"rendered":"https:\/\/www.kungsberget.se\/?page_id=7873"},"modified":"2024-12-09T15:18:04","modified_gmt":"2024-12-09T14:18:04","slug":"nyhetsbrev","status":"publish","type":"page","link":"https:\/\/www.kungsberget.se\/da\/nyhetsbrev\/","title":{"rendered":"Nyhedsbrev"},"content":{"rendered":"<p style=\"text-align: center;\">Hold styr p\u00e5 alle de sp\u00e6ndende begivenheder! Tilmeld dig vores nyhedsbrev og tag del i nyheder, kampagner og alt andet sjovt, der foreg\u00e5r.<\/p>\n<p><iframe loading=\"lazy\" style=\"border: 0;\" src=\"https:\/\/form.apsis.one\/5j2ClhzvyXSUpT\" width=\"600px\" height=\"370px\"><span data-mce-type=\"bookmark\" style=\"display: inline-block; width: 0px; overflow: hidden; line-height: 0;\" class=\"mce_SELRES_start\"><\/span><\/iframe><\/p>","protected":false},"excerpt":{"rendered":"<p>Hold dig opdateret med alle de sp\u00e6ndende ting, der sker! Tilmeld dig vores nyhedsbrev og f\u00e5 nyheder, kampagner og alt andet sjovt, der sker.<\/p>","protected":false},"author":14,"featured_media":0,"parent":0,"menu_order":0,"comment_status":"closed","ping_status":"closed","template":"","meta":{"_acf_changed":false,"footnotes":""},"class_list":["post-7873","page","type-page","status-publish","hentry"],"acf":[],"_links":{"self":[{"href":"https:\/\/www.kungsberget.se\/da\/wp-json\/wp\/v2\/pages\/7873"}],"collection":[{"href":"https:\/\/www.kungsberget.se\/da\/wp-json\/wp\/v2\/pages"}],"about":[{"href":"https:\/\/www.kungsberget.se\/da\/wp-json\/wp\/v2\/types\/page"}],"author":[{"embeddable":true,"href":"https:\/\/www.kungsberget.se\/da\/wp-json\/wp\/v2\/users\/14"}],"replies":[{"embeddable":true,"href":"https:\/\/www.kungsberget.se\/da\/wp-json\/wp\/v2\/comments?post=7873"}],"version-history":[{"count":1,"href":"https:\/\/www.kungsberget.se\/da\/wp-json\/wp\/v2\/pages\/7873\/revisions"}],"predecessor-version":[{"id":7874,"href":"https:\/\/www.kungsberget.se\/da\/wp-json\/wp\/v2\/pages\/7873\/revisions\/7874"}],"wp:attachment":[{"href":"https:\/\/www.kungsberget.se\/da\/wp-json\/wp\/v2\/media?parent=7873"}],"curies":[{"name":"wp","href":"https:\/\/api.w.org\/{rel}","templated":true}]}}