{"id":807,"date":"2018-11-14T12:03:11","date_gmt":"2018-11-14T12:03:11","guid":{"rendered":"https:\/\/www.kungsberget.se\/?page_id=807"},"modified":"2025-09-19T08:03:49","modified_gmt":"2025-09-19T06:03:49","slug":"upptack","status":"publish","type":"page","link":"https:\/\/www.kungsberget.se\/da\/sommar\/upptack\/","title":{"rendered":"Opdage"},"content":{"rendered":"<div class=\"ingress\">\n<div>Eventyr for hele familien i Kungsberget! Her finder du cykelstier for hele familien, alt fra begynderen til den mere \u00f8vede, en velassorteret butik og et lokalt liv med alt hvad du beh\u00f8ver. I n\u00e6romr\u00e5det er der ogs\u00e5 mulighed for fiskeri, vandreture og mere natursk\u00f8nne langrendsl\u00f8jper.<\/div>\n<\/div>\n<div style=\"text-align: center;\"><a class=\"btn btn--action\" href=\"https:\/\/www.kungsberget.se\/da\/sommar\/ledkarta\/\" target=\"_blank\" rel=\"noopener\">Se sporkortet<\/a><\/div>","protected":false},"excerpt":{"rendered":"<p>Eventyr for hele familien i Kungsberget! Her finder du cykelstier for hele familien, alt fra begynderen til den mere \u00f8vede, en velassorteret butik og et lokalt liv med alt hvad du beh\u00f8ver. I n\u00e6romr\u00e5det er der ogs\u00e5 mulighed for fiskeri, vandreture og mere natursk\u00f8nne langrendsl\u00f8jper. Se sporkortet<\/p>","protected":false},"author":2,"featured_media":0,"parent":5271,"menu_order":0,"comment_status":"closed","ping_status":"closed","template":"","meta":{"_acf_changed":false,"footnotes":""},"class_list":["post-807","page","type-page","status-publish","hentry"],"acf":[],"_links":{"self":[{"href":"https:\/\/www.kungsberget.se\/da\/wp-json\/wp\/v2\/pages\/807"}],"collection":[{"href":"https:\/\/www.kungsberget.se\/da\/wp-json\/wp\/v2\/pages"}],"about":[{"href":"https:\/\/www.kungsberget.se\/da\/wp-json\/wp\/v2\/types\/page"}],"author":[{"embeddable":true,"href":"https:\/\/www.kungsberget.se\/da\/wp-json\/wp\/v2\/users\/2"}],"replies":[{"embeddable":true,"href":"https:\/\/www.kungsberget.se\/da\/wp-json\/wp\/v2\/comments?post=807"}],"version-history":[{"count":68,"href":"https:\/\/www.kungsberget.se\/da\/wp-json\/wp\/v2\/pages\/807\/revisions"}],"predecessor-version":[{"id":8781,"href":"https:\/\/www.kungsberget.se\/da\/wp-json\/wp\/v2\/pages\/807\/revisions\/8781"}],"up":[{"embeddable":true,"href":"https:\/\/www.kungsberget.se\/da\/wp-json\/wp\/v2\/pages\/5271"}],"wp:attachment":[{"href":"https:\/\/www.kungsberget.se\/da\/wp-json\/wp\/v2\/media?parent=807"}],"curies":[{"name":"wp","href":"https:\/\/api.w.org\/{rel}","templated":true}]}}