{"id":8251,"date":"2025-03-19T13:39:18","date_gmt":"2025-03-19T12:39:18","guid":{"rendered":"https:\/\/www.kungsberget.se\/?page_id=8251"},"modified":"2025-11-17T10:31:02","modified_gmt":"2025-11-17T09:31:02","slug":"konferens","status":"publish","type":"page","link":"https:\/\/www.kungsberget.se\/da\/grupp-och-skolresor\/konferens\/","title":{"rendered":"Konference"},"content":{"rendered":"<div class=\"ingress\" style=\"text-align: center;\"><span class=\"TextRun SCXW238375988 BCX0\" lang=\"SV-SE\" xml:lang=\"SV-SE\" data-contrast=\"auto\"><span class=\"NormalTextRun SpellingErrorV2Themed SCXW238375988 BCX0\">Kickstart<\/span><span class=\"NormalTextRun SCXW238375988 BCX0\"> n<span class=\"NormalTextRun CommentHighlightRest SCXW191975745 BCX0\">st\u00f8rste arbejde<\/span> med et milj\u00f8skifte, hvor man skiftevis strategisnak med <\/span><span class=\"NormalTextRun SpellingErrorV2Themed SCXW238375988 BCX0\">udsk\u00e6ringsdrejninger<\/span><span class=\"NormalTextRun SCXW238375988 BCX0\"> og lange pauser p\u00e5 den udend\u00f8rs terrasse i for\u00e5rs-vintersolen. <\/span><\/span><span class=\"TextRun SCXW238375988 BCX0\" lang=\"SV-SE\" xml:lang=\"SV-SE\" data-contrast=\"auto\"><span class=\"NormalTextRun SCXW238375988 BCX0\">Ligesom p\u00e5 en skiferie med familien, kan du nyde det <\/span><span class=\"NormalTextRun SCXW238375988 BCX0\">skigl\u00e6de<\/span><span class=\"NormalTextRun SCXW238375988 BCX0\"> og tid sammen \u2013 men med en ekstra bonus. Du g\u00e5r ikke bare med <\/span><span class=\"NormalTextRun SCXW238375988 BCX0\">ny <\/span><span class=\"NormalTextRun SCXW238375988 BCX0\">minder<\/span><span class=\"NormalTextRun SCXW238375988 BCX0\"> og frisk luft i lungerne<\/span><span class=\"NormalTextRun SCXW238375988 BCX0\">, men ogs\u00e5 med ny indsigt, styrket hold\u00e5nd og en f\u00e6lles oplevelse at bringe tilbage til kontoret.<\/span><\/span><span class=\"EOP SCXW238375988 BCX0\" data-ccp-props=\"{}\">\u00a0<\/span><\/div>","protected":false},"excerpt":{"rendered":"<p>Kickstart dit n\u00e6ste store projekt med et landskabsskifte, hvor du skifter strategisamtaler med udsk\u00e6ringsvendinger og lange pauser p\u00e5 udend\u00f8rsterrassen i for\u00e5rs-vintersolen. Ligesom p\u00e5 en skiferie med familien, kan du nyde at st\u00e5 p\u00e5 ski og tilbringe tid sammen \u2013 men med en ekstra bonus. Du rejser ikke kun med nye minder og frisk luft i lungerne, men ogs\u00e5 med [\u2026]<\/p>","protected":false},"author":24,"featured_media":0,"parent":93,"menu_order":0,"comment_status":"closed","ping_status":"closed","template":"","meta":{"_acf_changed":false,"footnotes":""},"class_list":["post-8251","page","type-page","status-publish","hentry"],"acf":[],"_links":{"self":[{"href":"https:\/\/www.kungsberget.se\/da\/wp-json\/wp\/v2\/pages\/8251"}],"collection":[{"href":"https:\/\/www.kungsberget.se\/da\/wp-json\/wp\/v2\/pages"}],"about":[{"href":"https:\/\/www.kungsberget.se\/da\/wp-json\/wp\/v2\/types\/page"}],"author":[{"embeddable":true,"href":"https:\/\/www.kungsberget.se\/da\/wp-json\/wp\/v2\/users\/24"}],"replies":[{"embeddable":true,"href":"https:\/\/www.kungsberget.se\/da\/wp-json\/wp\/v2\/comments?post=8251"}],"version-history":[{"count":27,"href":"https:\/\/www.kungsberget.se\/da\/wp-json\/wp\/v2\/pages\/8251\/revisions"}],"predecessor-version":[{"id":8953,"href":"https:\/\/www.kungsberget.se\/da\/wp-json\/wp\/v2\/pages\/8251\/revisions\/8953"}],"up":[{"embeddable":true,"href":"https:\/\/www.kungsberget.se\/da\/wp-json\/wp\/v2\/pages\/93"}],"wp:attachment":[{"href":"https:\/\/www.kungsberget.se\/da\/wp-json\/wp\/v2\/media?parent=8251"}],"curies":[{"name":"wp","href":"https:\/\/api.w.org\/{rel}","templated":true}]}}