{"id":826,"date":"2018-11-14T12:56:41","date_gmt":"2018-11-14T12:56:41","guid":{"rendered":"https:\/\/www.kungsberget.se\/?page_id=826"},"modified":"2025-11-04T13:16:30","modified_gmt":"2025-11-04T12:16:30","slug":"in-och-utcheckning","status":"publish","type":"page","link":"https:\/\/www.kungsberget.se\/da\/bra-att-veta\/in-och-utcheckning\/","title":{"rendered":"Ind- og udtjekning"},"content":{"rendered":"<h1 style=\"text-align: center;\"><span class=\"TextRun SCXW135726305 BCX4\" lang=\"SV-SE\" xml:lang=\"SV-SE\" data-contrast=\"auto\"><span class=\"NormalTextRun SCXW135726305 BCX4\">S\u00e5dan fungerer ind- og udtjekning: <\/span><\/span><span class=\"LineBreakBlob BlobObject DragDrop SCXW135726305 BCX4\"><span class=\"SCXW135726305 BCX4\">\u00a0<\/span><\/span><\/h1>\n<p style=\"text-align: center;\"><span class=\"TextRun SCXW135726305 BCX4\" lang=\"SV-SE\" xml:lang=\"SV-SE\" data-contrast=\"auto\"><span class=\"NormalTextRun SCXW135726305 BCX4\">For\u00e5r i<\/span><span class=\"NormalTextRun SCXW135726305 BCX4\">Ind- og udtjekning foreg\u00e5r digitalt<\/span><span class=\"NormalTextRun SCXW135726305 BCX4\"> uden en traditionel reception p\u00e5 stedet<\/span><span class=\"NormalTextRun SCXW135726305 BCX4\">, hvilket betyder, at du f\u00e5r alle oplysningerne direkte p\u00e5 din mobiltelefon<\/span><span class=\"NormalTextRun SCXW135726305 BCX4\">.<\/span><span class=\"NormalTextRun SCXW135726305 BCX4\"> N\u00e5r du booker en indkvartering, f\u00e5r du adgang til\u00a0<\/span><\/span><a href=\"https:\/\/www.kungsberget.se\/da\/bokning\/#\/logga-in\"><span class=\"TextRun Underlined SCXW135726305 BCX4\" lang=\"SV-SE\" xml:lang=\"SV-SE\" data-contrast=\"auto\"><span class=\"NormalTextRun SCXW135726305 BCX4\">Mine sider<\/span><\/span><\/a><span class=\"TextRun SCXW135726305 BCX4\" lang=\"SV-SE\" xml:lang=\"SV-SE\" data-contrast=\"auto\"><span class=\"NormalTextRun SCXW135726305 BCX4\"> hvor du kan se hvilke tider der g\u00e6lder for din indkvartering, og om du tjekker ind med n\u00f8gle- eller kodel\u00e5s. <\/span><\/span><span class=\"TextRun SCXW135726305 BCX4\" lang=\"SV-SE\" xml:lang=\"SV-SE\" data-contrast=\"none\"><span class=\"NormalTextRun SCXW135726305 BCX4\">F\u00f8r din ankomst og afrejse sender vi dig ogs\u00e5 en\u00a0<\/span><\/span><span class=\"TextRun SCXW135726305 BCX4\" lang=\"SV-SE\" xml:lang=\"SV-SE\" data-contrast=\"none\"><span class=\"NormalTextRun SCXW135726305 BCX4\">tekstbesked<\/span><\/span><span class=\"TextRun SCXW135726305 BCX4\" lang=\"SV-SE\" xml:lang=\"SV-SE\" data-contrast=\"none\"><span class=\"NormalTextRun SCXW135726305 BCX4\">\u00a0med detaljer om, hvordan du tjekker ind og ud hos os<\/span><span class=\"NormalTextRun SCXW135726305 BCX4\">.<\/span><\/span><span class=\"LineBreakBlob BlobObject DragDrop SCXW135726305 BCX4\"><span class=\"SCXW135726305 BCX4\">\u00a0<\/span><br class=\"SCXW135726305 BCX4\" \/><\/span><\/p>\n<h2 style=\"text-align: center;\"><a class=\"btn btn--c--brand\" href=\"https:\/\/www.kungsberget.se\/da\/bokning\/#\/logga-in\" target=\"_blank\" rel=\"noopener\">Se detaljer for din indkvartering \u2013 log ind p\u00e5 mine sider<\/a><\/h2>","protected":false},"excerpt":{"rendered":"<p>S\u00e5dan fungerer ind- og udtjekning hos os. Vores ind- og udtjekning foreg\u00e5r digitalt uden en traditionel reception p\u00e5 stedet, hvilket betyder, at du f\u00e5r alle oplysninger direkte p\u00e5 din mobiltelefon. N\u00e5r du har booket en indkvartering, f\u00e5r du adgang til Mine Sider, hvor du kan se, hvilke tider der g\u00e6lder for netop din indkvartering, og om du tjekker ind med [\u2026]<\/p>","protected":false},"author":2,"featured_media":0,"parent":887,"menu_order":0,"comment_status":"closed","ping_status":"closed","template":"","meta":{"_acf_changed":false,"footnotes":""},"class_list":["post-826","page","type-page","status-publish","hentry"],"acf":[],"_links":{"self":[{"href":"https:\/\/www.kungsberget.se\/da\/wp-json\/wp\/v2\/pages\/826"}],"collection":[{"href":"https:\/\/www.kungsberget.se\/da\/wp-json\/wp\/v2\/pages"}],"about":[{"href":"https:\/\/www.kungsberget.se\/da\/wp-json\/wp\/v2\/types\/page"}],"author":[{"embeddable":true,"href":"https:\/\/www.kungsberget.se\/da\/wp-json\/wp\/v2\/users\/2"}],"replies":[{"embeddable":true,"href":"https:\/\/www.kungsberget.se\/da\/wp-json\/wp\/v2\/comments?post=826"}],"version-history":[{"count":81,"href":"https:\/\/www.kungsberget.se\/da\/wp-json\/wp\/v2\/pages\/826\/revisions"}],"predecessor-version":[{"id":8907,"href":"https:\/\/www.kungsberget.se\/da\/wp-json\/wp\/v2\/pages\/826\/revisions\/8907"}],"up":[{"embeddable":true,"href":"https:\/\/www.kungsberget.se\/da\/wp-json\/wp\/v2\/pages\/887"}],"wp:attachment":[{"href":"https:\/\/www.kungsberget.se\/da\/wp-json\/wp\/v2\/media?parent=826"}],"curies":[{"name":"wp","href":"https:\/\/api.w.org\/{rel}","templated":true}]}}