{"id":8333,"date":"2025-04-04T15:35:24","date_gmt":"2025-04-04T13:35:24","guid":{"rendered":"https:\/\/www.kungsberget.se\/?page_id=8333"},"modified":"2025-09-09T14:23:19","modified_gmt":"2025-09-09T12:23:19","slug":"dagstur","status":"publish","type":"page","link":"https:\/\/www.kungsberget.se\/da\/dagstur\/","title":{"rendered":"Dagstur"},"content":{"rendered":"<div class=\"ingress\" style=\"text-align: center;\"><span data-contrast=\"auto\">Planl\u00e6gger du en dagstur for at nyde skil\u00f8b med familien? S\u00e5 er du hjertelig velkommen til Kungsberget! Med kun 2 timer fra Stockholm, 1,5 time fra Uppsala og 45 minutter fra G\u00e4vle bytter du hurtigt storbyen ud med sne, skil\u00f8b og sjove vintereventyr med familien.\u00a0<\/span><span data-ccp-props=\"{&quot;335559739&quot;:0}\">\u00a0<\/span><\/div>","protected":false},"excerpt":{"rendered":"<p>Planl\u00e6gger du en dagstur for at nyde skil\u00f8b med familien? S\u00e5 er du hjertelig velkommen til Kungsberget! Med kun 2 timer fra Stockholm, 1,5 time fra Uppsala og 45 minutter fra G\u00e4vle bytter du hurtigt storbyen ud med sne, skil\u00f8b og sjove vintereventyr med familien.\u00a0\u00a0<\/p>","protected":false},"author":24,"featured_media":0,"parent":0,"menu_order":0,"comment_status":"closed","ping_status":"closed","template":"","meta":{"_acf_changed":false,"footnotes":""},"class_list":["post-8333","page","type-page","status-publish","hentry"],"acf":[],"_links":{"self":[{"href":"https:\/\/www.kungsberget.se\/da\/wp-json\/wp\/v2\/pages\/8333"}],"collection":[{"href":"https:\/\/www.kungsberget.se\/da\/wp-json\/wp\/v2\/pages"}],"about":[{"href":"https:\/\/www.kungsberget.se\/da\/wp-json\/wp\/v2\/types\/page"}],"author":[{"embeddable":true,"href":"https:\/\/www.kungsberget.se\/da\/wp-json\/wp\/v2\/users\/24"}],"replies":[{"embeddable":true,"href":"https:\/\/www.kungsberget.se\/da\/wp-json\/wp\/v2\/comments?post=8333"}],"version-history":[{"count":10,"href":"https:\/\/www.kungsberget.se\/da\/wp-json\/wp\/v2\/pages\/8333\/revisions"}],"predecessor-version":[{"id":8759,"href":"https:\/\/www.kungsberget.se\/da\/wp-json\/wp\/v2\/pages\/8333\/revisions\/8759"}],"wp:attachment":[{"href":"https:\/\/www.kungsberget.se\/da\/wp-json\/wp\/v2\/media?parent=8333"}],"curies":[{"name":"wp","href":"https:\/\/api.w.org\/{rel}","templated":true}]}}