{"id":8391,"date":"2025-04-11T10:21:41","date_gmt":"2025-04-11T08:21:41","guid":{"rendered":"https:\/\/www.kungsberget.se\/?page_id=8391"},"modified":"2026-03-03T10:52:19","modified_gmt":"2026-03-03T09:52:19","slug":"attraktioner","status":"publish","type":"page","link":"https:\/\/www.kungsberget.se\/da\/barn\/kul-pa-sno\/attraktioner\/","title":{"rendered":"Sev\u00e6rdigheder"},"content":{"rendered":"<p>Oplev vores otte forskellige skisportssteder, der g\u00f8r skil\u00f8b sjovere \u2013 og l\u00e6rerigere! Udfordr hinanden i Selftimer-banen, sig hej til Mario og hans venner i Nintendo-land, og tag en tur p\u00e5 pukkelpisten. Her er l\u00e6ring en del af det sjove ved skil\u00f8b!<\/p>","protected":false},"excerpt":{"rendered":"<p>Oplev vores otte forskellige skisportssteder, der g\u00f8r skil\u00f8b sjovere \u2013 og l\u00e6rerigere! Udfordr hinanden i Selftimer-banen, sig hej til Mario og hans venner i Nintendo-land, og tag en tur p\u00e5 pukkelpisten. Her er l\u00e6ring en del af det sjove ved skil\u00f8b!<\/p>","protected":false},"author":24,"featured_media":0,"parent":3543,"menu_order":0,"comment_status":"closed","ping_status":"closed","template":"","meta":{"_acf_changed":false,"footnotes":""},"class_list":["post-8391","page","type-page","status-publish","hentry"],"acf":[],"_links":{"self":[{"href":"https:\/\/www.kungsberget.se\/da\/wp-json\/wp\/v2\/pages\/8391"}],"collection":[{"href":"https:\/\/www.kungsberget.se\/da\/wp-json\/wp\/v2\/pages"}],"about":[{"href":"https:\/\/www.kungsberget.se\/da\/wp-json\/wp\/v2\/types\/page"}],"author":[{"embeddable":true,"href":"https:\/\/www.kungsberget.se\/da\/wp-json\/wp\/v2\/users\/24"}],"replies":[{"embeddable":true,"href":"https:\/\/www.kungsberget.se\/da\/wp-json\/wp\/v2\/comments?post=8391"}],"version-history":[{"count":9,"href":"https:\/\/www.kungsberget.se\/da\/wp-json\/wp\/v2\/pages\/8391\/revisions"}],"predecessor-version":[{"id":9130,"href":"https:\/\/www.kungsberget.se\/da\/wp-json\/wp\/v2\/pages\/8391\/revisions\/9130"}],"up":[{"embeddable":true,"href":"https:\/\/www.kungsberget.se\/da\/wp-json\/wp\/v2\/pages\/3543"}],"wp:attachment":[{"href":"https:\/\/www.kungsberget.se\/da\/wp-json\/wp\/v2\/media?parent=8391"}],"curies":[{"name":"wp","href":"https:\/\/api.w.org\/{rel}","templated":true}]}}