{"id":8398,"date":"2025-04-11T10:19:34","date_gmt":"2025-04-11T08:19:34","guid":{"rendered":"https:\/\/www.kungsberget.se\/?page_id=8398"},"modified":"2025-04-11T10:20:53","modified_gmt":"2025-04-11T08:20:53","slug":"snow-park-i-kungsberget","status":"publish","type":"page","link":"https:\/\/www.kungsberget.se\/da\/barn\/kul-pa-sno\/snow-park-i-kungsberget\/","title":{"rendered":"Snow Park"},"content":{"rendered":"<div class=\"ingress\">Uanset om du pr\u00f8ver dit allerf\u00f8rste hop eller arbejder p\u00e5 dit n\u00e6ste trick, er der en park til dig. Start i vores legende Bj\u00f6rnbuseparken, som er perfekt til begyndere, eller udvikle din parksk\u00f8jtel\u00f8b i Snow Park. Her er alle velkomne \u2013 unge som gamle, begyndere og \u00f8vede parkryttere!<\/div>","protected":false},"excerpt":{"rendered":"<p>Uanset om du pr\u00f8ver dit allerf\u00f8rste hop eller arbejder p\u00e5 dit n\u00e6ste trick, er der en park til dig. Start i vores legende Bj\u00f6rnbuseparken, som er perfekt til begyndere, eller udvikle din parksk\u00f8jtel\u00f8b i Snow Park. Her er alle velkomne \u2013 unge som gamle, begyndere og \u00f8vede parkryttere!<\/p>","protected":false},"author":24,"featured_media":0,"parent":3543,"menu_order":0,"comment_status":"closed","ping_status":"closed","template":"","meta":{"_acf_changed":false,"footnotes":""},"class_list":["post-8398","page","type-page","status-publish","hentry"],"acf":[],"_links":{"self":[{"href":"https:\/\/www.kungsberget.se\/da\/wp-json\/wp\/v2\/pages\/8398"}],"collection":[{"href":"https:\/\/www.kungsberget.se\/da\/wp-json\/wp\/v2\/pages"}],"about":[{"href":"https:\/\/www.kungsberget.se\/da\/wp-json\/wp\/v2\/types\/page"}],"author":[{"embeddable":true,"href":"https:\/\/www.kungsberget.se\/da\/wp-json\/wp\/v2\/users\/24"}],"replies":[{"embeddable":true,"href":"https:\/\/www.kungsberget.se\/da\/wp-json\/wp\/v2\/comments?post=8398"}],"version-history":[{"count":7,"href":"https:\/\/www.kungsberget.se\/da\/wp-json\/wp\/v2\/pages\/8398\/revisions"}],"predecessor-version":[{"id":8412,"href":"https:\/\/www.kungsberget.se\/da\/wp-json\/wp\/v2\/pages\/8398\/revisions\/8412"}],"up":[{"embeddable":true,"href":"https:\/\/www.kungsberget.se\/da\/wp-json\/wp\/v2\/pages\/3543"}],"wp:attachment":[{"href":"https:\/\/www.kungsberget.se\/da\/wp-json\/wp\/v2\/media?parent=8398"}],"curies":[{"name":"wp","href":"https:\/\/api.w.org\/{rel}","templated":true}]}}