{"id":843,"date":"2018-11-14T13:25:55","date_gmt":"2018-11-14T13:25:55","guid":{"rendered":"https:\/\/www.kungsberget.se\/?page_id=843"},"modified":"2023-03-27T15:38:03","modified_gmt":"2023-03-27T13:38:03","slug":"personuppgiftspolicy","status":"publish","type":"page","link":"https:\/\/www.kungsberget.se\/da\/om-branasgruppen\/personuppgiftspolicy\/","title":{"rendered":"Persondatapolitik"},"content":{"rendered":"<p>Kungsberget Fritidscenter AB, organisationsnr. 556491-8075, er ansvarlig for behandlingen af de personoplysninger, du registrerer, s\u00e5som navn, adresse, personnummer, mobil- og telefonnummer samt e-mailadresse. Dine personoplysninger behandles i overensstemmelse med den generelle databeskyttelsesforordning (GDPR).<\/p>\n<h2>Hvordan bruger vi dine personlige data?<\/h2>\n<p>Vi indsamler persondata, som du sender til os, n\u00e5r du f.eks. foretage en reservation, kontakt vores g\u00e6steservice eller foretag en betaling. Her kan du l\u00e6se mere detaljeret om, hvorfor vi behandler dine personoplysninger, hvad retsgrundlaget for behandlingen er, og hvor l\u00e6nge vi gemmer dine personoplysninger. <a href=\"https:\/\/www.kungsberget.se\/da\/om-branasgruppen\/personuppgiftspolicy\/cookies\/\">Her kan du se, hvilke cookies vi bruger p\u00e5 hjemmesiden.<\/a><\/p>\n<h3>Vi kan bruge dine personlige data til f\u00f8lgende form\u00e5l:<\/h3>\n<p><strong>For at administrere dine reservationer og betalinger<br \/>\n<\/strong>Vi behandler dine personoplysninger for at kunne administrere din reservation og betaling hos os. Din booking inkluderer information om reserveret skiudstyr, skiskole, liftkort og eventuelt ekstra tilbeh\u00f8r.<br \/>\nRetsgrundlag: Udf\u00f8relse af kontrakt<br \/>\nOpbevaringsperiode: Dine data slettes 2 \u00e5r efter sidste reservation&#039;<\/p>\n<p><strong>For at give dig relevant information vedr\u00f8rende din reservation<br \/>\n<\/strong>Vi behandler dine personoplysninger s\u00e5som e-mailadresse, n\u00e5r vi sender dig relevante oplysninger om din reservation, s\u00e5som bookingregler, procedurer for aflevering af udstyr mv.<br \/>\nRetsgrundlag: Udf\u00f8relse af kontrakt<br \/>\nOpbevaringsperiode: Vi rydder din e-mailadresse fra denne mail efter den nuv\u00e6rende s\u00e6son&#039;<\/p>\n<p><strong>At h\u00e5ndtere kundeservicesager<br \/>\n<\/strong>Vi behandler dine personoplysninger, n\u00e5r du er i kontakt med os, for eksempel via e-mail, chat eller p\u00e5 sociale medier.<br \/>\nRetsgrundlag: Interesseafvejning<br \/>\nOpbevaringsperiode: Data slettes, n\u00e5r sagen lukkes, data forbliver p\u00e5 sociale medier<\/p>\n<p><strong>At sende markedsf\u00f8ringstilbud og nyhedsbreve<br \/>\n<\/strong>Vi behandler dine personoplysninger (mailadresse) til at sende dig nyhedsbreve fra Kungsberget vedr\u00f8rende hvad der sker i anl\u00e6gget, hvorn\u00e5r vi \u00e5bner bookingen for s\u00e6sonen mv. Som abonnent p\u00e5 vores nyhedsbrev kan du selv afmelde dig via linket i mailen.<br \/>\nRetsgrundlag: Interesseafvejning<br \/>\nOpbevaringsperiode: Dataene behandles, indtil du afslutter abonnementet<\/p>\n<p><strong>Ved fejlfinding og support af bookingsystemer<br \/>\n<\/strong>Vi skal muligvis behandle dine personoplysninger til teknisk support og fejlfinding i vores bookingsystemer.<br \/>\nRetsgrundlag: Interesseafvejning<br \/>\nOpbevaringstid: Dataene kan blive behandlet i den tid teknisk support af vores bookingsystemer udf\u00f8res.<\/p>\n<p><strong>At sende invitationen til markedsunders\u00f8gelse<\/strong><b><br \/>\n<\/b>Vi behandler dine personoplysninger (e-mailadresse) for at dele din feedback og oplevelser efter dit ophold hos os.<br \/>\nRetsgrundlag: Interesseafvejning.<br \/>\nOpbevaringsperiode: Dataene behandles, mens markedsunders\u00f8gelsen udf\u00f8res.<\/p>\n<p><strong>Til levering af bestilte produkter<\/strong><b><br \/>\n<\/b>Vi behandler dine personoplysninger, s\u00e5som for- og efternavn, ved aflevering af bookede produkter s\u00e5som liftkort, skiudstyr og n\u00f8gler til din reserverede bolig.<br \/>\nRetsgrundlag: Udf\u00f8relse af kontrakt.<br \/>\nOpbevaringstid: Dataene behandles f\u00f8r ankomst og ryddes derefter med det samme.<\/p>\n<p>Har du en beskyttet identitet eller af andre \u00e5rsager ikke \u00f8nsker, at vi trykker dit navn p\u00e5 ankomstkuverten, s\u00e5 kontakt os p\u00e5 telefon 054-13 26 00, s\u00e5 hj\u00e6lper vi dig.<\/p>\n<h2>Hvem har adgang til dine personlige data?<\/h2>\n<p>Dine personoplysninger behandles prim\u00e6rt af os p\u00e5 Kungsberget Fritidscenter AB. Dine personoplysninger kan ogs\u00e5 blive videregivet til og behandlet af vores moderselskab Bran\u00e4sgruppen AB (org.nr. 556694-2107) og dets datterselskaber inden for Bran\u00e4sgruppen, samt vores samarbejdspartnere til de angivne form\u00e5l.<\/p>\n<p>Som abonnent p\u00e5 vores nyhedsbrev h\u00e5ndteres din e-mailadresse af vores partner Mailchimp, som gemmer dataene p\u00e5 sine servere i USA.<\/p>\n<h2>Hvordan er dine personlige data beskyttet?<\/h2>\n<p>Vi har truffet tekniske og organisatoriske foranstaltninger for at beskytte dine data mod tab, manipulation og uautoriseret adgang. Vi tilpasser l\u00f8bende vores sikkerhedsforanstaltninger i overensstemmelse med fremgangen og udviklingen p\u00e5 det teknologiske omr\u00e5de.<\/p>\n<h2>Dine rettigheder<\/h2>\n<p>Du har til enhver tid ret til at anmode om oplysninger om de personoplysninger, vi opbevarer om dig. Hvis dine data er forkerte, ufuldst\u00e6ndige eller irrelevante, kan du anmode om at f\u00e5 dem rettet eller slettet. Vi kan ikke slette dine data, n\u00e5r der er et lovpligtigt krav om opbevaring, s\u00e5som regnskabsregler, eller n\u00e5r der er andre legitime \u00e5rsager<\/p>\n<h2>Kontakte<\/h2>\n<p>Kungsberget Fritidscenter AB<br \/>\nKungsbergetgruppen AB<br \/>\nDrottninggatan 40<br \/>\n652 25 Karlstad<\/p>\n<p>Telefon: 054-13 26 00<br \/>\nE-mail:\u00a0<a href=\"mailto:info@branas.se\">info@branas.se<\/a><\/p>","protected":false},"excerpt":{"rendered":"<p>Kungsberget Fritidscenter AB, firmanr. 556491-8075, er ansvarlig for behandlingen af de personoplysninger, du registrerer, s\u00e5som navn, adresse, cpr-nummer, mobil- og telefonnummer samt e-mailadresse. Dine personoplysninger behandles i overensstemmelse med den generelle databeskyttelsesforordning (GDPR). Hvordan bruger vi dine personlige data? Vi indsamler persondata, som du sender til os, f.eks lav en reservation, kontakt vores g\u00e6steservice eller [\u2026]<\/p>","protected":false},"author":2,"featured_media":0,"parent":579,"menu_order":0,"comment_status":"closed","ping_status":"closed","template":"","meta":{"_acf_changed":false,"footnotes":""},"class_list":["post-843","page","type-page","status-publish","hentry"],"acf":[],"_links":{"self":[{"href":"https:\/\/www.kungsberget.se\/da\/wp-json\/wp\/v2\/pages\/843"}],"collection":[{"href":"https:\/\/www.kungsberget.se\/da\/wp-json\/wp\/v2\/pages"}],"about":[{"href":"https:\/\/www.kungsberget.se\/da\/wp-json\/wp\/v2\/types\/page"}],"author":[{"embeddable":true,"href":"https:\/\/www.kungsberget.se\/da\/wp-json\/wp\/v2\/users\/2"}],"replies":[{"embeddable":true,"href":"https:\/\/www.kungsberget.se\/da\/wp-json\/wp\/v2\/comments?post=843"}],"version-history":[{"count":9,"href":"https:\/\/www.kungsberget.se\/da\/wp-json\/wp\/v2\/pages\/843\/revisions"}],"predecessor-version":[{"id":6307,"href":"https:\/\/www.kungsberget.se\/da\/wp-json\/wp\/v2\/pages\/843\/revisions\/6307"}],"up":[{"embeddable":true,"href":"https:\/\/www.kungsberget.se\/da\/wp-json\/wp\/v2\/pages\/579"}],"wp:attachment":[{"href":"https:\/\/www.kungsberget.se\/da\/wp-json\/wp\/v2\/media?parent=843"}],"curies":[{"name":"wp","href":"https:\/\/api.w.org\/{rel}","templated":true}]}}