{"id":8498,"date":"2025-05-06T11:02:29","date_gmt":"2025-05-06T09:02:29","guid":{"rendered":"https:\/\/www.kungsberget.se\/?page_id=8498"},"modified":"2025-05-06T11:02:56","modified_gmt":"2025-05-06T09:02:56","slug":"infor-resan","status":"publish","type":"page","link":"https:\/\/www.kungsberget.se\/da\/sommar\/infor-resan\/","title":{"rendered":"F\u00f8r turen"},"content":{"rendered":"<div class=\"ingress\">Velkommen til Kungsberget om sommeren! Her finder du information om, hvad der er tilg\u00e6ngeligt i vores indkvarteringer, og en pakkeliste, der giver dig de bedste foruds\u00e6tninger for en behagelig start p\u00e5 din ferie.<\/div>\n<h2>Hvad skal jeg tage med?<\/h2>\n<p>I vores bolig er der som standard opvaskeb\u00f8rste, h\u00e5ndvaskemiddel, opvaskepulver, engangsklude, affaldsposer og toiletrulle. Der er reng\u00f8ringsmidler som st\u00f8vsugere, mopper og reng\u00f8ringsmidler.<\/p>\n<p><span style=\"font-size: 1.25rem;\">Vores indkvarteringer er udstyret med k\u00f8kkenudstyr tilpasset antallet af stamg\u00e6ster i indkvarteringen, en kaffemaskine, en barneseng og en h\u00f8jstol. Det, der ikke er inkluderet i indkvarteringen if\u00f8lge vores standard, er h\u00e5rt\u00f8rrer, elektrisk pisker og vaffeljern. P\u00e5 din bookingbekr\u00e6ftelse kan du se, om lagner, h\u00e5ndkl\u00e6der eller reng\u00f8ring er inkluderet.<\/span><\/p>\n<p style=\"text-align: center;\"><a class=\"btn btn--c--brand\" href=\"https:\/\/cdn.branasgruppen.se\/kungsberget\/app\/uploads\/2025\/05\/06093115\/KB_packlista_sommar.pdf\">PAKKELISTE (PDF)<\/a><\/p>","protected":false},"excerpt":{"rendered":"<p>Velkommen til Kungsberget om sommeren! Her finder du information om, hvad der er tilg\u00e6ngeligt i vores indkvarteringer, og en pakkeliste, der giver dig de bedste foruds\u00e6tninger for en behagelig start p\u00e5 din ferie. Hvad skal jeg medbringe? Vores indkvarteringer inkluderer som standard opvaskeb\u00f8rste, h\u00e5ndopvaskemiddel, opvaskemiddelpulver, engangsklude, affaldsposer og toiletpapir. Der er reng\u00f8ringsmidler s\u00e5som st\u00f8vsuger, moppe og [\u2026]<\/p>","protected":false},"author":14,"featured_media":0,"parent":5271,"menu_order":0,"comment_status":"closed","ping_status":"closed","template":"","meta":{"_acf_changed":false,"footnotes":""},"class_list":["post-8498","page","type-page","status-publish","hentry"],"acf":[],"_links":{"self":[{"href":"https:\/\/www.kungsberget.se\/da\/wp-json\/wp\/v2\/pages\/8498"}],"collection":[{"href":"https:\/\/www.kungsberget.se\/da\/wp-json\/wp\/v2\/pages"}],"about":[{"href":"https:\/\/www.kungsberget.se\/da\/wp-json\/wp\/v2\/types\/page"}],"author":[{"embeddable":true,"href":"https:\/\/www.kungsberget.se\/da\/wp-json\/wp\/v2\/users\/14"}],"replies":[{"embeddable":true,"href":"https:\/\/www.kungsberget.se\/da\/wp-json\/wp\/v2\/comments?post=8498"}],"version-history":[{"count":3,"href":"https:\/\/www.kungsberget.se\/da\/wp-json\/wp\/v2\/pages\/8498\/revisions"}],"predecessor-version":[{"id":8501,"href":"https:\/\/www.kungsberget.se\/da\/wp-json\/wp\/v2\/pages\/8498\/revisions\/8501"}],"up":[{"embeddable":true,"href":"https:\/\/www.kungsberget.se\/da\/wp-json\/wp\/v2\/pages\/5271"}],"wp:attachment":[{"href":"https:\/\/www.kungsberget.se\/da\/wp-json\/wp\/v2\/media?parent=8498"}],"curies":[{"name":"wp","href":"https:\/\/api.w.org\/{rel}","templated":true}]}}