{"id":8517,"date":"2025-05-08T13:26:29","date_gmt":"2025-05-08T11:26:29","guid":{"rendered":"https:\/\/www.kungsberget.se\/?page_id=8517"},"modified":"2025-05-09T08:02:37","modified_gmt":"2025-05-09T06:02:37","slug":"boendekarta","status":"publish","type":"page","link":"https:\/\/www.kungsberget.se\/da\/sommar\/boendekarta\/","title":{"rendered":"overnatningskort"},"content":{"rendered":"<div class=\"ingress\">Find det hos os! Her finder du et praktisk oversigtskort, der viser hele Kungsberget, s\u00e5 du nemt kan f\u00e5 et godt overblik og navigere. Hvis du vil se husnummeret p\u00e5 hver bolig, skal du v\u00e6lge et kort fra det respektive boligomr\u00e5de.<\/div>\n<div style=\"text-align: center;\"><a class=\"btn--c--brand btn\" href=\"https:\/\/cdn.branasgruppen.se\/kungsberget\/app\/uploads\/2025\/05\/09080049\/KB_sommarkarta_24-25-1.pdf\" target=\"_blank\" rel=\"noopener\">OVERSIGTSKORT VINTER<\/a><\/div>","protected":false},"excerpt":{"rendered":"<p>Find det hos os! Her finder du et praktisk oversigtskort, der viser hele Kungsberget, s\u00e5 du nemt kan f\u00e5 et godt overblik og navigere. Hvis du vil se husnummeret p\u00e5 hver bolig, skal du v\u00e6lge et kort fra det respektive boligomr\u00e5de. OVERSIGTSKORT VINTER<\/p>","protected":false},"author":14,"featured_media":0,"parent":5271,"menu_order":0,"comment_status":"closed","ping_status":"closed","template":"","meta":{"_acf_changed":false,"footnotes":""},"class_list":["post-8517","page","type-page","status-publish","hentry"],"acf":[],"_links":{"self":[{"href":"https:\/\/www.kungsberget.se\/da\/wp-json\/wp\/v2\/pages\/8517"}],"collection":[{"href":"https:\/\/www.kungsberget.se\/da\/wp-json\/wp\/v2\/pages"}],"about":[{"href":"https:\/\/www.kungsberget.se\/da\/wp-json\/wp\/v2\/types\/page"}],"author":[{"embeddable":true,"href":"https:\/\/www.kungsberget.se\/da\/wp-json\/wp\/v2\/users\/14"}],"replies":[{"embeddable":true,"href":"https:\/\/www.kungsberget.se\/da\/wp-json\/wp\/v2\/comments?post=8517"}],"version-history":[{"count":5,"href":"https:\/\/www.kungsberget.se\/da\/wp-json\/wp\/v2\/pages\/8517\/revisions"}],"predecessor-version":[{"id":8532,"href":"https:\/\/www.kungsberget.se\/da\/wp-json\/wp\/v2\/pages\/8517\/revisions\/8532"}],"up":[{"embeddable":true,"href":"https:\/\/www.kungsberget.se\/da\/wp-json\/wp\/v2\/pages\/5271"}],"wp:attachment":[{"href":"https:\/\/www.kungsberget.se\/da\/wp-json\/wp\/v2\/media?parent=8517"}],"curies":[{"name":"wp","href":"https:\/\/api.w.org\/{rel}","templated":true}]}}