{"id":8537,"date":"2025-05-09T08:53:02","date_gmt":"2025-05-09T06:53:02","guid":{"rendered":"https:\/\/www.kungsberget.se\/?page_id=8537"},"modified":"2025-05-12T12:46:00","modified_gmt":"2025-05-12T10:46:00","slug":"incheckning","status":"publish","type":"page","link":"https:\/\/www.kungsberget.se\/da\/sommar\/incheckning\/","title":{"rendered":"Indtjekning"},"content":{"rendered":"<h2>Check ind med det samme<\/h2>\n<p>Du kan finde indtjekningsboksenes placering p\u00e5 oversigtskortet nedenfor.<em>\u00a0<\/em><\/p>\n<p><a class=\"btn btn--c--brand\" href=\"https:\/\/cdn.branasgruppen.se\/kungsberget\/app\/uploads\/2025\/05\/09080049\/KB_sommarkarta_24-25-1.pdf\">Oversigtskort<\/a><\/p>\n<ul>\n<li>Indkvartering i Ski Lodge - Se side to i reservationsbekr\u00e6ftelsen for specifikke ind- og udtjekningstider.<\/li>\n<li><strong>Indtjekning<\/strong> finder sted fra kl. 15.00. Du kan afhente n\u00f8glekortet i din check-in-boks, som du kan finde p\u00e5 oversigtskortet ovenfor.<br \/>\nDu modtager koden til skabet p\u00e5 sms, n\u00e5r boligen er klar til indtjekning. SMS g\u00e5r ud mellem 12.00 og 15.00<\/li>\n<li>Hvis din bolig har digital check-in, modtager du en sms p\u00e5 ankomstdagen med yderligere information.<\/li>\n<li>Hvis du har glemt at booke den endelige by, s\u00e5 g\u00f8r det p\u00e5 054\u201313 26 00. Vi forbeholder os retten til, at den endelige by kan v\u00e6re fuldt booket.<\/li>\n<li>Giv os besked senest kl. 11.00 dagen efter ankomst, hvis noget i boligen ikke er til din tilfredshed.<\/li>\n<li>For sp\u00f8rgsm\u00e5l om overnatningen, fejlrapportering og anden information kontakt vores g\u00e6steservice, 054\u201313 26 13<\/li>\n<\/ul>\n<h2>Tjek ud<\/h2>\n<p>Udtjekning skal ske senest kl. 11.00, medmindre andet er angivet p\u00e5 ankomstkuverten. Hvis du har bestilt den sidste by, er udtjekning kl. 10.00. Udtjekning sker ved at efterlade n\u00f8glen i lejligheden eller i boksen, hvor du hentede den. V\u00e6r opm\u00e6rksom og s\u00f8rg for at have alt med inden afgang. Vi erstatter ikke glemte varer \u00f8konomisk, men sender selvf\u00f8lgelig det vi finder tilbage for en administrationsomkostning p\u00e5 100 SEK plus porto.<\/p>\n<p>Hvis du bor i Ski Lodge, Kungslodgen eller Torget, er udtjekningstidspunktet kl. 18:00.<\/p>\n<p>Har du bestilt slutreng\u00f8ring, skal boligen v\u00e6re tom, affald t\u00f8mt, opvask ren og n\u00f8glen returneres senest p\u00e5 ovenst\u00e5ende udtjekningstidspunkter.<\/p>","protected":false},"excerpt":{"rendered":"<p>Check ind direkte Du kan finde placeringen af check-in-boksene p\u00e5 oversigtskortet nedenfor. Oversigtskort Indkvartering i Ski Lodge \u2013 Se side to i bookingbekr\u00e6ftelsen for specifikke check-in- og check-ud-tidspunkter. Check-in finder sted fra kl. 15.00. Du kan afhente n\u00f8glekortet i din check-in-boks, som du kan finde p\u00e5 oversigtskortet ovenfor. Du modtager koden til skabet via sms, n\u00e5r indkvarteringen er klar til [\u2026]<\/p>","protected":false},"author":14,"featured_media":0,"parent":5271,"menu_order":0,"comment_status":"closed","ping_status":"closed","template":"","meta":{"_acf_changed":false,"footnotes":""},"class_list":["post-8537","page","type-page","status-publish","hentry"],"acf":[],"_links":{"self":[{"href":"https:\/\/www.kungsberget.se\/da\/wp-json\/wp\/v2\/pages\/8537"}],"collection":[{"href":"https:\/\/www.kungsberget.se\/da\/wp-json\/wp\/v2\/pages"}],"about":[{"href":"https:\/\/www.kungsberget.se\/da\/wp-json\/wp\/v2\/types\/page"}],"author":[{"embeddable":true,"href":"https:\/\/www.kungsberget.se\/da\/wp-json\/wp\/v2\/users\/14"}],"replies":[{"embeddable":true,"href":"https:\/\/www.kungsberget.se\/da\/wp-json\/wp\/v2\/comments?post=8537"}],"version-history":[{"count":4,"href":"https:\/\/www.kungsberget.se\/da\/wp-json\/wp\/v2\/pages\/8537\/revisions"}],"predecessor-version":[{"id":8549,"href":"https:\/\/www.kungsberget.se\/da\/wp-json\/wp\/v2\/pages\/8537\/revisions\/8549"}],"up":[{"embeddable":true,"href":"https:\/\/www.kungsberget.se\/da\/wp-json\/wp\/v2\/pages\/5271"}],"wp:attachment":[{"href":"https:\/\/www.kungsberget.se\/da\/wp-json\/wp\/v2\/media?parent=8537"}],"curies":[{"name":"wp","href":"https:\/\/api.w.org\/{rel}","templated":true}]}}