{"id":8550,"date":"2025-05-13T14:07:23","date_gmt":"2025-05-13T12:07:23","guid":{"rendered":"https:\/\/www.kungsberget.se\/?page_id=8550"},"modified":"2025-06-03T10:26:08","modified_gmt":"2025-06-03T08:26:08","slug":"cykeluthyrning-verkstad","status":"publish","type":"page","link":"https:\/\/www.kungsberget.se\/da\/sommar\/cykel\/cykeluthyrning-verkstad\/","title":{"rendered":"Cykeludlejning og v\u00e6rksted"},"content":{"rendered":"<div class=\"ingress\" data-start=\"406\" data-end=\"706\">Find alt hvad du beh\u00f8ver for at komme ud p\u00e5 stierne uden besv\u00e6r, samlet \u00e9t sted! Lige ved siden af den store parkeringsplads, t\u00e6t p\u00e5 b\u00e5de cykelstier, stoleliften og din indkvartering, finder du os, hvor du nemt kan afhente dit lejede udstyr. Vi har alt fra cykler, hjelme, beskyttelse og andet udstyr til en sikker og sjov dag p\u00e5 cyklen. Skulle noget skulle justeres, finder du vores v\u00e6rksted i samme lokaler!<\/div>","protected":false},"excerpt":{"rendered":"<p>Find alt hvad du beh\u00f8ver for at komme ud p\u00e5 stierne uden besv\u00e6r \u00e9t sted! Lige ved siden af den store parkeringsplads, t\u00e6t p\u00e5 b\u00e5de cykelstier, stolelift og din indkvartering, finder du os, hvor du nemt kan afhente dit lejede udstyr. Vi har alt fra cykler, hjelme, beskyttelse og andet udstyr til en sikker og [\u2026]<\/p>","protected":false},"author":24,"featured_media":0,"parent":4454,"menu_order":0,"comment_status":"closed","ping_status":"closed","template":"","meta":{"_acf_changed":false,"footnotes":""},"class_list":["post-8550","page","type-page","status-publish","hentry"],"acf":[],"_links":{"self":[{"href":"https:\/\/www.kungsberget.se\/da\/wp-json\/wp\/v2\/pages\/8550"}],"collection":[{"href":"https:\/\/www.kungsberget.se\/da\/wp-json\/wp\/v2\/pages"}],"about":[{"href":"https:\/\/www.kungsberget.se\/da\/wp-json\/wp\/v2\/types\/page"}],"author":[{"embeddable":true,"href":"https:\/\/www.kungsberget.se\/da\/wp-json\/wp\/v2\/users\/24"}],"replies":[{"embeddable":true,"href":"https:\/\/www.kungsberget.se\/da\/wp-json\/wp\/v2\/comments?post=8550"}],"version-history":[{"count":18,"href":"https:\/\/www.kungsberget.se\/da\/wp-json\/wp\/v2\/pages\/8550\/revisions"}],"predecessor-version":[{"id":8654,"href":"https:\/\/www.kungsberget.se\/da\/wp-json\/wp\/v2\/pages\/8550\/revisions\/8654"}],"up":[{"embeddable":true,"href":"https:\/\/www.kungsberget.se\/da\/wp-json\/wp\/v2\/pages\/4454"}],"wp:attachment":[{"href":"https:\/\/www.kungsberget.se\/da\/wp-json\/wp\/v2\/media?parent=8550"}],"curies":[{"name":"wp","href":"https:\/\/api.w.org\/{rel}","templated":true}]}}