{"id":8593,"date":"2025-05-19T08:51:13","date_gmt":"2025-05-19T06:51:13","guid":{"rendered":"https:\/\/www.kungsberget.se\/?page_id=8593"},"modified":"2025-05-19T08:51:13","modified_gmt":"2025-05-19T06:51:13","slug":"teknikbana-pumptrack","status":"publish","type":"page","link":"https:\/\/www.kungsberget.se\/da\/sommar\/cykel\/teknikbana-pumptrack\/","title":{"rendered":"Teknisk bane og pumptrack"},"content":{"rendered":"<div class=\"ingress\">Udvikl dine cykelf\u00e6rdigheder og oplev sommerens sjoveste eventyr! I Kungsberget venter b\u00e5de en asfalt-pumptrack og tekniske baner for b\u00f8rn, hvor hele familien kan \u00f8ve balance, pr\u00f8ve nye tricks og have det sjovt sammen. Oplev gl\u00e6den ved at cykle i hvert sving!<\/div>","protected":false},"excerpt":{"rendered":"<p>Udvikl dine cykelf\u00e6rdigheder og oplev sommerens sjoveste eventyr! I Kungsberget venter b\u00e5de en asfalt-pumptrack og tekniske baner for b\u00f8rn, hvor hele familien kan \u00f8ve balance, pr\u00f8ve nye tricks og have det sjovt sammen. Oplev gl\u00e6den ved at cykle i hvert sving!<\/p>","protected":false},"author":24,"featured_media":0,"parent":4454,"menu_order":0,"comment_status":"closed","ping_status":"closed","template":"","meta":{"_acf_changed":false,"footnotes":""},"class_list":["post-8593","page","type-page","status-publish","hentry"],"acf":[],"_links":{"self":[{"href":"https:\/\/www.kungsberget.se\/da\/wp-json\/wp\/v2\/pages\/8593"}],"collection":[{"href":"https:\/\/www.kungsberget.se\/da\/wp-json\/wp\/v2\/pages"}],"about":[{"href":"https:\/\/www.kungsberget.se\/da\/wp-json\/wp\/v2\/types\/page"}],"author":[{"embeddable":true,"href":"https:\/\/www.kungsberget.se\/da\/wp-json\/wp\/v2\/users\/24"}],"replies":[{"embeddable":true,"href":"https:\/\/www.kungsberget.se\/da\/wp-json\/wp\/v2\/comments?post=8593"}],"version-history":[{"count":3,"href":"https:\/\/www.kungsberget.se\/da\/wp-json\/wp\/v2\/pages\/8593\/revisions"}],"predecessor-version":[{"id":8602,"href":"https:\/\/www.kungsberget.se\/da\/wp-json\/wp\/v2\/pages\/8593\/revisions\/8602"}],"up":[{"embeddable":true,"href":"https:\/\/www.kungsberget.se\/da\/wp-json\/wp\/v2\/pages\/4454"}],"wp:attachment":[{"href":"https:\/\/www.kungsberget.se\/da\/wp-json\/wp\/v2\/media?parent=8593"}],"curies":[{"name":"wp","href":"https:\/\/api.w.org\/{rel}","templated":true}]}}