{"id":8690,"date":"2025-06-27T11:06:54","date_gmt":"2025-06-27T09:06:54","guid":{"rendered":"https:\/\/www.kungsberget.se\/?page_id=8690"},"modified":"2025-06-27T14:15:02","modified_gmt":"2025-06-27T12:15:02","slug":"tillganglighetsredogorelse","status":"publish","type":"page","link":"https:\/\/www.kungsberget.se\/da\/tillganglighetsredogorelse\/","title":{"rendered":"Tilg\u00e6ngelighedserkl\u00e6ring for kungsberget.se"},"content":{"rendered":"<div class=\"ingress\">Bran\u00e4sgruppen AB st\u00e5r bag denne hjemmeside. Vi \u00f8nsker, at s\u00e5 mange som muligt skal kunne bruge den. Dette dokument beskriver, hvordan hjemmesiden overholder loven om tilg\u00e6ngelighed til digitale offentlige tjenester, eventuelle kendte tilg\u00e6ngelighedsproblemer, og hvordan du kan rapportere mangler til os, s\u00e5 vi kan udbedre dem.<\/div>\n<p>Hvis du har brug for hj\u00e6lp med din booking, uanset \u00e5rsag, kan du altid ringe til g\u00e6steservice p\u00e5 <a href=\"tel:054-132600\">054-13 26 00<\/a><\/p>\n<h2>Hvor tilg\u00e6ngelig er hjemmesiden?<\/h2>\n<p>Denne hjemmeside er delvist i overensstemmelse med den europ\u00e6iske tilg\u00e6ngelighedsstandard EN 301 549, loven om tilg\u00e6ngelighed af visse produkter og tjenester og WCAG 2.1 niveau AA.<\/p>\n<p>WCAG giver vejledning i at g\u00f8re hjemmesider nemmere at bruge for personer med forskellige typer handicap. Bran\u00e4sgruppen sigter mod at opn\u00e5 WCAG 2.1 niveau AA.<\/p>\n<h2>Indhold, der ikke er tilg\u00e6ngeligt<\/h2>\n<p>Indholdet beskrevet nedenfor er ikke fuldt tilg\u00e6ngeligt p\u00e5 den ene eller anden m\u00e5de.<\/p>\n<h3>Manglende overholdelse af lovkrav<\/h3>\n<p>Trods tilpasningsarbejde i 2024 og 2025 er der p\u00e5 tidspunktet for den seneste opdatering af denne rapport igangv\u00e6rende gennemgange, og der kan derfor v\u00e6re flere mangler end dem, der er rapporteret her. Vores ambition er, at alle vil kunne bruge vores hjemmeside uden mangler i 2025.<\/p>\n<p>Sidens hovedmenu mangler nemme m\u00e5der at navigere mellem de forskellige undermenuer.<\/p>\n<p>Under bookingprocessen kan du nogle gange st\u00f8de p\u00e5 pop op-vinduer, f.eks. for vores indkvarteringer. Disse er ikke fuldt tilg\u00e6ngelige.<\/p>\n<p>Nogle af vores PDF-dokumenter er ikke korrekt tagget til at fungere med sk\u00e6rml\u00e6sere, is\u00e6r dem, der udelukkende er beregnet til udskrivning (f.eks. maleb\u00f8ger).<\/p>\n<p>Vores hurtige sider (hyra.kungsberget.se og ladda.kungsberget.se) er endnu ikke blevet gennemg\u00e5et.<\/p>\n<h2>S\u00e5dan testede vi hjemmesiden<\/h2>\n<p>Vi har selv foretaget en gennemgang ved hj\u00e6lp af eksterne v\u00e6rkt\u00f8jer som Userway og Silktide. Vores systemingeni\u00f8rer har derefter implementeret justeringer.<\/p>\n<p>Manuel ekstern gennemgang er i gang p\u00e5 tidspunktet for den seneste opdatering af denne rapport.<\/p>\n<p>Den seneste vurdering og handling blev foretaget den 10-06-2025.<\/p>\n<p>Rapporten blev sidst opdateret den <strong>2025-06-27<\/strong>.<\/p>\n<h2>Rapport\u00e9r problemer med webstedets tilg\u00e6ngelighed<\/h2>\n<p>Vi str\u00e6ber konstant efter at forbedre tilg\u00e6ngeligheden af vores hjemmeside. Hvis du bem\u00e6rker problemer, der ikke er beskrevet p\u00e5 denne side, eller hvis du mener, at vi ikke overholder juridiske krav, bedes du kontakte os p\u00e5 <a href=\"https:\/\/www.kungsberget.se\/da\/gastservice\/kontakta-oss\/\">vores kontaktside<\/a> s\u00e5 vi ved, at problemet eksisterer. Du kan ogs\u00e5 sende en e-mail til <a href=\"mailto:info@kungsberget.se\">info@kungsberget.se<\/a>.<\/p>\n<p>Vores ambition er at besvare kommentarer inden for 3 hverdage.<\/p>\n<h3>Overv\u00e5gning<\/h3>\n<p>Det svenske Post- och Telestyrelsen (PTS) er ansvarlig for at f\u00f8re tilsyn med loven om tilg\u00e6ngelighed af visse produkter og tjenester. Hvis du ikke er tilfreds med, hvordan vi h\u00e5ndterer dine kommentarer, kan du kontakte det svenske Post- och Telestyrelsen og klage via <a href=\"https:\/\/pts.se\">PTS&#039; hjemmeside<\/a>.<\/p>","protected":false},"excerpt":{"rendered":"<p>Bran\u00e4sgruppen AB st\u00e5r bag denne hjemmeside. Vi \u00f8nsker, at s\u00e5 mange som muligt skal kunne bruge den. Dette dokument beskriver, hvordan hjemmesiden overholder loven om tilg\u00e6ngelighed til digitale offentlige tjenester, eventuelle kendte tilg\u00e6ngelighedsproblemer, og hvordan du kan rapportere mangler til os, s\u00e5 vi kan udbedre dem. Hvis du har brug for hj\u00e6lp med din [\u2026]<\/p>","protected":false},"author":2,"featured_media":0,"parent":0,"menu_order":0,"comment_status":"closed","ping_status":"closed","template":"","meta":{"_acf_changed":false,"footnotes":""},"class_list":["post-8690","page","type-page","status-publish","hentry"],"acf":[],"_links":{"self":[{"href":"https:\/\/www.kungsberget.se\/da\/wp-json\/wp\/v2\/pages\/8690"}],"collection":[{"href":"https:\/\/www.kungsberget.se\/da\/wp-json\/wp\/v2\/pages"}],"about":[{"href":"https:\/\/www.kungsberget.se\/da\/wp-json\/wp\/v2\/types\/page"}],"author":[{"embeddable":true,"href":"https:\/\/www.kungsberget.se\/da\/wp-json\/wp\/v2\/users\/2"}],"replies":[{"embeddable":true,"href":"https:\/\/www.kungsberget.se\/da\/wp-json\/wp\/v2\/comments?post=8690"}],"version-history":[{"count":3,"href":"https:\/\/www.kungsberget.se\/da\/wp-json\/wp\/v2\/pages\/8690\/revisions"}],"predecessor-version":[{"id":8694,"href":"https:\/\/www.kungsberget.se\/da\/wp-json\/wp\/v2\/pages\/8690\/revisions\/8694"}],"wp:attachment":[{"href":"https:\/\/www.kungsberget.se\/da\/wp-json\/wp\/v2\/media?parent=8690"}],"curies":[{"name":"wp","href":"https:\/\/api.w.org\/{rel}","templated":true}]}}