{"id":887,"date":"2018-11-15T09:59:05","date_gmt":"2018-11-15T09:59:05","guid":{"rendered":"https:\/\/www.kungsberget.se\/?page_id=887"},"modified":"2019-01-07T09:27:58","modified_gmt":"2019-01-07T08:27:58","slug":"bra-att-veta","status":"publish","type":"page","link":"https:\/\/www.kungsberget.se\/da\/bra-att-veta\/","title":{"rendered":"Godt at vide"},"content":{"rendered":"<div class=\"ingress\" style=\"text-align: center;\">F\u00e5 mest muligt ud af din skiferie ved at planl\u00e6gge fremad. P\u00e5 Kungsberget f\u00e5r du en tryg ferie med b\u00e5de pris og snegaranti. I din reservationsbekr\u00e6ftelse finder du en masse nyttig information, s\u00e5 l\u00e6s den grundigt.<\/div>\n<div>\n<h2 style=\"text-align: center;\">Pris og snegaranti<\/h2>\n<p style=\"text-align: center;\">Med vores prisgaranti og snegaranti kan du f\u00f8le dig tryg, n\u00e5r du bestiller din rejse hos os. Du skal aldrig betale for en skitur uden sne.<\/p>\n<div style=\"text-align: center;\"><a class=\"btn btn--action\" href=\"https:\/\/www.kungsberget.se\/da\/bra-att-veta\/pris-och-snogaranti\/\">PRIS OG SNEGARANTI<\/a><\/div>\n<hr \/>\n<h2 style=\"text-align: center;\">Ind- og udtjekning<\/h2>\n<p style=\"text-align: center;\">Inden rejsen kan det v\u00e6re godt at vide, hvilke tidspunkter der g\u00e6lder for check-in og hvor du henter og efterlader n\u00f8glerne.<\/p>\n<div style=\"text-align: center;\"><a class=\"btn btn--action\" href=\"https:\/\/www.kungsberget.se\/da\/bra-att-veta\/in-och-utcheckning\/\">CHECK-IN OG CHECK-OUT<\/a><\/div>\n<hr \/>\n<h2 style=\"text-align: center;\">Om og aflysning<\/h2>\n<p style=\"text-align: center;\">F\u00f8l dig tryg, n\u00e5r du bestiller. Vi tilbyder en af branchens mest gener\u00f8se ombookings- og afbestillingsbeskyttelse. Hos os f\u00e5r du dine penge tilbage, hvis du ombestemmer dig, eller hvis der sker noget uventet.<\/p>\n<div style=\"text-align: center;\"><a class=\"btn btn--action\" href=\"https:\/\/www.kungsberget.se\/da\/bra-att-veta\/om-och-avbokning\/\">GENBOOKING OG AFBESTILLING\u00a0<\/a><\/div>\n<div>\n<hr \/>\n<\/div>\n<p style=\"text-align: center;\">\n<\/div>","protected":false},"excerpt":{"rendered":"<p>F\u00e5 mest muligt ud af din skiferie ved at planl\u00e6gge fremad. P\u00e5 Kungsberget f\u00e5r du en tryg ferie med b\u00e5de pris og snegaranti. I din reservationsbekr\u00e6ftelse finder du en masse nyttig information, s\u00e5 l\u00e6s den omhyggeligt. Pris og snegaranti Med vores prisgaranti og snegaranti kan du f\u00f8le dig tryg, n\u00e5r du bestiller din rejse til [\u2026]<\/p>","protected":false},"author":2,"featured_media":0,"parent":0,"menu_order":0,"comment_status":"closed","ping_status":"closed","template":"","meta":{"_acf_changed":false,"footnotes":""},"class_list":["post-887","page","type-page","status-publish","hentry"],"acf":[],"_links":{"self":[{"href":"https:\/\/www.kungsberget.se\/da\/wp-json\/wp\/v2\/pages\/887"}],"collection":[{"href":"https:\/\/www.kungsberget.se\/da\/wp-json\/wp\/v2\/pages"}],"about":[{"href":"https:\/\/www.kungsberget.se\/da\/wp-json\/wp\/v2\/types\/page"}],"author":[{"embeddable":true,"href":"https:\/\/www.kungsberget.se\/da\/wp-json\/wp\/v2\/users\/2"}],"replies":[{"embeddable":true,"href":"https:\/\/www.kungsberget.se\/da\/wp-json\/wp\/v2\/comments?post=887"}],"version-history":[{"count":15,"href":"https:\/\/www.kungsberget.se\/da\/wp-json\/wp\/v2\/pages\/887\/revisions"}],"predecessor-version":[{"id":2059,"href":"https:\/\/www.kungsberget.se\/da\/wp-json\/wp\/v2\/pages\/887\/revisions\/2059"}],"wp:attachment":[{"href":"https:\/\/www.kungsberget.se\/da\/wp-json\/wp\/v2\/media?parent=887"}],"curies":[{"name":"wp","href":"https:\/\/api.w.org\/{rel}","templated":true}]}}